{"id":842,"date":"2017-11-13T08:44:18","date_gmt":"2017-11-13T10:44:18","guid":{"rendered":"https:\/\/www3.unicentro.br\/midiaememoriasemfronteiras\/?page_id=842"},"modified":"2017-11-13T15:05:56","modified_gmt":"2017-11-13T17:05:56","slug":"usf-na-midia","status":"publish","type":"page","link":"https:\/\/www3.unicentro.br\/midiaememoriasemfronteiras\/usf-na-midia\/","title":{"rendered":"USF na m\u00eddia"},"content":{"rendered":"<ul>\n<li><a href=\"http:\/\/redesuldenoticias.com.br\/noticias\/09_11_2017_candoi_apresenta_aula_inaugural_do_programa_bom_negocio_parana.htm\" target=\"_blank\" rel=\"noopener\">Cand\u00f3i apresenta aula inaugural do Programa Bom Neg\u00f3cio Paran\u00e1<\/a><\/li>\n<li><a href=\"https:\/\/www.correiodocidadao.com.br\/noticia\/projeto-do-usf-ensina-a-fazer-geleias-de-morango-e-fisalis\" target=\"_blank\" rel=\"noopener\">Projeto do USF ensina a fazer geleias de morango e fis\u00e1lis<\/a><\/li>\n<li><a href=\"http:\/\/www.superinformado.com.br\/colunas\/educacao\/usf-leva-brincadeiras-para-escola-em-guarapuava\/\" target=\"_blank\" rel=\"noopener\">USF leva brincadeiras para escola em Guarapuava<\/a><\/li>\n<li><a href=\"http:\/\/www.superinformado.com.br\/agronegocios\/projeto-do-usf-ensina-a-fazer-geleias-de-morango-e-fisalis\/\" target=\"_blank\" rel=\"noopener\">Projeto do USF ensina a fazer geleias de morango e fis\u00e1lis<\/a><\/li>\n<li><a href=\"https:\/\/www.correiodocidadao.com.br\/noticia\/usf-leva-brincadeiras-para-escola-em-guarapuava\" target=\"_blank\" rel=\"noopener\">USF leva brincadeiras para escola em Guarapuava<\/a><\/li>\n<li><a href=\"http:\/\/www.seti.pr.gov.br\/modules\/noticias\/article.php?storyid=5701&amp;tit=Projeto-desenvolve-recreacao-em-escola-\" target=\"_blank\" rel=\"noopener\">Projeto desenvolve recrea\u00e7\u00e3o na escola<\/a><\/li>\n<li><a href=\"http:\/\/www.seti.pr.gov.br\/modules\/noticias\/article.php?storyid=5699&amp;tit=Projeto-do-USF-ensina-a-fazer-geleias-de-morango-e-fisalis-\" target=\"_blank\" rel=\"noopener\">Projeto do USF ensina a fazer geleias de morango e fis\u00e1lis<\/a><\/li>\n<li><a href=\"http:\/\/www.seti.pr.gov.br\/modules\/noticias\/article.php?storyid=5694&amp;tit=Projeto-da-Unicentro-oferece-atividades-fisicas-para-a-terceira-idade\" target=\"_blank\" rel=\"noopener\">Projeto da Unicentro oferece atividades f\u00edsicas para a terceira idade<\/a><\/li>\n<li><a href=\"http:\/\/www.seti.pr.gov.br\/modules\/noticias\/article.php?storyid=5606&amp;tit=Projeto-do-USF-elabora-plano-de-acao-ambiental-em-Cornelio-Procopio\" target=\"_blank\" rel=\"noopener\">Projeto do USF elabora plano de a\u00e7\u00e3o ambiental em Corn\u00e9lio Proc\u00f3pio<\/a><\/li>\n<li><a href=\"https:\/\/www.correiodocidadao.com.br\/noticia\/projeto-capacita-novos-contadores-de-historias\" target=\"_blank\" rel=\"noopener\">Projeto capacita novos contadores de hist\u00f3rias<\/a><\/li>\n<li><a href=\"https:\/\/www.correiodocidadao.com.br\/noticia\/nucleos-maria-da-penha-lancam-material-sobre-assedio\" target=\"_blank\" rel=\"noopener\">N\u00facleos Maria da Penha lan\u00e7am material sobre ass\u00e9dio<\/a><\/li>\n<li><a href=\"http:\/\/redesuldenoticias.com.br\/noticias\/05_09_2017_projeto_do_usf_capacita_novos_contadores_de_historias.htm\" target=\"_blank\" rel=\"noopener\">Projeto do USF capacita novos contadores de hist\u00f3rias<\/a><\/li>\n<li><a href=\"http:\/\/www.superinformado.com.br\/colunas\/educacao\/projeto-do-usf-capacita-novos-contadores-de-historias\/\" target=\"_blank\" rel=\"noopener\">Projeto do USF capacita novos contadores de hist\u00f3rias<\/a><\/li>\n<li><a href=\"http:\/\/www.seti.pr.gov.br\/modules\/noticias\/article.php?storyid=5542&amp;tit=Projeto-da-Unicentro-auxilia-mulheres-vitimas-de-agressao\" target=\"_blank\" rel=\"noopener\">Projeto da Unicentro auxilia mulheres v\u00edtimas de agress\u00e3o<\/a><\/li>\n<li><a href=\"http:\/\/redesuldenoticias.com.br\/noticias\/22_08_2017_mulheres__a_maioria_vitimizada__cuidam_do_corpo_e_da_mente_em_tarde.htm\" target=\"_blank\" rel=\"noopener\">Mulheres, a maioria vitimizada, cuidam do corpo e da mente em tarde especial<\/a><\/li>\n<li><a href=\"https:\/\/www.correiodocidadao.com.br\/noticia\/governo-investe-r-51-milhoes-no-universidade-sem-fronteiras\" target=\"_blank\" rel=\"noopener\">Governo investe R$51 milh\u00f5es no Universidade Sem Fronteiras<\/a><\/li>\n<li><a href=\"http:\/\/www.superinformado.com.br\/destaque\/projeto-guarapuava-educadora-realiza-palestras-sobre-protagonismo-juvenil\/\" target=\"_blank\" rel=\"noopener\">Projeto Guarapuava Educadora realiza palestras sobre protagonismo juvenil<\/a><\/li>\n<li><a href=\"http:\/\/redesuldenoticias.com.br\/noticias\/14_08_2017_criancas_e_professores_ocupam_a_unicentro_para_atividades_ludicas.htm\" target=\"_blank\" rel=\"noopener\">Crian\u00e7as e professores ocupam a Unicentro para atividades l\u00fadicas<\/a><\/li>\n<li><a href=\"https:\/\/www.correiodocidadao.com.br\/noticia\/guarapuava-educadora-realiza-palestras-sobre-protagonismo-juvenil\" target=\"_blank\" rel=\"noopener\">&#8216;Guarapuava Educadora&#8217; realiza palestras sobre protagonismo juvenil<\/a><\/li>\n<li><a href=\"http:\/\/sites.unicentro.br\/cedeteg\/2017\/06\/20\/unicentro-da-inicio-as-atividades-do-projeto-guarapuava-educadora\/\" target=\"_blank\" rel=\"noopener\">Unicentro d\u00e1 in\u00edcio \u00e0s atividades do projeto &#8220;Guarapuava Educadora&#8221;<\/a><\/li>\n<li><a href=\"https:\/\/www3.unicentro.br\/noticias\/2017\/06\/13\/unicentro-da-inicio-as-atividades-do-projeto-guarapuava-educadora\/\" target=\"_blank\" rel=\"noopener\">Unicentro d\u00e1 in\u00edcio \u00e0s atividades do projeto &#8220;Guarapuava Educadora&#8221;<\/a><\/li>\n<li><a href=\"https:\/\/florescernumape.wordpress.com\/2017\/06\/12\/numape-florescer-participa-de-formacao-sobre-justica-restaurativa\/\" target=\"_blank\" rel=\"noopener\">Numape Florescer participa de forma\u00e7\u00e3o sobre Justi\u00e7a Restaurativa<\/a><\/li>\n<li><a href=\"http:\/\/sites.unicentro.br\/irati\/noticias\/campus-irati-agora-conta-com-o-nucleo-maria-da-penha\/\" target=\"_blank\" rel=\"noopener\">Campus Irati conta com o N\u00facleo Maria da Penha<\/a><\/li>\n<\/ul>\n<div class=\"col-md-12 col-xs-12 sem-margem\"><\/div>\n","protected":false},"excerpt":{"rendered":"<p>Cand\u00f3i apresenta aula inaugural do Programa Bom Neg\u00f3cio Paran\u00e1 Projeto do USF ensina a fazer geleias de morango e fis\u00e1lis USF leva brincadeiras para escola em Guarapuava Projeto do USF ensina a fazer geleias de morango e fis\u00e1lis USF leva brincadeiras para escola em Guarapuava Projeto desenvolve recrea\u00e7\u00e3o na escola Projeto do USF ensina a [&hellip;]<\/p>\n","protected":false},"author":3,"featured_media":0,"parent":0,"menu_order":0,"comment_status":"closed","ping_status":"closed","template":"","meta":{"_exactmetrics_skip_tracking":false,"_exactmetrics_sitenote_active":false,"_exactmetrics_sitenote_note":"","_exactmetrics_sitenote_category":0,"footnotes":"","_links_to":"","_links_to_target":""},"class_list":["post-842","page","type-page","status-publish","hentry"],"_links":{"self":[{"href":"https:\/\/www3.unicentro.br\/midiaememoriasemfronteiras\/wp-json\/wp\/v2\/pages\/842","targetHints":{"allow":["GET"]}}],"collection":[{"href":"https:\/\/www3.unicentro.br\/midiaememoriasemfronteiras\/wp-json\/wp\/v2\/pages"}],"about":[{"href":"https:\/\/www3.unicentro.br\/midiaememoriasemfronteiras\/wp-json\/wp\/v2\/types\/page"}],"author":[{"embeddable":true,"href":"https:\/\/www3.unicentro.br\/midiaememoriasemfronteiras\/wp-json\/wp\/v2\/users\/3"}],"replies":[{"embeddable":true,"href":"https:\/\/www3.unicentro.br\/midiaememoriasemfronteiras\/wp-json\/wp\/v2\/comments?post=842"}],"version-history":[{"count":0,"href":"https:\/\/www3.unicentro.br\/midiaememoriasemfronteiras\/wp-json\/wp\/v2\/pages\/842\/revisions"}],"wp:attachment":[{"href":"https:\/\/www3.unicentro.br\/midiaememoriasemfronteiras\/wp-json\/wp\/v2\/media?parent=842"}],"curies":[{"name":"wp","href":"https:\/\/api.w.org\/{rel}","templated":true}]}}