{"id":83,"date":"2017-06-27T23:21:13","date_gmt":"2017-06-28T02:21:13","guid":{"rendered":"https:\/\/www3.unicentro.br\/midiaememoriasemfronteiras\/?page_id=83"},"modified":"2017-08-22T21:41:43","modified_gmt":"2017-08-23T00:41:43","slug":"capacitacao-tecnologica-da-agricultura-familiar","status":"publish","type":"page","link":"https:\/\/www3.unicentro.br\/midiaememoriasemfronteiras\/universidades\/uenp\/capacitacao-tecnologica-da-agricultura-familiar\/","title":{"rendered":"Capacita\u00e7\u00e3o tecnol\u00f3gica da agricultura familiar"},"content":{"rendered":"<p>A Educa\u00e7\u00e3o Financeira se resume em saber como ganhar, gastar, poupar e investir seu dinheiro buscando melhorar sua qualidade de vida. Atualmente a facilidade de cr\u00e9dito aliada ao despreparada popula\u00e7\u00e3o com rela\u00e7\u00e3o a <em>Finan\u00e7as<\/em> tem elevado os n\u00edveis de endividamento afetando significativamente suas vidas, \u00e9 necess\u00e1ria uma interven\u00e7\u00e3o junto a popula\u00e7\u00e3o, pois al\u00e9m dos gastos com necessidades b\u00e1sicas e necess\u00e1rias somos providos de desejos e impulsos midi\u00e1ticos que quando colocados diante da capacidade de pagamento podem representar um colapso nas finan\u00e7as pessoais e familiar. Despertar a consci\u00eancia de que \u00e9 poss\u00edvel poupar para um investimento verdadeiramente rent\u00e1vel sem causar uma crise nas finan\u00e7as pessoais \u00e9 poss\u00edvel, a solu\u00e7\u00e3o \u00e9 elaborar um planejamento a curto, m\u00e9dio e longo prazo e gastar de forma equilibrada de acordo com o perfil financeiro. O projeto consiste em um conjunto de a\u00e7\u00f5es com a finalidade de conscientizar e assessorar os cidad\u00e3os atendidos no que diz respeito as suas pr\u00e1ticas de finan\u00e7as pessoais ou familiar. Compreende as seguintes etapas de trabalho, a identifica\u00e7\u00e3o, convite e cadastramento de pessoais f\u00edsicas interessadas, a conscientiza\u00e7\u00e3o acerca Finan\u00e7as Pessoais atrav\u00e9s de palestras e minicursos, a assessoria para realiza\u00e7\u00e3o de diagn\u00f3stico de situa\u00e7\u00e3o financeira atual, a elabora\u00e7\u00e3o participativa de uma proposta de interven\u00e7\u00e3o junto aos cidad\u00e3os, e, por fim, a execu\u00e7\u00e3o da proposta definida, mediante assessoria e capacita\u00e7\u00e3o do p\u00fablico-alvo.<\/p>\n<p><strong>Equipe:<\/strong><\/p>\n<p>Carlos Cesar Garcia Freitas (coordenador);<br \/>\nMichele Rodrigues Sanches;<br \/>\nKauani Oliveira Gracional de Moraes;<br \/>\nMatheus Liran\u00e7a Landgraf;<\/p>\n","protected":false},"excerpt":{"rendered":"<p>A Educa\u00e7\u00e3o Financeira se resume em saber como ganhar, gastar, poupar e investir seu dinheiro buscando melhorar sua qualidade de vida. Atualmente a facilidade de cr\u00e9dito aliada ao despreparada popula\u00e7\u00e3o com rela\u00e7\u00e3o a Finan\u00e7as tem elevado os n\u00edveis de endividamento afetando significativamente suas vidas, \u00e9 necess\u00e1ria uma interven\u00e7\u00e3o junto a popula\u00e7\u00e3o, pois al\u00e9m dos gastos [&hellip;]<\/p>\n","protected":false},"author":28,"featured_media":0,"parent":81,"menu_order":1,"comment_status":"closed","ping_status":"closed","template":"","meta":{"_exactmetrics_skip_tracking":false,"_exactmetrics_sitenote_active":false,"_exactmetrics_sitenote_note":"","_exactmetrics_sitenote_category":0,"footnotes":"","_links_to":"","_links_to_target":""},"class_list":["post-83","page","type-page","status-publish","hentry"],"_links":{"self":[{"href":"https:\/\/www3.unicentro.br\/midiaememoriasemfronteiras\/wp-json\/wp\/v2\/pages\/83","targetHints":{"allow":["GET"]}}],"collection":[{"href":"https:\/\/www3.unicentro.br\/midiaememoriasemfronteiras\/wp-json\/wp\/v2\/pages"}],"about":[{"href":"https:\/\/www3.unicentro.br\/midiaememoriasemfronteiras\/wp-json\/wp\/v2\/types\/page"}],"author":[{"embeddable":true,"href":"https:\/\/www3.unicentro.br\/midiaememoriasemfronteiras\/wp-json\/wp\/v2\/users\/28"}],"replies":[{"embeddable":true,"href":"https:\/\/www3.unicentro.br\/midiaememoriasemfronteiras\/wp-json\/wp\/v2\/comments?post=83"}],"version-history":[{"count":0,"href":"https:\/\/www3.unicentro.br\/midiaememoriasemfronteiras\/wp-json\/wp\/v2\/pages\/83\/revisions"}],"up":[{"embeddable":true,"href":"https:\/\/www3.unicentro.br\/midiaememoriasemfronteiras\/wp-json\/wp\/v2\/pages\/81"}],"wp:attachment":[{"href":"https:\/\/www3.unicentro.br\/midiaememoriasemfronteiras\/wp-json\/wp\/v2\/media?parent=83"}],"curies":[{"name":"wp","href":"https:\/\/api.w.org\/{rel}","templated":true}]}}