{"id":81,"date":"2017-06-27T23:14:59","date_gmt":"2017-06-28T02:14:59","guid":{"rendered":"https:\/\/www3.unicentro.br\/midiaememoriasemfronteiras\/?page_id=81"},"modified":"2017-08-30T16:38:35","modified_gmt":"2017-08-30T19:38:35","slug":"uenp","status":"publish","type":"page","link":"https:\/\/www3.unicentro.br\/midiaememoriasemfronteiras\/universidades\/uenp\/","title":{"rendered":"UENP &#8211; Projetos em andamento"},"content":{"rendered":"<ul>\n<li><strong><a href=\"https:\/\/www3.unicentro.br\/midiaememoriasemfronteiras\/universidades\/uenp\/capacitacao-e-certificacao-da-producao-artesanal-de-queijos-de-agricultores-familiares\/\" target=\"_blank\" rel=\"noopener\">Capacita\u00e7\u00e3o e certifica\u00e7\u00e3o da produ\u00e7\u00e3o artesanal de queijos de agricultores familiares<\/a><\/strong><\/li>\n<li><strong><a href=\"https:\/\/www3.unicentro.br\/midiaememoriasemfronteiras\/universidades\/uenp\/capacitacao-tecnologica-da-agricultura-familiar\/\" target=\"_blank\" rel=\"noopener\">Capacita\u00e7\u00e3o tecnol\u00f3gica da agricultura familiar<\/a><\/strong><\/li>\n<li><strong><a href=\"https:\/\/www3.unicentro.br\/midiaememoriasemfronteiras\/universidades\/uenp\/colabora-incubadora-de-empreendimentos-de-economia-solidaria\/\" target=\"_blank\" rel=\"noopener\">Colabora Incubadora de empreendimentos de economia solid\u00e1ria<\/a><\/strong><\/li>\n<li><strong><a href=\"https:\/\/www3.unicentro.br\/midiaememoriasemfronteiras\/universidades\/uenp\/laboratorio-de-atendimento-psicopedagogico-para-criancas\/\" target=\"_blank\" rel=\"noopener\">Laborat\u00f3rio de atendimento psicopedag\u00f3gico para crian\u00e7as<\/a><\/strong><\/li>\n<li><strong><a href=\"https:\/\/www3.unicentro.br\/midiaememoriasemfronteiras\/universidades\/uenp\/meio-ambiente-e-educacao-sensibilizacao-conscientizacao-e-mobilizacao\/\" target=\"_blank\" rel=\"noopener\">Meio ambiente e educa\u00e7\u00e3o: sensibiliza\u00e7\u00e3o, conscientiza\u00e7\u00e3o e mobiliza\u00e7\u00e3o<\/a><\/strong><\/li>\n<li><strong><a href=\"https:\/\/www3.unicentro.br\/midiaememoriasemfronteiras\/universidades\/uenp\/nucleo-de-equoterapia\/\" target=\"_blank\" rel=\"noopener\">N\u00facleo de equoterapia<br \/>\n<\/a><\/strong><\/li>\n<li><strong><a href=\"https:\/\/www3.unicentro.br\/midiaememoriasemfronteiras\/universidades\/uenp\/nao-apague-minha-memoria\/\" target=\"_blank\" rel=\"noopener\">N\u00e3o apague minha mem\u00f3ria<br \/>\n<\/a><\/strong><\/li>\n<li><strong><a href=\"https:\/\/www3.unicentro.br\/midiaememoriasemfronteiras\/universidades\/uenp\/salao-de-artes-plasticas-de-jacarezinho-dialogos-entre-memoria-arte-preservacao-e-ensino\/\" target=\"_blank\" rel=\"noopener\">Sal\u00e3o de artes pl\u00e1sticas de Jacarezinho: di\u00e1logos entre mem\u00f3ria, arte, preserva\u00e7\u00e3o e ensino<\/a><\/strong><\/li>\n<li><a href=\"https:\/\/www3.unicentro.br\/midiaememoriasemfronteiras\/universidades\/uenp\/utilizacao-de-subprodutos-de-tanques-escavados-como-forma-de-agregar-renda-ao-pequeno-produtor\/\" target=\"_blank\" rel=\"noopener\"><strong>Utiliza\u00e7\u00e3o de subprodutos de tanques escavados como forma de agregar renda ao pequeno produtor<br \/>\n<\/strong><\/a><br \/>\n<strong><br \/>\n<\/strong><\/li>\n<\/ul>\n<p>&nbsp;<\/p>\n<p>&nbsp;<\/p>\n<p>&nbsp;<\/p>\n","protected":false},"excerpt":{"rendered":"<p>Capacita\u00e7\u00e3o e certifica\u00e7\u00e3o da produ\u00e7\u00e3o artesanal de queijos de agricultores familiares Capacita\u00e7\u00e3o tecnol\u00f3gica da agricultura familiar Colabora Incubadora de empreendimentos de economia solid\u00e1ria Laborat\u00f3rio de atendimento psicopedag\u00f3gico para crian\u00e7as Meio ambiente e educa\u00e7\u00e3o: sensibiliza\u00e7\u00e3o, conscientiza\u00e7\u00e3o e mobiliza\u00e7\u00e3o N\u00facleo de equoterapia N\u00e3o apague minha mem\u00f3ria Sal\u00e3o de artes pl\u00e1sticas de Jacarezinho: di\u00e1logos entre mem\u00f3ria, arte, preserva\u00e7\u00e3o [&hellip;]<\/p>\n","protected":false},"author":28,"featured_media":0,"parent":17,"menu_order":2,"comment_status":"closed","ping_status":"closed","template":"","meta":{"_exactmetrics_skip_tracking":false,"_exactmetrics_sitenote_active":false,"_exactmetrics_sitenote_note":"","_exactmetrics_sitenote_category":0,"footnotes":"","_links_to":"","_links_to_target":""},"class_list":["post-81","page","type-page","status-publish","hentry"],"_links":{"self":[{"href":"https:\/\/www3.unicentro.br\/midiaememoriasemfronteiras\/wp-json\/wp\/v2\/pages\/81","targetHints":{"allow":["GET"]}}],"collection":[{"href":"https:\/\/www3.unicentro.br\/midiaememoriasemfronteiras\/wp-json\/wp\/v2\/pages"}],"about":[{"href":"https:\/\/www3.unicentro.br\/midiaememoriasemfronteiras\/wp-json\/wp\/v2\/types\/page"}],"author":[{"embeddable":true,"href":"https:\/\/www3.unicentro.br\/midiaememoriasemfronteiras\/wp-json\/wp\/v2\/users\/28"}],"replies":[{"embeddable":true,"href":"https:\/\/www3.unicentro.br\/midiaememoriasemfronteiras\/wp-json\/wp\/v2\/comments?post=81"}],"version-history":[{"count":0,"href":"https:\/\/www3.unicentro.br\/midiaememoriasemfronteiras\/wp-json\/wp\/v2\/pages\/81\/revisions"}],"up":[{"embeddable":true,"href":"https:\/\/www3.unicentro.br\/midiaememoriasemfronteiras\/wp-json\/wp\/v2\/pages\/17"}],"wp:attachment":[{"href":"https:\/\/www3.unicentro.br\/midiaememoriasemfronteiras\/wp-json\/wp\/v2\/media?parent=81"}],"curies":[{"name":"wp","href":"https:\/\/api.w.org\/{rel}","templated":true}]}}