{"id":77,"date":"2017-06-27T22:42:39","date_gmt":"2017-06-28T01:42:39","guid":{"rendered":"https:\/\/www3.unicentro.br\/midiaememoriasemfronteiras\/?page_id=77"},"modified":"2017-08-22T21:35:11","modified_gmt":"2017-08-23T00:35:11","slug":"producao-de-hortalicas-organicas-com-certificacao","status":"publish","type":"page","link":"https:\/\/www3.unicentro.br\/midiaememoriasemfronteiras\/universidades\/unicentro\/producao-de-hortalicas-organicas-com-certificacao\/","title":{"rendered":"Produ\u00e7\u00e3o de hortali\u00e7as org\u00e2nicas com certifica\u00e7\u00e3o"},"content":{"rendered":"<p>O projeto ter\u00e1 dura\u00e7\u00e3o de um ano no per\u00edodo entre 01\/04\/17 e 30\/03\/2018. A \u00e1rea abrangida est\u00e1 localizada no distrito do Guar\u00e1 em Guarapuava-PR e comp\u00f5e parte da APA \u2013 Serra da Esperan\u00e7a, o projeto engloba territ\u00f3rio remanescente de um extinto sistema agroecol\u00f3gico de faxinais. Atualmente a \u00e1rea de abrang\u00eancia\/p\u00fablico-alvo \u00e9 composta por aproximadamente 70 fam\u00edlias vivendo em pequenas propriedades, sendo em torno de 40 destas j\u00e1 legalmente regularizadas e 30 em \u00e1rea ocupada \u00e1 mais de 12 anos ainda n\u00e3o regularizadas como assentamento. Nesta \u00e1rea a atividade gira em torno da agricultura de subsist\u00eancia, no qual as fam\u00edlias enfrentam dificuldades s\u00f3cio-econ\u00f4micas muito expressivas, sendo programas governamentais a principal fonte de renda da grande maioria. Os objetivos do projeto s\u00e3o d e estabelecer um programa de sustentabilidade da vida no campo com produ\u00e7\u00e3o org\u00e2nica de hortali\u00e7as para consumo familiar (autoconsumo) e comercializa\u00e7\u00e3o de excedentes, com preserva\u00e7\u00e3o e uso adequado da \u00e1gua da propriedade. Os objetivos envolvem tamb\u00e9m aspectos de a melhoria da qualidade da \u00e1gua para consumo humano, armazenamento para uso cont\u00ednuo em momentos de reduzida disponibilidade e aplica\u00e7\u00f5es na \u00e1rea de produ\u00e7\u00e3o de hortali\u00e7as, al\u00e9m do descarte adequado dos res\u00edduos inorg\u00e2nicos produzidos na propriedade. A metodologia a ser utilizada neste projeto ser\u00e1 de cunho te\u00f3rico e pr\u00e1tico, desta forma ser\u00e3o realizadas reuni\u00f5es, treinamentos, mini-cursos, palestras, dentre outras atividades que visam contribuir para a forma\u00e7\u00e3o dos pequenos agricultores com vista \u00e0 produ\u00e7\u00e3o org\u00e2nica, disponibilidade de \u00e1gua adequada para consumo e descarte consciente dos res\u00edduos s\u00f3lidos produzidos na propriedade. Com rela\u00e7\u00e3o \u00e0s atividades pr\u00e1ticas, ser\u00e3o definidas unidades de produ\u00e7\u00e3o de hortali\u00e7as org\u00e2nicas, no qual a equipe t\u00e9cnica do projeto, auxiliar\u00e1 no processo de estabelecimento das hortas org\u00e2nicas nas propriedades assistidas, com o intuito de posteriormente obter a certifica\u00e7\u00e3o org\u00e2nica participativa com o apoio do Programa Paranaense de Certifica\u00e7\u00e3o de Produtos Org\u00e2nicos. Dentre os resultados esperados est\u00e1 o impacto positivo na comunidade atendida e produ\u00e7\u00e3o de artigo extensionista a ser publicado.<\/p>\n<p><strong>Equipe:<\/strong><\/p>\n<p>Sidnei Osmar Jadoski (coordenador);<br \/>\nAdenilson dos S. Lima;<br \/>\nFrancieli Calgaro;<br \/>\nD\u00e9bora Anzolin Valginhak;<br \/>\nMylena Clara Horst dos Santos;<\/p>\n","protected":false},"excerpt":{"rendered":"<p>O projeto ter\u00e1 dura\u00e7\u00e3o de um ano no per\u00edodo entre 01\/04\/17 e 30\/03\/2018. A \u00e1rea abrangida est\u00e1 localizada no distrito do Guar\u00e1 em Guarapuava-PR e comp\u00f5e parte da APA \u2013 Serra da Esperan\u00e7a, o projeto engloba territ\u00f3rio remanescente de um extinto sistema agroecol\u00f3gico de faxinais. Atualmente a \u00e1rea de abrang\u00eancia\/p\u00fablico-alvo \u00e9 composta por aproximadamente 70 [&hellip;]<\/p>\n","protected":false},"author":28,"featured_media":0,"parent":27,"menu_order":11,"comment_status":"closed","ping_status":"closed","template":"","meta":{"_exactmetrics_skip_tracking":false,"_exactmetrics_sitenote_active":false,"_exactmetrics_sitenote_note":"","_exactmetrics_sitenote_category":0,"footnotes":"","_links_to":"","_links_to_target":""},"class_list":["post-77","page","type-page","status-publish","hentry"],"_links":{"self":[{"href":"https:\/\/www3.unicentro.br\/midiaememoriasemfronteiras\/wp-json\/wp\/v2\/pages\/77","targetHints":{"allow":["GET"]}}],"collection":[{"href":"https:\/\/www3.unicentro.br\/midiaememoriasemfronteiras\/wp-json\/wp\/v2\/pages"}],"about":[{"href":"https:\/\/www3.unicentro.br\/midiaememoriasemfronteiras\/wp-json\/wp\/v2\/types\/page"}],"author":[{"embeddable":true,"href":"https:\/\/www3.unicentro.br\/midiaememoriasemfronteiras\/wp-json\/wp\/v2\/users\/28"}],"replies":[{"embeddable":true,"href":"https:\/\/www3.unicentro.br\/midiaememoriasemfronteiras\/wp-json\/wp\/v2\/comments?post=77"}],"version-history":[{"count":0,"href":"https:\/\/www3.unicentro.br\/midiaememoriasemfronteiras\/wp-json\/wp\/v2\/pages\/77\/revisions"}],"up":[{"embeddable":true,"href":"https:\/\/www3.unicentro.br\/midiaememoriasemfronteiras\/wp-json\/wp\/v2\/pages\/27"}],"wp:attachment":[{"href":"https:\/\/www3.unicentro.br\/midiaememoriasemfronteiras\/wp-json\/wp\/v2\/media?parent=77"}],"curies":[{"name":"wp","href":"https:\/\/api.w.org\/{rel}","templated":true}]}}