{"id":74,"date":"2017-06-27T22:39:23","date_gmt":"2017-06-28T01:39:23","guid":{"rendered":"https:\/\/www3.unicentro.br\/midiaememoriasemfronteiras\/?page_id=74"},"modified":"2017-08-22T21:35:02","modified_gmt":"2017-08-23T00:35:02","slug":"orientacao-e-capacitacao-do-jovem-prudentopolitano","status":"publish","type":"page","link":"https:\/\/www3.unicentro.br\/midiaememoriasemfronteiras\/universidades\/unicentro\/orientacao-e-capacitacao-do-jovem-prudentopolitano\/","title":{"rendered":"Orienta\u00e7\u00e3o e capacita\u00e7\u00e3o do jovem prudentopolitano"},"content":{"rendered":"<p>Entre os meses de setembro de 2015 e agosto de 2016, foi desenvolvido o projeto de extens\u00e3o, \u201cRoteiro Tur\u00edstico no Meio Rural: Uma Alternativa N\u00e3o Agr\u00edcola para Complementa\u00e7\u00e3o de Renda das Pequenas Propriedades do Munic\u00edpio de Prudent\u00f3polis\u201d, aprovado no Programa Universidade Sem Fronteiras, via Edital 07\/2014. Este projeto envolveu 11 propriedades rurais do interior do munic\u00edpio de Prudent\u00f3polis e teve como objetivo elaborar um roteiro tur\u00edstico com conota\u00e7\u00e3o rural para o munic\u00edpio, utilizando-se dos recursos naturais e culturais presentes nos Faxinais e entorno. Como resultado dessa a\u00e7\u00e3o, al\u00e9m da orienta\u00e7\u00e3o dos produtores rurais quanto aos aspectos ambientais, tur\u00edsticos, manipula\u00e7\u00e3o e processamento de alimentos e de controle financeiro, foram desenvolvidos alguns produtos facilitadores \u00e0 atividade tur\u00edstica. De posse destes resultados e efetiva utiliza\u00e7\u00e3o dos mesmos, evidencia-se a necessidade de futuros ajustes e atualiza\u00e7\u00f5es destes materiais. Assim, pretende-se com a presente proposta realizar a capacita\u00e7\u00e3o e orienta\u00e7\u00e3o de jovens ligados ao turismo (filhos de feirantes, herdeiros de propriedades) para a manuten\u00e7\u00e3o desses produtos (folder e site), a qual se efetivar\u00e1 por meio de treinamento segmentado em m\u00f3dulos. Paralelamente, realizar-se-\u00e1 atividades com alunos do ensino m\u00e9dio, a fim de identificar seu olhar e conhecimento sobre o munic\u00edpio, seus atrativos e equipamentos tur\u00edsticos, buscando despertar o Jovem Prudentopolitano para a atividade tur\u00edstica. Estas a\u00e7\u00f5es fomentar\u00e3o di\u00e1logos e trocas de informa\u00e7\u00e3o entre os alunos, que auxiliar\u00e3o na orienta\u00e7\u00e3o tur\u00edstica, pr\u00e1ticas voltadas \u00e0 educa\u00e7\u00e3o ambiental e patrimonial, desenvolvimento do senso de equipe, uni\u00e3o e orgulho local. Entende-se que esta proposta, al\u00e9m de contribuir para o fortalecimento\u00a0da atividade tur\u00edstica no munic\u00edpio, contribuir\u00e1 para orienta\u00e7\u00e3o do jovem, podendo assim, refletir em sua forma\u00e7\u00e3o e em futuras oportunidades.<\/p>\n<p><strong>Equipe:<br \/>\n<\/strong><br \/>\nRonaldo Ferreira Maganhotto (coordenador);<br \/>\nLeandro Baptista;<br \/>\nElieti F\u00e1tima de Goveia;<br \/>\nClaudio Shigueki Suzuki;<br \/>\nVanessa Alberton;<br \/>\nLislane Tais Rogal;<br \/>\nRid\u00e9k Tavares;<br \/>\nJo\u00e3o Marcos do Amaral;<\/p>\n","protected":false},"excerpt":{"rendered":"<p>Entre os meses de setembro de 2015 e agosto de 2016, foi desenvolvido o projeto de extens\u00e3o, \u201cRoteiro Tur\u00edstico no Meio Rural: Uma Alternativa N\u00e3o Agr\u00edcola para Complementa\u00e7\u00e3o de Renda das Pequenas Propriedades do Munic\u00edpio de Prudent\u00f3polis\u201d, aprovado no Programa Universidade Sem Fronteiras, via Edital 07\/2014. Este projeto envolveu 11 propriedades rurais do interior do [&hellip;]<\/p>\n","protected":false},"author":28,"featured_media":0,"parent":27,"menu_order":10,"comment_status":"closed","ping_status":"closed","template":"","meta":{"_exactmetrics_skip_tracking":false,"_exactmetrics_sitenote_active":false,"_exactmetrics_sitenote_note":"","_exactmetrics_sitenote_category":0,"footnotes":"","_links_to":"","_links_to_target":""},"class_list":["post-74","page","type-page","status-publish","hentry"],"_links":{"self":[{"href":"https:\/\/www3.unicentro.br\/midiaememoriasemfronteiras\/wp-json\/wp\/v2\/pages\/74","targetHints":{"allow":["GET"]}}],"collection":[{"href":"https:\/\/www3.unicentro.br\/midiaememoriasemfronteiras\/wp-json\/wp\/v2\/pages"}],"about":[{"href":"https:\/\/www3.unicentro.br\/midiaememoriasemfronteiras\/wp-json\/wp\/v2\/types\/page"}],"author":[{"embeddable":true,"href":"https:\/\/www3.unicentro.br\/midiaememoriasemfronteiras\/wp-json\/wp\/v2\/users\/28"}],"replies":[{"embeddable":true,"href":"https:\/\/www3.unicentro.br\/midiaememoriasemfronteiras\/wp-json\/wp\/v2\/comments?post=74"}],"version-history":[{"count":0,"href":"https:\/\/www3.unicentro.br\/midiaememoriasemfronteiras\/wp-json\/wp\/v2\/pages\/74\/revisions"}],"up":[{"embeddable":true,"href":"https:\/\/www3.unicentro.br\/midiaememoriasemfronteiras\/wp-json\/wp\/v2\/pages\/27"}],"wp:attachment":[{"href":"https:\/\/www3.unicentro.br\/midiaememoriasemfronteiras\/wp-json\/wp\/v2\/media?parent=74"}],"curies":[{"name":"wp","href":"https:\/\/api.w.org\/{rel}","templated":true}]}}