{"id":72,"date":"2017-06-27T22:30:08","date_gmt":"2017-06-28T01:30:08","guid":{"rendered":"https:\/\/www3.unicentro.br\/midiaememoriasemfronteiras\/?page_id=72"},"modified":"2017-08-22T21:21:44","modified_gmt":"2017-08-23T00:21:44","slug":"guarapuava-educadora-juventude-educando-se-nacom-a-cidade","status":"publish","type":"page","link":"https:\/\/www3.unicentro.br\/midiaememoriasemfronteiras\/universidades\/unicentro\/guarapuava-educadora-juventude-educando-se-nacom-a-cidade\/","title":{"rendered":"Guarapuava educadora: juventude educando-se na\/com a cidade"},"content":{"rendered":"<p>O presente projeto tem como objetivo contribuir para a apropria\u00e7\u00e3o pelos jovens dos espa\u00e7os de cultura, lazer e educa\u00e7\u00e3o na cidade de Guarapuava-PR. A proposta est\u00e1 consubstanciada na perspectiva da cidade educadora e na compreens\u00e3o da import\u00e2ncia do direito da juventude do acesso \u00e0 cultura como forma\u00e7\u00e3o humana.\u00a0A proposta consiste em articular forma\u00e7\u00e3o inicial e continuada de professores com forma\u00e7\u00e3o dos jovens destas escolas por meio da viv\u00eancia dos espa\u00e7os educativos da cidade em v\u00e1rias frentes que se integram:<br \/>\nGrupos de trabalho entre equipe da Universidade e da Escola sobre o tema: cidade educadora, cidadania, cultura e juventude; Oficinas de cartografia social com os jovens para identificar como eles se apropriam da cidade, suas perspectivas e dificuldades; Mapeamento, em articula\u00e7\u00e3o com as Secretarias de Cultura e Meio Ambiente, dos espa\u00e7os educativos na cidade; Confronto da cartografia social elaborada pelos jovens com o mapeamento do poder p\u00fablico; A\u00e7\u00f5es culturais, educativas e recreativas, a partir do diagn\u00f3stico realizado, destinadas aos jovens, aos professores e suas fam\u00edlias, privilegiando a abordagem da cultura, lazer e meio ambiente. Finalmente, ser\u00e3o elaborados coletivamente roteiros educativos com base na pesquisa e nas a\u00e7\u00f5es realizadas no projeto, os quais caracterizar\u00e3o em que medida Guarapuava se constitui como Cidade Educadora, com o fim de subsidiar pol\u00edticas p\u00fablicas municipais e estaduais. Todas as a\u00e7\u00f5es priorizar\u00e3o o di\u00e1logo e a articula\u00e7\u00e3o entre os envolvidos: equipe da escola e da universidade. Quanto aos conceitos, metodologias e resultados alcan\u00e7ados durante o processo de implementa\u00e7\u00e3o do projeto, espera-se que o conhecimento dos professores e jovens da universidade e da escola possa contribuir com pr\u00e1ticas contextualizadas, de modo a compreender o papel do educador e dos estudantes como agentes construtores e reconstrutores das comunidades em que atuam, criando ou utilizando estrat\u00e9gias pedag\u00f3gicas adequadas a sua realidade local. Al\u00e9m disso, o projeto visa a contribuir e subsidiar politicas urbanas que visem \u00e0 melhoria da condi\u00e7\u00e3o social dos jovens na cidade.<\/p>\n<p><strong>Equipe:<\/strong><\/p>\n<p>Marquiana de Freitas Vilas Boas Gomes (coordenadora);<br \/>\nCec\u00edlia Hauresko;<br \/>\nLuiz Gilberto Bertotti;<br \/>\nClaudiane da Costa;<br \/>\nPaula Mary\u00e1 Fernandes;<br \/>\nMarcos Maciel Schneider;<\/p>\n<p><a href=\"https:\/\/www.facebook.com\/profile.php?id=100018088052930\" target=\"_blank\" rel=\"noopener\"><img loading=\"lazy\" decoding=\"async\" class=\"alignleft wp-image-351 size-thumbnail\" src=\"https:\/\/www3.unicentro.br\/midiaememoriasemfronteiras\/wp-content\/uploads\/sites\/19\/2017\/06\/botao3-150x150.png\" alt=\"\" width=\"150\" height=\"150\" srcset=\"https:\/\/www3.unicentro.br\/midiaememoriasemfronteiras\/wp-content\/uploads\/sites\/19\/2017\/06\/botao3-150x150.png 150w, https:\/\/www3.unicentro.br\/midiaememoriasemfronteiras\/wp-content\/uploads\/sites\/19\/2017\/06\/botao3-50x50.png 50w, https:\/\/www3.unicentro.br\/midiaememoriasemfronteiras\/wp-content\/uploads\/sites\/19\/2017\/06\/botao3-80x80.png 80w, https:\/\/www3.unicentro.br\/midiaememoriasemfronteiras\/wp-content\/uploads\/sites\/19\/2017\/06\/botao3-263x263.png 263w, https:\/\/www3.unicentro.br\/midiaememoriasemfronteiras\/wp-content\/uploads\/sites\/19\/2017\/06\/botao3-100x100.png 100w, https:\/\/www3.unicentro.br\/midiaememoriasemfronteiras\/wp-content\/uploads\/sites\/19\/2017\/06\/botao3-526x526.png 526w\" sizes=\"auto, (max-width: 150px) 100vw, 150px\" \/><\/a><\/p>\n","protected":false},"excerpt":{"rendered":"<p>O presente projeto tem como objetivo contribuir para a apropria\u00e7\u00e3o pelos jovens dos espa\u00e7os de cultura, lazer e educa\u00e7\u00e3o na cidade de Guarapuava-PR. A proposta est\u00e1 consubstanciada na perspectiva da cidade educadora e na compreens\u00e3o da import\u00e2ncia do direito da juventude do acesso \u00e0 cultura como forma\u00e7\u00e3o humana.\u00a0A proposta consiste em articular forma\u00e7\u00e3o inicial e [&hellip;]<\/p>\n","protected":false},"author":28,"featured_media":0,"parent":27,"menu_order":9,"comment_status":"closed","ping_status":"closed","template":"","meta":{"_exactmetrics_skip_tracking":false,"_exactmetrics_sitenote_active":false,"_exactmetrics_sitenote_note":"","_exactmetrics_sitenote_category":0,"footnotes":"","_links_to":"","_links_to_target":""},"class_list":["post-72","page","type-page","status-publish","hentry"],"_links":{"self":[{"href":"https:\/\/www3.unicentro.br\/midiaememoriasemfronteiras\/wp-json\/wp\/v2\/pages\/72","targetHints":{"allow":["GET"]}}],"collection":[{"href":"https:\/\/www3.unicentro.br\/midiaememoriasemfronteiras\/wp-json\/wp\/v2\/pages"}],"about":[{"href":"https:\/\/www3.unicentro.br\/midiaememoriasemfronteiras\/wp-json\/wp\/v2\/types\/page"}],"author":[{"embeddable":true,"href":"https:\/\/www3.unicentro.br\/midiaememoriasemfronteiras\/wp-json\/wp\/v2\/users\/28"}],"replies":[{"embeddable":true,"href":"https:\/\/www3.unicentro.br\/midiaememoriasemfronteiras\/wp-json\/wp\/v2\/comments?post=72"}],"version-history":[{"count":0,"href":"https:\/\/www3.unicentro.br\/midiaememoriasemfronteiras\/wp-json\/wp\/v2\/pages\/72\/revisions"}],"up":[{"embeddable":true,"href":"https:\/\/www3.unicentro.br\/midiaememoriasemfronteiras\/wp-json\/wp\/v2\/pages\/27"}],"wp:attachment":[{"href":"https:\/\/www3.unicentro.br\/midiaememoriasemfronteiras\/wp-json\/wp\/v2\/media?parent=72"}],"curies":[{"name":"wp","href":"https:\/\/api.w.org\/{rel}","templated":true}]}}