{"id":70,"date":"2017-06-27T22:21:59","date_gmt":"2017-06-28T01:21:59","guid":{"rendered":"https:\/\/www3.unicentro.br\/midiaememoriasemfronteiras\/?page_id=70"},"modified":"2017-08-22T21:32:56","modified_gmt":"2017-08-23T00:32:56","slug":"centro-de-prescricao-e-orientacao-de-atividades-fisicas-para-populacoes-especiais","status":"publish","type":"page","link":"https:\/\/www3.unicentro.br\/midiaememoriasemfronteiras\/universidades\/unicentro\/centro-de-prescricao-e-orientacao-de-atividades-fisicas-para-populacoes-especiais\/","title":{"rendered":"Centro de prescri\u00e7\u00e3o e orienta\u00e7\u00e3o de atividades f\u00edsicas para popula\u00e7\u00f5es especiais"},"content":{"rendered":"<p>O objetivo do projeto \u00e9 avaliar, prescrever e orientar atividades f\u00edsicas (AF) a pacientes est\u00e1veis, por\u00e9m, portadores de desordens metab\u00f3licas como, hiperlipidemia, intoler\u00e2ncia \u00e0 glicose, resist\u00eancia \u00e0 insulina, diabetes mellitus, hipertens\u00e3o e obesidade, dist\u00farbios pulmonares (asma, bronquite, enfisema) e desordens m\u00fasculo \u00f3sseo articular (osteoporose, osteoartrite), encaminhados por equipe multiprofissional em sa\u00fade. As AF s\u00e3o realizadas na Cl\u00ednica e Academia Escola de Educa\u00e7\u00e3o F\u00edsica (CAEEF), espa\u00e7os esportivos e de lazer do campus CEDETEG e tem como entidades parceiras a Secretaria de Sa\u00fade de Guarapuava e as Cl\u00ednicas de Fisioterapia e de Nutri\u00e7\u00e3o da UNICENTRO. A orienta\u00e7\u00e3o e acompanhamento dos exerc\u00edcios ser\u00e1 realizada por profissional, acad\u00eamicos e docentes do departamento de Educa\u00e7\u00e3o F\u00edsica de Guarapuava duas vezes por semana (2\u00aa a 5\u00aa) com uma hora de dura\u00e7\u00e3o. As sess\u00f5es constituem de exerc\u00edcios cont\u00ednuos, neuromotores, funcionais e pilates, com a finalidade de dar continuidade ao processo de recupera\u00e7\u00e3o, reabilita\u00e7\u00e3o e condicionamento f\u00edsico do paciente de acordo com sua necessidade espec\u00edfica. Al\u00e9m disso, o projeto tamb\u00e9m visa \u00e0 qualifica\u00e7\u00e3o pr\u00e1tica do profissional de Educa\u00e7\u00e3o F\u00edsica para atuar neste segmento, oferecendo vagas de est\u00e1gio curricular obrigat\u00f3rio, de inicia\u00e7\u00e3o cient\u00edfica e de extens\u00e3o universit\u00e1ria. Para tanto, este profissional poderia agregar um conhecimento que o habilitaria a dar continuidade \u00e0 recupera\u00e7\u00e3o destes pacientes est\u00e1veis como forma de condicionamento f\u00edsico espec\u00edfico e geral. Como resultados, espera-se redu\u00e7\u00e3o nos retornos dos pacientes a tratamentos pelos quais foi encaminhado bem como melhoria na sua qualidade de vida.<\/p>\n<p><strong>Equipe:<\/strong><\/p>\n<p>Marcos Roberto Queiroga (coordenador);<br \/>\nSandra Aires Ferreira;<br \/>\nMarcos Martins;<br \/>\nThiago Medeiros;<br \/>\nMarcus Tartaruga;<br \/>\nAdriana Kuhl;<br \/>\nLuiz Alfredo Braun;<br \/>\nMayla Fernanda de Moura;<br \/>\nAna Fernanda Pompeu;<br \/>\nEduardo Casoto Tracz;<br \/>\nGuilherme Bueno Czuy;<br \/>\nSu\u00e9li Guarnieri;<br \/>\nAna Liara Caetano;<br \/>\nAmanda Vitoria Fabris;<br \/>\nAna Paula Gomes;<br \/>\nAngela Marx;<br \/>\nKaren Amalia Horbus;<br \/>\nMarcos Paulo Amaral Silva;<br \/>\nMaria Eduarda Bandeira Kr\u00fcger;<br \/>\nMarielle Bueno Oliveira;<br \/>\nMilena Passarin da Cunha;<\/p>\n","protected":false},"excerpt":{"rendered":"<p>O objetivo do projeto \u00e9 avaliar, prescrever e orientar atividades f\u00edsicas (AF) a pacientes est\u00e1veis, por\u00e9m, portadores de desordens metab\u00f3licas como, hiperlipidemia, intoler\u00e2ncia \u00e0 glicose, resist\u00eancia \u00e0 insulina, diabetes mellitus, hipertens\u00e3o e obesidade, dist\u00farbios pulmonares (asma, bronquite, enfisema) e desordens m\u00fasculo \u00f3sseo articular (osteoporose, osteoartrite), encaminhados por equipe multiprofissional em sa\u00fade. As AF s\u00e3o realizadas [&hellip;]<\/p>\n","protected":false},"author":28,"featured_media":0,"parent":27,"menu_order":8,"comment_status":"closed","ping_status":"closed","template":"","meta":{"_exactmetrics_skip_tracking":false,"_exactmetrics_sitenote_active":false,"_exactmetrics_sitenote_note":"","_exactmetrics_sitenote_category":0,"footnotes":"","_links_to":"","_links_to_target":""},"class_list":["post-70","page","type-page","status-publish","hentry"],"_links":{"self":[{"href":"https:\/\/www3.unicentro.br\/midiaememoriasemfronteiras\/wp-json\/wp\/v2\/pages\/70","targetHints":{"allow":["GET"]}}],"collection":[{"href":"https:\/\/www3.unicentro.br\/midiaememoriasemfronteiras\/wp-json\/wp\/v2\/pages"}],"about":[{"href":"https:\/\/www3.unicentro.br\/midiaememoriasemfronteiras\/wp-json\/wp\/v2\/types\/page"}],"author":[{"embeddable":true,"href":"https:\/\/www3.unicentro.br\/midiaememoriasemfronteiras\/wp-json\/wp\/v2\/users\/28"}],"replies":[{"embeddable":true,"href":"https:\/\/www3.unicentro.br\/midiaememoriasemfronteiras\/wp-json\/wp\/v2\/comments?post=70"}],"version-history":[{"count":0,"href":"https:\/\/www3.unicentro.br\/midiaememoriasemfronteiras\/wp-json\/wp\/v2\/pages\/70\/revisions"}],"up":[{"embeddable":true,"href":"https:\/\/www3.unicentro.br\/midiaememoriasemfronteiras\/wp-json\/wp\/v2\/pages\/27"}],"wp:attachment":[{"href":"https:\/\/www3.unicentro.br\/midiaememoriasemfronteiras\/wp-json\/wp\/v2\/media?parent=70"}],"curies":[{"name":"wp","href":"https:\/\/api.w.org\/{rel}","templated":true}]}}