{"id":66,"date":"2017-06-27T22:09:25","date_gmt":"2017-06-28T01:09:25","guid":{"rendered":"https:\/\/www3.unicentro.br\/midiaememoriasemfronteiras\/?page_id=66"},"modified":"2017-08-22T21:25:45","modified_gmt":"2017-08-23T00:25:45","slug":"nucleo-maria-da-penha-numapeirati","status":"publish","type":"page","link":"https:\/\/www3.unicentro.br\/midiaememoriasemfronteiras\/universidades\/unicentro\/nucleo-maria-da-penha-numapeirati\/","title":{"rendered":"N\u00facleo Maria da Penha &#8211; NUMAPE\/Irati"},"content":{"rendered":"<p>O <strong>N\u00facleo Maria da Penha-NUMAPE<\/strong> enquadra-se no Subprograma Inclus\u00e3o e Direitos Sociais, do Programa Universidade Sem Fronteiras, proposto e financiado pela Secretaria de Ci\u00eancia, Tecnologia e Ensino Superior do Estado do Paran\u00e1-SETI, que se prop\u00f5e a prestar apoio jur\u00eddico e\/ou educativo no enfrentamento \u00e0 viol\u00eancia contra a mulher, bem como apoiar a atua\u00e7\u00e3o dos \u00f3rg\u00e3os e institui\u00e7\u00f5es que trabalham com a tem\u00e1tica da defesa dos direitos das mulheres e conten\u00e7\u00e3o da viol\u00eancia dom\u00e9stica, contribuindo para a divulga\u00e7\u00e3o e efetiva\u00e7\u00e3o da Lei Maria da Penha. No caso espec\u00edfico do NUMAPE\/UNICENTRO\/Irati, o projeto se prop\u00f5e a prestar aux\u00edlio psicol\u00f3gico e acompanhamento nos processos de enfrentamento \u00e0 viol\u00eancia. As a\u00e7\u00f5es ter\u00e3o como eixos centrais os processos psicol\u00f3gicos e educativos, j\u00e1 que a equipe \u00e9 composta por orientadoras, profissionais e estagi\u00e1rias das \u00e1reas da psicologia e da pedagogia. \u00a0Al\u00e9m do acolhimento e acompanhamento das mulheres v\u00edtimas de viol\u00eancia, o projeto pretende desenvolver pesquisas que possam dar visibilidade \u00e0 tem\u00e1tica, propor campanhas preventivas e de conscientiza\u00e7\u00e3o acerca dos direitos das mulheres e dos dispositivos que podem ser acionados por elas em caso de exposi\u00e7\u00e3o a qualquer tipo de viol\u00eancia. Dar voz \u00e0s mulheres e possibilitar-lhes condi\u00e7\u00f5es para o enfrentamento da viol\u00eancia dom\u00e9stica \u00e9 a t\u00f4nica do projeto. Por meio da parceira com a Secretaria de Assist\u00eancia Social do Munic\u00edpio de Irati-PR, \u00a0NUMAPE dever\u00e1 funcionar como um centro de apoio, um ponto de refer\u00eancia no qual a mulher poder\u00e1 se sentir acolhida, de modo a empoderar-se diante dos seus direitos e condi\u00e7\u00f5es de viver plenamente como mulher.<\/p>\n<p><strong>Equipe:<\/strong><\/p>\n<p>Katia Alexsandra dos Santos (coordenadora);<\/p>\n<p><a href=\"https:\/\/www.facebook.com\/numapeirati\/?ref=br_rs&amp;sw_fnr_id=646947182&amp;fnr_t=0\" target=\"_blank\" rel=\"noopener\"><img loading=\"lazy\" decoding=\"async\" class=\"alignleft size-thumbnail wp-image-351\" src=\"https:\/\/www3.unicentro.br\/midiaememoriasemfronteiras\/wp-content\/uploads\/sites\/19\/2017\/06\/botao3-150x150.png\" alt=\"\" width=\"150\" height=\"150\" srcset=\"https:\/\/www3.unicentro.br\/midiaememoriasemfronteiras\/wp-content\/uploads\/sites\/19\/2017\/06\/botao3-150x150.png 150w, https:\/\/www3.unicentro.br\/midiaememoriasemfronteiras\/wp-content\/uploads\/sites\/19\/2017\/06\/botao3-50x50.png 50w, https:\/\/www3.unicentro.br\/midiaememoriasemfronteiras\/wp-content\/uploads\/sites\/19\/2017\/06\/botao3-80x80.png 80w, https:\/\/www3.unicentro.br\/midiaememoriasemfronteiras\/wp-content\/uploads\/sites\/19\/2017\/06\/botao3-263x263.png 263w, https:\/\/www3.unicentro.br\/midiaememoriasemfronteiras\/wp-content\/uploads\/sites\/19\/2017\/06\/botao3-100x100.png 100w, https:\/\/www3.unicentro.br\/midiaememoriasemfronteiras\/wp-content\/uploads\/sites\/19\/2017\/06\/botao3-526x526.png 526w\" sizes=\"auto, (max-width: 150px) 100vw, 150px\" \/><\/a><\/p>\n","protected":false},"excerpt":{"rendered":"<p>O N\u00facleo Maria da Penha-NUMAPE enquadra-se no Subprograma Inclus\u00e3o e Direitos Sociais, do Programa Universidade Sem Fronteiras, proposto e financiado pela Secretaria de Ci\u00eancia, Tecnologia e Ensino Superior do Estado do Paran\u00e1-SETI, que se prop\u00f5e a prestar apoio jur\u00eddico e\/ou educativo no enfrentamento \u00e0 viol\u00eancia contra a mulher, bem como apoiar a atua\u00e7\u00e3o dos \u00f3rg\u00e3os [&hellip;]<\/p>\n","protected":false},"author":28,"featured_media":0,"parent":27,"menu_order":6,"comment_status":"closed","ping_status":"closed","template":"","meta":{"_exactmetrics_skip_tracking":false,"_exactmetrics_sitenote_active":false,"_exactmetrics_sitenote_note":"","_exactmetrics_sitenote_category":0,"footnotes":"","_links_to":"","_links_to_target":""},"class_list":["post-66","page","type-page","status-publish","hentry"],"_links":{"self":[{"href":"https:\/\/www3.unicentro.br\/midiaememoriasemfronteiras\/wp-json\/wp\/v2\/pages\/66","targetHints":{"allow":["GET"]}}],"collection":[{"href":"https:\/\/www3.unicentro.br\/midiaememoriasemfronteiras\/wp-json\/wp\/v2\/pages"}],"about":[{"href":"https:\/\/www3.unicentro.br\/midiaememoriasemfronteiras\/wp-json\/wp\/v2\/types\/page"}],"author":[{"embeddable":true,"href":"https:\/\/www3.unicentro.br\/midiaememoriasemfronteiras\/wp-json\/wp\/v2\/users\/28"}],"replies":[{"embeddable":true,"href":"https:\/\/www3.unicentro.br\/midiaememoriasemfronteiras\/wp-json\/wp\/v2\/comments?post=66"}],"version-history":[{"count":0,"href":"https:\/\/www3.unicentro.br\/midiaememoriasemfronteiras\/wp-json\/wp\/v2\/pages\/66\/revisions"}],"up":[{"embeddable":true,"href":"https:\/\/www3.unicentro.br\/midiaememoriasemfronteiras\/wp-json\/wp\/v2\/pages\/27"}],"wp:attachment":[{"href":"https:\/\/www3.unicentro.br\/midiaememoriasemfronteiras\/wp-json\/wp\/v2\/media?parent=66"}],"curies":[{"name":"wp","href":"https:\/\/api.w.org\/{rel}","templated":true}]}}