{"id":631,"date":"2017-08-29T00:47:05","date_gmt":"2017-08-29T03:47:05","guid":{"rendered":"https:\/\/www3.unicentro.br\/midiaememoriasemfronteiras\/?page_id=631"},"modified":"2017-08-29T00:47:05","modified_gmt":"2017-08-29T03:47:05","slug":"rede-de-dinamizacao-das-feiras-da-agricultura-familiar-redifeira","status":"publish","type":"page","link":"https:\/\/www3.unicentro.br\/midiaememoriasemfronteiras\/universidades\/uem\/rede-de-dinamizacao-das-feiras-da-agricultura-familiar-redifeira\/","title":{"rendered":"Rede de Dinamiza\u00e7\u00e3o das Feiras da Agricultura Familiar &#8211; REDIFEIRA"},"content":{"rendered":"<p>A Rede de Dinamiza\u00e7\u00e3o das Feiras da Agricultura Familiar \u2013 REDIfeira, projeto integrante do Programa de Extens\u00e3o Universit\u00e1ria \u2013 Universidade Sem Fronteiras, da Secretaria de Ci\u00eancia, Tecnologia e Ensino Superior (SETI) do Governo do Estado do Paran\u00e1, tem como objetivo, dinamizar a produ\u00e7\u00e3o e a comercializa\u00e7\u00e3o dos produtos produzidos pela Agricultura Familiar nos munic\u00edpios do Programa de Desenvolvimento da Regi\u00e3o da Associa\u00e7\u00e3o dos Munic\u00edpios do Setentri\u00e3o Paranaense \u2013 PR\u00d3-AMUSEP, fazendo-o atrav\u00e9s de um acompanhamento das atividades destes agricultores\/as familiares, no \u00e2mbito da Assist\u00eancia T\u00e9cnica e Extens\u00e3o Rural humanizadora, em sua principal atividade de comercializa\u00e7\u00e3o: as Feiras de Produtores. Atrav\u00e9s de pesquisas de campo realizadas tanto com os feirantes como com os consumidores, busca-se tra\u00e7ar um perfil da atividade, dando \u00eanfase \u00e0 detec\u00e7\u00e3o de prov\u00e1veis entraves no processo de comercializa\u00e7\u00e3o e \u00e0s perspectivas de sua organiza\u00e7\u00e3o, observadas pelos protagonistas sobre o futuro desta atividade, t\u00e3o importante no cen\u00e1rio local como instrumento de desenvolvimento<br \/>\necon\u00f4mico e social.<\/p>\n<p>O atual projeto se encontra em sua quarta edi\u00e7\u00e3o, sendo que o projeto piloto foi iniciado no ano de 2006 no munic\u00edpio de Pai\u00e7andu, e teve sua continuidade com os projetos seguintes nos anos de 2007\/2008, 2009\/2010 e 2014\/2015. A cada ano em a\u00e7\u00e3o o projeto foi aprimorado no sentido de ampliar sua expertise em feiras, parcerias e<br \/>\nrealiza\u00e7\u00f5es.<\/p>\n<p><strong>Equipe:<\/strong><\/p>\n<p>&nbsp;<\/p>\n","protected":false},"excerpt":{"rendered":"<p>A Rede de Dinamiza\u00e7\u00e3o das Feiras da Agricultura Familiar \u2013 REDIfeira, projeto integrante do Programa de Extens\u00e3o Universit\u00e1ria \u2013 Universidade Sem Fronteiras, da Secretaria de Ci\u00eancia, Tecnologia e Ensino Superior (SETI) do Governo do Estado do Paran\u00e1, tem como objetivo, dinamizar a produ\u00e7\u00e3o e a comercializa\u00e7\u00e3o dos produtos produzidos pela Agricultura Familiar nos munic\u00edpios do [&hellip;]<\/p>\n","protected":false},"author":28,"featured_media":0,"parent":198,"menu_order":17,"comment_status":"closed","ping_status":"closed","template":"","meta":{"_exactmetrics_skip_tracking":false,"_exactmetrics_sitenote_active":false,"_exactmetrics_sitenote_note":"","_exactmetrics_sitenote_category":0,"footnotes":"","_links_to":"","_links_to_target":""},"class_list":["post-631","page","type-page","status-publish","hentry"],"_links":{"self":[{"href":"https:\/\/www3.unicentro.br\/midiaememoriasemfronteiras\/wp-json\/wp\/v2\/pages\/631","targetHints":{"allow":["GET"]}}],"collection":[{"href":"https:\/\/www3.unicentro.br\/midiaememoriasemfronteiras\/wp-json\/wp\/v2\/pages"}],"about":[{"href":"https:\/\/www3.unicentro.br\/midiaememoriasemfronteiras\/wp-json\/wp\/v2\/types\/page"}],"author":[{"embeddable":true,"href":"https:\/\/www3.unicentro.br\/midiaememoriasemfronteiras\/wp-json\/wp\/v2\/users\/28"}],"replies":[{"embeddable":true,"href":"https:\/\/www3.unicentro.br\/midiaememoriasemfronteiras\/wp-json\/wp\/v2\/comments?post=631"}],"version-history":[{"count":0,"href":"https:\/\/www3.unicentro.br\/midiaememoriasemfronteiras\/wp-json\/wp\/v2\/pages\/631\/revisions"}],"up":[{"embeddable":true,"href":"https:\/\/www3.unicentro.br\/midiaememoriasemfronteiras\/wp-json\/wp\/v2\/pages\/198"}],"wp:attachment":[{"href":"https:\/\/www3.unicentro.br\/midiaememoriasemfronteiras\/wp-json\/wp\/v2\/media?parent=631"}],"curies":[{"name":"wp","href":"https:\/\/api.w.org\/{rel}","templated":true}]}}