{"id":540,"date":"2017-08-18T16:09:11","date_gmt":"2017-08-18T19:09:11","guid":{"rendered":"https:\/\/www3.unicentro.br\/midiaememoriasemfronteiras\/?page_id=540"},"modified":"2017-08-18T16:10:54","modified_gmt":"2017-08-18T19:10:54","slug":"bom-negocio-guarapuava","status":"publish","type":"page","link":"https:\/\/www3.unicentro.br\/midiaememoriasemfronteiras\/universidades\/unicentro\/bom-negocio-guarapuava\/","title":{"rendered":"Bom Neg\u00f3cio Guarapuava"},"content":{"rendered":"<p>O\u00a0Programa Bom Neg\u00f3cio Paran\u00e1\u00a0foi criado em 2005 pela Prefeitura Municipal de Curitiba e em face ao \u00eaxito alcan\u00e7ado na Capital, foi incorporado em 2012 como Plano de Governo do Estado, a fim de que fosse implantado em todas as regi\u00f5es do Paran\u00e1.\u00a0Em 2012 ficou sob a responsabilidade da Secretaria da Ci\u00eancia, Tecnologia e Ensino Superior &#8211; SETI, por meio da Assessoria de Projetos Estrat\u00e9gicos do Gabinete &#8211; APEG, atrav\u00e9s do Programa Universidade sem Fronteiras\u00a0&#8211; USF, para desenvolver, adaptar e implantar o Programa Bom Neg\u00f3cio Paran\u00e1.<\/p>\n<p>O\u00a0Programa\u00a0tem como objetivo oferecer a capacita\u00e7\u00e3o gratuita a micros, pequenos, m\u00e9dios empreendedores (formais ou informais) e outras pessoas que tenham interesse no tema. A capacita\u00e7\u00e3o \u00e9 realizada pelas Universidades Estaduais. O\u00a0Bom Neg\u00f3cio Paran\u00e1, al\u00e9m de\u00a0oferecer cursos de capacita\u00e7\u00e3o gerencial gratuito para o p\u00fablico j\u00e1 citado, tamb\u00e9m oportuniza\u00a0facilidades no acesso \u00e0s linhas de cr\u00e9ditos de baixo custo do Banco do Empreendedor,\u00a0da\u00a0Fomento Paran\u00e1, com juros entre os mais baixos do pa\u00eds.<\/p>\n<p>O N\u00facleo de Apoio ao Empreendedor (NAE) da Unicentro\/Guarapuava \u00e9 respons\u00e1vel por atender Guarapuava e 25 munic\u00edpios da regi\u00e3o, por meio de turmas presenciais, al\u00e9m de oferecer a capacita\u00e7\u00e3o por meio da modalidade de educa\u00e7\u00e3o a dist\u00e2ncia (EAD).<\/p>\n<p><strong>Equipe:<\/strong><\/p>\n<p>Jeferson Lozeckyi (coordenador);<br \/>\nM\u00e1rcio Alexandre Facini;<br \/>\nJoceliane A. A. Camargo;<br \/>\nTariele Felippe;<br \/>\nVitor G. B. de Souza;<br \/>\nJ\u00e9ssica Talita Castro;<br \/>\nMurilo Lozeckyi;<br \/>\nRute C. Perardt;<\/p>\n<div class=\"gmail_default\"><\/div>\n","protected":false},"excerpt":{"rendered":"<p>O\u00a0Programa Bom Neg\u00f3cio Paran\u00e1\u00a0foi criado em 2005 pela Prefeitura Municipal de Curitiba e em face ao \u00eaxito alcan\u00e7ado na Capital, foi incorporado em 2012 como Plano de Governo do Estado, a fim de que fosse implantado em todas as regi\u00f5es do Paran\u00e1.\u00a0Em 2012 ficou sob a responsabilidade da Secretaria da Ci\u00eancia, Tecnologia e Ensino Superior [&hellip;]<\/p>\n","protected":false},"author":28,"featured_media":0,"parent":27,"menu_order":13,"comment_status":"closed","ping_status":"closed","template":"","meta":{"_exactmetrics_skip_tracking":false,"_exactmetrics_sitenote_active":false,"_exactmetrics_sitenote_note":"","_exactmetrics_sitenote_category":0,"footnotes":"","_links_to":"","_links_to_target":""},"class_list":["post-540","page","type-page","status-publish","hentry"],"_links":{"self":[{"href":"https:\/\/www3.unicentro.br\/midiaememoriasemfronteiras\/wp-json\/wp\/v2\/pages\/540","targetHints":{"allow":["GET"]}}],"collection":[{"href":"https:\/\/www3.unicentro.br\/midiaememoriasemfronteiras\/wp-json\/wp\/v2\/pages"}],"about":[{"href":"https:\/\/www3.unicentro.br\/midiaememoriasemfronteiras\/wp-json\/wp\/v2\/types\/page"}],"author":[{"embeddable":true,"href":"https:\/\/www3.unicentro.br\/midiaememoriasemfronteiras\/wp-json\/wp\/v2\/users\/28"}],"replies":[{"embeddable":true,"href":"https:\/\/www3.unicentro.br\/midiaememoriasemfronteiras\/wp-json\/wp\/v2\/comments?post=540"}],"version-history":[{"count":0,"href":"https:\/\/www3.unicentro.br\/midiaememoriasemfronteiras\/wp-json\/wp\/v2\/pages\/540\/revisions"}],"up":[{"embeddable":true,"href":"https:\/\/www3.unicentro.br\/midiaememoriasemfronteiras\/wp-json\/wp\/v2\/pages\/27"}],"wp:attachment":[{"href":"https:\/\/www3.unicentro.br\/midiaememoriasemfronteiras\/wp-json\/wp\/v2\/media?parent=540"}],"curies":[{"name":"wp","href":"https:\/\/api.w.org\/{rel}","templated":true}]}}