{"id":531,"date":"2017-08-16T00:03:29","date_gmt":"2017-08-16T03:03:29","guid":{"rendered":"https:\/\/www3.unicentro.br\/midiaememoriasemfronteiras\/?page_id=531"},"modified":"2017-08-16T00:06:53","modified_gmt":"2017-08-16T03:06:53","slug":"protagonismo-midiatico-sem-fronteiras-o-parana-inovador-do-usf","status":"publish","type":"page","link":"https:\/\/www3.unicentro.br\/midiaememoriasemfronteiras\/universidades\/unicentro\/protagonismo-midiatico-sem-fronteiras-o-parana-inovador-do-usf\/","title":{"rendered":"Protagonismo Midi\u00e1tico Sem Fronteiras: o Paran\u00e1 inovador do USF"},"content":{"rendered":"<p>A Comunica\u00e7\u00e3o Institucional eficiente \u00e9 um dos maiores desafios do s\u00e9culo XXI, em especial quanto se trata de um agente p\u00fablico, caso do Governo do Estado do Paran\u00e1, por meio da Secretaria de Ci\u00eancia, Tecnologia e Ensino Superior (Seti) e seu Programa Universidade Sem Fronteiras (USF). Por isso, o presente projeto buscar auxiliar as mais de 80 propostas aprovadas no \u00faltimo edital do USF\u00a0no processo de publiciza\u00e7\u00e3o das a\u00e7\u00f5es desenvolvidas ao longo de um ano como, tamb\u00e9m, na organiza\u00e7\u00e3o de um portal de mem\u00f3rias.<\/p>\n<p><strong>Equipe:<\/strong><\/p>\n<p>Marcio Ronaldo Santos Fernandes (coordenador);<br \/>\nAndr\u00e9 Justus;<br \/>\nJasmine Horst;<br \/>\nRenatha Giordani;<\/p>\n","protected":false},"excerpt":{"rendered":"<p>A Comunica\u00e7\u00e3o Institucional eficiente \u00e9 um dos maiores desafios do s\u00e9culo XXI, em especial quanto se trata de um agente p\u00fablico, caso do Governo do Estado do Paran\u00e1, por meio da Secretaria de Ci\u00eancia, Tecnologia e Ensino Superior (Seti) e seu Programa Universidade Sem Fronteiras (USF). Por isso, o presente projeto buscar auxiliar as mais [&hellip;]<\/p>\n","protected":false},"author":28,"featured_media":0,"parent":27,"menu_order":12,"comment_status":"closed","ping_status":"closed","template":"","meta":{"_exactmetrics_skip_tracking":false,"_exactmetrics_sitenote_active":false,"_exactmetrics_sitenote_note":"","_exactmetrics_sitenote_category":0,"footnotes":"","_links_to":"","_links_to_target":""},"class_list":["post-531","page","type-page","status-publish","hentry"],"_links":{"self":[{"href":"https:\/\/www3.unicentro.br\/midiaememoriasemfronteiras\/wp-json\/wp\/v2\/pages\/531","targetHints":{"allow":["GET"]}}],"collection":[{"href":"https:\/\/www3.unicentro.br\/midiaememoriasemfronteiras\/wp-json\/wp\/v2\/pages"}],"about":[{"href":"https:\/\/www3.unicentro.br\/midiaememoriasemfronteiras\/wp-json\/wp\/v2\/types\/page"}],"author":[{"embeddable":true,"href":"https:\/\/www3.unicentro.br\/midiaememoriasemfronteiras\/wp-json\/wp\/v2\/users\/28"}],"replies":[{"embeddable":true,"href":"https:\/\/www3.unicentro.br\/midiaememoriasemfronteiras\/wp-json\/wp\/v2\/comments?post=531"}],"version-history":[{"count":0,"href":"https:\/\/www3.unicentro.br\/midiaememoriasemfronteiras\/wp-json\/wp\/v2\/pages\/531\/revisions"}],"up":[{"embeddable":true,"href":"https:\/\/www3.unicentro.br\/midiaememoriasemfronteiras\/wp-json\/wp\/v2\/pages\/27"}],"wp:attachment":[{"href":"https:\/\/www3.unicentro.br\/midiaememoriasemfronteiras\/wp-json\/wp\/v2\/media?parent=531"}],"curies":[{"name":"wp","href":"https:\/\/api.w.org\/{rel}","templated":true}]}}