{"id":43,"date":"2017-06-27T17:06:25","date_gmt":"2017-06-27T20:06:25","guid":{"rendered":"https:\/\/www3.unicentro.br\/midiaememoriasemfronteiras\/?page_id=43"},"modified":"2017-11-13T15:45:58","modified_gmt":"2017-11-13T17:45:58","slug":"cine-jordao","status":"publish","type":"page","link":"https:\/\/www3.unicentro.br\/midiaememoriasemfronteiras\/universidades\/unicentro\/cine-jordao\/","title":{"rendered":"Cine Jord\u00e3o"},"content":{"rendered":"<p>O projeto \u00e9 realizado na Vila Jord\u00e3o, um bairro do munic\u00edpio de Guarapuava que possui uma das menores rendas. Segundo o relat\u00f3rio do Plano Diretor da cidade, referente ao ano de 2013, a renda da Vila Jord\u00e3o \u00e9 de R$ 417,92. (Dispon\u00edvel em concidade.com.br\/concidade\/pages\/tgpdf). Atualmente, estamos realizando nossas oficinas de audiovisual em duas escolas p\u00fablicas rurais: Escola Municipal Enoch Tavares (ensino fundamental) e Col\u00e9gio Estadual Bibiana Bitecourt (ensino m\u00e9dio). S\u00e3o 57 atendidos nesses primeiros 2 meses de projeto. Esse n\u00famero ir\u00e1 aumentar nas pr\u00f3ximas a\u00e7\u00f5es. O principal objetivo do projeto \u00e9 ensinar t\u00e9cnicas b\u00e1sicas da produ\u00e7\u00e3o audiovisual e incentivar o olhar cr\u00edtico e a valoriza\u00e7\u00e3o da cultura rural paranaense. O projeto prev\u00ea ainda a produ\u00e7\u00e3o de uma pe\u00e7a audiovisual sobre o bairro para fins de mem\u00f3ria hist\u00f3rica.<\/p>\n<p>O projeto iniciou suas atividades em abril desse ano. Tivemos um m\u00eas de prepara\u00e7\u00e3o da equipe executora e iniciamos nossas oficinas nas escolas rurais este m\u00eas. Nesses primeiros encontros exibimos curtas-metragens sobre a vida no campo e conversamos com eles sobre a rela\u00e7\u00e3o entre a cultura rural e temas como a identidade, a fam\u00edlia, a juventude, as tecnologias de comunica\u00e7\u00e3o. Essa semana iremos realizar oficinas de fotografia e nas semanas seguintes oficinas de roteiro, manuten\u00e7\u00e3o de equipamentos, produ\u00e7\u00e3o e edi\u00e7\u00e3o. A partir de agosto de 2017, realizaremos um estudo para a realiza\u00e7\u00e3o de um registro audiovisual sobre o bairro (ainda n\u00e3o decidimos se esse registro ser\u00e1 na forma de um document\u00e1rio, um docudrama ou uma fic\u00e7\u00e3o sobre hist\u00f3rias e os habitantes; a viv\u00eancia ali, o contato com os moradores ser\u00e1 fundamental para essa decis\u00e3o).<\/p>\n<p><strong>Equipe:<\/strong><\/p>\n<p>Eduardo Yuji Yamamoto (coordenador-geral);<br \/>\nFrancismar Forment\u00e3o (coordenador);<br \/>\nThomas Ericson Przybysewski;<br \/>\nAmanda Cristine Lima Crissi;<br \/>\nAndressa Rodrigues dos Santos;<br \/>\nF\u00e1bio C\u00e2ndido de Gois;<br \/>\nPriscila Pollon Galina;<br \/>\nJo\u00e3o Antonio Franz dos Santos;<br \/>\nVanessa Medronha da Silva;<br \/>\nMariana Valente;<br \/>\nLeonardo Panizzon;<br \/>\nMilena Galv\u00e3o;<\/p>\n","protected":false},"excerpt":{"rendered":"<p>O projeto \u00e9 realizado na Vila Jord\u00e3o, um bairro do munic\u00edpio de Guarapuava que possui uma das menores rendas. Segundo o relat\u00f3rio do Plano Diretor da cidade, referente ao ano de 2013, a renda da Vila Jord\u00e3o \u00e9 de R$ 417,92. (Dispon\u00edvel em concidade.com.br\/concidade\/pages\/tgpdf). Atualmente, estamos realizando nossas oficinas de audiovisual em duas escolas p\u00fablicas [&hellip;]<\/p>\n","protected":false},"author":28,"featured_media":0,"parent":27,"menu_order":2,"comment_status":"closed","ping_status":"closed","template":"","meta":{"_exactmetrics_skip_tracking":false,"_exactmetrics_sitenote_active":false,"_exactmetrics_sitenote_note":"","_exactmetrics_sitenote_category":0,"footnotes":"","_links_to":"","_links_to_target":""},"class_list":["post-43","page","type-page","status-publish","hentry"],"_links":{"self":[{"href":"https:\/\/www3.unicentro.br\/midiaememoriasemfronteiras\/wp-json\/wp\/v2\/pages\/43","targetHints":{"allow":["GET"]}}],"collection":[{"href":"https:\/\/www3.unicentro.br\/midiaememoriasemfronteiras\/wp-json\/wp\/v2\/pages"}],"about":[{"href":"https:\/\/www3.unicentro.br\/midiaememoriasemfronteiras\/wp-json\/wp\/v2\/types\/page"}],"author":[{"embeddable":true,"href":"https:\/\/www3.unicentro.br\/midiaememoriasemfronteiras\/wp-json\/wp\/v2\/users\/28"}],"replies":[{"embeddable":true,"href":"https:\/\/www3.unicentro.br\/midiaememoriasemfronteiras\/wp-json\/wp\/v2\/comments?post=43"}],"version-history":[{"count":0,"href":"https:\/\/www3.unicentro.br\/midiaememoriasemfronteiras\/wp-json\/wp\/v2\/pages\/43\/revisions"}],"up":[{"embeddable":true,"href":"https:\/\/www3.unicentro.br\/midiaememoriasemfronteiras\/wp-json\/wp\/v2\/pages\/27"}],"wp:attachment":[{"href":"https:\/\/www3.unicentro.br\/midiaememoriasemfronteiras\/wp-json\/wp\/v2\/media?parent=43"}],"curies":[{"name":"wp","href":"https:\/\/api.w.org\/{rel}","templated":true}]}}