{"id":38,"date":"2017-06-27T16:50:52","date_gmt":"2017-06-27T19:50:52","guid":{"rendered":"https:\/\/www3.unicentro.br\/midiaememoriasemfronteiras\/?page_id=38"},"modified":"2017-08-22T21:24:15","modified_gmt":"2017-08-23T00:24:15","slug":"numape-producao-e-utilizacao-de-materiais-audiovisuais","status":"publish","type":"page","link":"https:\/\/www3.unicentro.br\/midiaememoriasemfronteiras\/universidades\/unicentro\/numape-producao-e-utilizacao-de-materiais-audiovisuais\/","title":{"rendered":"Numape: produ\u00e7\u00e3o e utiliza\u00e7\u00e3o de materiais audiovisuais"},"content":{"rendered":"<p>O projeto &#8216;NUMAPE (Nu\u0301cleo Maria da Penha): produc\u0327a\u0303o e utilizac\u0327a\u0303o de materiais audiovisuais no enfrentamento a\u0300 viole\u0302ncia contra a mulher &#8211; Florescer&#8217; pretende efetivar-se como um instrumento de sensibilizac\u0327a\u0303o da mulher vi\u0301tima de viole\u0302ncia para que a mesma se reconhec\u0327a como tal e busque as insta\u0302ncias de ajuda\/apoio no combate a\u0300 viole\u0302ncia contra a mulher. Para isso, nossa proposta e\u0301 a produc\u0327a\u0303o de material jornali\u0301stico-educativo &#8211; tais como videodocumenta\u0301rios, spots radiofo\u0302nicos, exposic\u0327o\u0303es fotogra\u0301ficas, foto-livros e livretos informativos &#8211; a partir de depoimentos de mulheres vi\u0301timas dos mais diversos tipos de viole\u0302ncia, de diferentes idades, classes sociais e ni\u0301veis de escolarizac\u0327a\u0303o. Esses materiais sera\u0303o disponibilizados para as entidades parceiras do projeto e que atuam no enfrentamento a\u0300 viole\u0302ncia contra a mulher. Espera-se que, ao vivenciar o relato de mulheres que passaram por agresso\u0303es semelhantes as suas, as vi\u0301timas se reconhec\u0327am e se sintam encorajadas a dar os passos necessa\u0301rios no sentido de romper com o ciclo de viole\u0302ncia. Entendendo que o Jornalismo na\u0303o apenas reflete a\u0300 realidade, e sim molda a sociedade \u00a0de uma determinada e\u0301poca, acreditamos que o projeto &#8216;NUMAPE (Nu\u0301cleo Maria da Penha): produc\u0327a\u0303o e utilizac\u0327a\u0303o de materiais audiovisuais no enfrentamento a\u0300 viole\u0302ncia contra a mulher &#8211; Florescer&#8217; possa ser um instrumento no decisivo e necessa\u0301rio processo de transformac\u0327a\u0303o social em que as mulheres deixara\u0303o de ser vi\u0301timas de viole\u0302ncia dome\u0301stica.<\/p>\n<p><strong>Equipe:<\/strong><\/p>\n<p>Ariane Pereira (coordenadora-geral);<br \/>\nIris Tomita;<br \/>\nNaiara Persegona;<br \/>\nLuisa Urbano;<br \/>\nCaroline Albertini;<\/p>\n<p><a href=\"https:\/\/www.facebook.com\/florescernumapeguarapuava\/?ref=br_rs&amp;sw_fnr_id=646947181&amp;fnr_t=0\" target=\"_blank\" rel=\"noopener\"><img loading=\"lazy\" decoding=\"async\" class=\"alignleft size-thumbnail wp-image-351\" src=\"https:\/\/www3.unicentro.br\/midiaememoriasemfronteiras\/wp-content\/uploads\/sites\/19\/2017\/06\/botao3-150x150.png\" alt=\"\" width=\"150\" height=\"150\" srcset=\"https:\/\/www3.unicentro.br\/midiaememoriasemfronteiras\/wp-content\/uploads\/sites\/19\/2017\/06\/botao3-150x150.png 150w, https:\/\/www3.unicentro.br\/midiaememoriasemfronteiras\/wp-content\/uploads\/sites\/19\/2017\/06\/botao3-50x50.png 50w, https:\/\/www3.unicentro.br\/midiaememoriasemfronteiras\/wp-content\/uploads\/sites\/19\/2017\/06\/botao3-80x80.png 80w, https:\/\/www3.unicentro.br\/midiaememoriasemfronteiras\/wp-content\/uploads\/sites\/19\/2017\/06\/botao3-263x263.png 263w, https:\/\/www3.unicentro.br\/midiaememoriasemfronteiras\/wp-content\/uploads\/sites\/19\/2017\/06\/botao3-100x100.png 100w, https:\/\/www3.unicentro.br\/midiaememoriasemfronteiras\/wp-content\/uploads\/sites\/19\/2017\/06\/botao3-526x526.png 526w\" sizes=\"auto, (max-width: 150px) 100vw, 150px\" \/><\/a><\/p>\n","protected":false},"excerpt":{"rendered":"<p>O projeto &#8216;NUMAPE (Nu\u0301cleo Maria da Penha): produc\u0327a\u0303o e utilizac\u0327a\u0303o de materiais audiovisuais no enfrentamento a\u0300 viole\u0302ncia contra a mulher &#8211; Florescer&#8217; pretende efetivar-se como um instrumento de sensibilizac\u0327a\u0303o da mulher vi\u0301tima de viole\u0302ncia para que a mesma se reconhec\u0327a como tal e busque as insta\u0302ncias de ajuda\/apoio no combate a\u0300 viole\u0302ncia contra a mulher. [&hellip;]<\/p>\n","protected":false},"author":28,"featured_media":0,"parent":27,"menu_order":1,"comment_status":"closed","ping_status":"closed","template":"","meta":{"_exactmetrics_skip_tracking":false,"_exactmetrics_sitenote_active":false,"_exactmetrics_sitenote_note":"","_exactmetrics_sitenote_category":0,"footnotes":"","_links_to":"","_links_to_target":""},"class_list":["post-38","page","type-page","status-publish","hentry"],"_links":{"self":[{"href":"https:\/\/www3.unicentro.br\/midiaememoriasemfronteiras\/wp-json\/wp\/v2\/pages\/38","targetHints":{"allow":["GET"]}}],"collection":[{"href":"https:\/\/www3.unicentro.br\/midiaememoriasemfronteiras\/wp-json\/wp\/v2\/pages"}],"about":[{"href":"https:\/\/www3.unicentro.br\/midiaememoriasemfronteiras\/wp-json\/wp\/v2\/types\/page"}],"author":[{"embeddable":true,"href":"https:\/\/www3.unicentro.br\/midiaememoriasemfronteiras\/wp-json\/wp\/v2\/users\/28"}],"replies":[{"embeddable":true,"href":"https:\/\/www3.unicentro.br\/midiaememoriasemfronteiras\/wp-json\/wp\/v2\/comments?post=38"}],"version-history":[{"count":0,"href":"https:\/\/www3.unicentro.br\/midiaememoriasemfronteiras\/wp-json\/wp\/v2\/pages\/38\/revisions"}],"up":[{"embeddable":true,"href":"https:\/\/www3.unicentro.br\/midiaememoriasemfronteiras\/wp-json\/wp\/v2\/pages\/27"}],"wp:attachment":[{"href":"https:\/\/www3.unicentro.br\/midiaememoriasemfronteiras\/wp-json\/wp\/v2\/media?parent=38"}],"curies":[{"name":"wp","href":"https:\/\/api.w.org\/{rel}","templated":true}]}}