{"id":27,"date":"2017-06-27T16:29:50","date_gmt":"2017-06-27T19:29:50","guid":{"rendered":"https:\/\/www3.unicentro.br\/midiaememoriasemfronteiras\/?page_id=27"},"modified":"2017-08-30T16:32:14","modified_gmt":"2017-08-30T19:32:14","slug":"unicentro","status":"publish","type":"page","link":"https:\/\/www3.unicentro.br\/midiaememoriasemfronteiras\/universidades\/unicentro\/","title":{"rendered":"Unicentro &#8211; Projetos em andamento"},"content":{"rendered":"<ul>\n<li><strong><a href=\"https:\/\/www3.unicentro.br\/midiaememoriasemfronteiras\/universidades\/unicentro\/bom-negocio-guarapuava\/\">Bom Neg\u00f3cio Guarapuava<\/a><\/strong><\/li>\n<li><strong><a href=\"https:\/\/www3.unicentro.br\/midiaememoriasemfronteiras\/universidades\/unicentro\/bom-negocio-irati\/\">Bom Neg\u00f3cio Irati<\/a><\/strong><\/li>\n<li><strong><a href=\"https:\/\/www3.unicentro.br\/midiaememoriasemfronteiras\/universidades\/unicentro\/brincar-ler-e-contar-historias-criancas-e-professores-ocupando-a-universidade\/\" target=\"_blank\" rel=\"noopener\">Brincar, ler e contas hist\u00f3rias: crian\u00e7as e professores ocupando a universidade<\/a><\/strong><\/li>\n<li><strong><a href=\"https:\/\/www3.unicentro.br\/midiaememoriasemfronteiras\/universidades\/unicentro\/centro-de-prescricao-e-orientacao-de-atividades-fisicas-para-populacoes-especiais\/\" target=\"_blank\" rel=\"noopener\">Centro de prescri\u00e7\u00e3o e orienta\u00e7\u00e3o de atividades f\u00edsicas para popula\u00e7\u00f5es especiais<\/a><\/strong><\/li>\n<li><strong><a href=\"https:\/\/www3.unicentro.br\/midiaememoriasemfronteiras\/unicentro\/cine-jordao\/\" target=\"_blank\" rel=\"noopener\">Cine Jord\u00e3o<\/a><\/strong><\/li>\n<li><strong><a href=\"https:\/\/www3.unicentro.br\/midiaememoriasemfronteiras\/universidades\/unicentro\/fortalecimento-da-feira-agroecologica-unicentro\/\">Fortalecimento da feira agroecol\u00f3gica Unicentro<\/a><\/strong><\/li>\n<li><strong><a href=\"https:\/\/www3.unicentro.br\/midiaememoriasemfronteiras\/universidades\/unicentro\/fortalecimento-e-difusao-da-cultura-do-morangueiro-e-do-fisalis\/\" target=\"_blank\" rel=\"noopener\">Fortalecimento e difus\u00e3o da cultura do morangueiro e do fisalis<\/a><\/strong><\/li>\n<li><strong><a href=\"https:\/\/www3.unicentro.br\/midiaememoriasemfronteiras\/universidades\/unicentro\/guarapuava-educadora-juventude-educando-se-nacom-a-cidade\/\" target=\"_blank\" rel=\"noopener\">Guarapuava educadora: juventude educando-se na\/com a cidade<\/a><\/strong><\/li>\n<li><strong><\/strong><strong><a href=\"https:\/\/www3.unicentro.br\/midiaememoriasemfronteiras\/universidades\/unicentro\/nucleo-maria-da-penha-numapeirati\/\" target=\"_blank\" rel=\"noopener\">N\u00facleo Maria da Penha &#8211; NUMAPE\/Irati<\/a><a href=\"https:\/\/www3.unicentro.br\/midiaememoriasemfronteiras\/universidades\/unicentro\/bom-negocio-irati\/\"><br \/>\n<\/a><\/strong><\/li>\n<li><strong><a href=\"https:\/\/www3.unicentro.br\/midiaememoriasemfronteiras\/unicentro\/numape-producao-e-utilizacao-de-materiais-audiovisuais\/\" target=\"_blank\" rel=\"noopener\">Numape: produ\u00e7\u00e3o e utiliza\u00e7\u00e3o de materiais audiovisuais<br \/>\n<\/a><\/strong><\/li>\n<li><strong><a href=\"https:\/\/www3.unicentro.br\/midiaememoriasemfronteiras\/universidades\/unicentro\/orientacao-e-capacitacao-do-jovem-prudentopolitano\/\" target=\"_blank\" rel=\"noopener\">Orienta\u00e7\u00e3o e capacita\u00e7\u00e3o do jovem prudentopolitano<\/a><a href=\"https:\/\/www3.unicentro.br\/midiaememoriasemfronteiras\/unicentro\/numape-producao-e-utilizacao-de-materiais-audiovisuais\/\" target=\"_blank\" rel=\"noopener\"><br \/>\n<\/a><\/strong><\/li>\n<li><strong><a href=\"https:\/\/www3.unicentro.br\/midiaememoriasemfronteiras\/universidades\/unicentro\/producao-de-hortalicas-organicas-com-certificacao\/\" target=\"_blank\" rel=\"noopener\">Produ\u00e7\u00e3o de hortali\u00e7as org\u00e2nicas com certifica\u00e7\u00e3o<\/a><a href=\"https:\/\/www3.unicentro.br\/midiaememoriasemfronteiras\/unicentro\/cine-jordao\/\" target=\"_blank\" rel=\"noopener\"><br \/>\n<\/a><\/strong><\/li>\n<li><strong><a href=\"https:\/\/www3.unicentro.br\/midiaememoriasemfronteiras\/unicentro\/programa-de-aperfeicoamento-profissional-em-servico-educacao-inclusiva-papsei\/\">Programa de aperfei\u00e7oamento profissional em servi\u00e7o: educa\u00e7\u00e3o inclusiva &#8211; PAPSEI<br \/>\n<\/a><\/strong><\/li>\n<li><strong><a href=\"https:\/\/www3.unicentro.br\/midiaememoriasemfronteiras\/universidades\/unicentro\/protagonismo-midiatico-sem-fronteiras-o-parana-inovador-do-usf\/\">Protagonismo Midi\u00e1tico Sem Fronteiras: o Paran\u00e1 inovador do USF<\/a><\/strong><\/li>\n<\/ul>\n<p>&nbsp;<\/p>\n","protected":false},"excerpt":{"rendered":"<p>Bom Neg\u00f3cio Guarapuava Bom Neg\u00f3cio Irati Brincar, ler e contas hist\u00f3rias: crian\u00e7as e professores ocupando a universidade Centro de prescri\u00e7\u00e3o e orienta\u00e7\u00e3o de atividades f\u00edsicas para popula\u00e7\u00f5es especiais Cine Jord\u00e3o Fortalecimento da feira agroecol\u00f3gica Unicentro Fortalecimento e difus\u00e3o da cultura do morangueiro e do fisalis Guarapuava educadora: juventude educando-se na\/com a cidade N\u00facleo Maria da [&hellip;]<\/p>\n","protected":false},"author":28,"featured_media":0,"parent":17,"menu_order":1,"comment_status":"closed","ping_status":"closed","template":"","meta":{"_exactmetrics_skip_tracking":false,"_exactmetrics_sitenote_active":false,"_exactmetrics_sitenote_note":"","_exactmetrics_sitenote_category":0,"footnotes":"","_links_to":"","_links_to_target":""},"class_list":["post-27","page","type-page","status-publish","hentry"],"_links":{"self":[{"href":"https:\/\/www3.unicentro.br\/midiaememoriasemfronteiras\/wp-json\/wp\/v2\/pages\/27","targetHints":{"allow":["GET"]}}],"collection":[{"href":"https:\/\/www3.unicentro.br\/midiaememoriasemfronteiras\/wp-json\/wp\/v2\/pages"}],"about":[{"href":"https:\/\/www3.unicentro.br\/midiaememoriasemfronteiras\/wp-json\/wp\/v2\/types\/page"}],"author":[{"embeddable":true,"href":"https:\/\/www3.unicentro.br\/midiaememoriasemfronteiras\/wp-json\/wp\/v2\/users\/28"}],"replies":[{"embeddable":true,"href":"https:\/\/www3.unicentro.br\/midiaememoriasemfronteiras\/wp-json\/wp\/v2\/comments?post=27"}],"version-history":[{"count":0,"href":"https:\/\/www3.unicentro.br\/midiaememoriasemfronteiras\/wp-json\/wp\/v2\/pages\/27\/revisions"}],"up":[{"embeddable":true,"href":"https:\/\/www3.unicentro.br\/midiaememoriasemfronteiras\/wp-json\/wp\/v2\/pages\/17"}],"wp:attachment":[{"href":"https:\/\/www3.unicentro.br\/midiaememoriasemfronteiras\/wp-json\/wp\/v2\/media?parent=27"}],"curies":[{"name":"wp","href":"https:\/\/api.w.org\/{rel}","templated":true}]}}