{"id":262,"date":"2017-06-30T15:42:15","date_gmt":"2017-06-30T18:42:15","guid":{"rendered":"https:\/\/www3.unicentro.br\/midiaememoriasemfronteiras\/?page_id=262"},"modified":"2017-07-04T23:08:24","modified_gmt":"2017-07-05T02:08:24","slug":"enfrentamento-ao-trabalho-infantil","status":"publish","type":"page","link":"https:\/\/www3.unicentro.br\/midiaememoriasemfronteiras\/universidades\/uem\/enfrentamento-ao-trabalho-infantil\/","title":{"rendered":"Enfrentamento ao trabalho infantil"},"content":{"rendered":"<p>O projeto visa impulsionar na agenda p\u00fablica a prioridade na preven\u00e7\u00e3o, defesa e atendimento de crian\u00e7as e adolescentes em situa\u00e7\u00e3o de trabalho infantil e suas fam\u00edlias.\u00a0Espera contribuir para a articula\u00e7\u00e3o intersetorial nos territ\u00f3rios, aperfei\u00e7oamento dos servi\u00e7os para a preven\u00e7\u00e3o, identifica\u00e7\u00e3o e atendimento. Produzir\u00a0com as gest\u00f5es municipais, materiais informativos e pedag\u00f3gicos sobre o tema,\u00a0al\u00e9m de disseminar conhecimentos cient\u00edficos e participa\u00e7\u00f5es em eventos.<\/p>\n<p><strong>Equipe:<\/strong><\/p>\n","protected":false},"excerpt":{"rendered":"<p>O projeto visa impulsionar na agenda p\u00fablica a prioridade na preven\u00e7\u00e3o, defesa e atendimento de crian\u00e7as e adolescentes em situa\u00e7\u00e3o de trabalho infantil e suas fam\u00edlias.\u00a0Espera contribuir para a articula\u00e7\u00e3o intersetorial nos territ\u00f3rios, aperfei\u00e7oamento dos servi\u00e7os para a preven\u00e7\u00e3o, identifica\u00e7\u00e3o e atendimento. Produzir\u00a0com as gest\u00f5es municipais, materiais informativos e pedag\u00f3gicos sobre o tema,\u00a0al\u00e9m de disseminar [&hellip;]<\/p>\n","protected":false},"author":28,"featured_media":0,"parent":198,"menu_order":15,"comment_status":"closed","ping_status":"closed","template":"","meta":{"_exactmetrics_skip_tracking":false,"_exactmetrics_sitenote_active":false,"_exactmetrics_sitenote_note":"","_exactmetrics_sitenote_category":0,"footnotes":"","_links_to":"","_links_to_target":""},"class_list":["post-262","page","type-page","status-publish","hentry"],"_links":{"self":[{"href":"https:\/\/www3.unicentro.br\/midiaememoriasemfronteiras\/wp-json\/wp\/v2\/pages\/262","targetHints":{"allow":["GET"]}}],"collection":[{"href":"https:\/\/www3.unicentro.br\/midiaememoriasemfronteiras\/wp-json\/wp\/v2\/pages"}],"about":[{"href":"https:\/\/www3.unicentro.br\/midiaememoriasemfronteiras\/wp-json\/wp\/v2\/types\/page"}],"author":[{"embeddable":true,"href":"https:\/\/www3.unicentro.br\/midiaememoriasemfronteiras\/wp-json\/wp\/v2\/users\/28"}],"replies":[{"embeddable":true,"href":"https:\/\/www3.unicentro.br\/midiaememoriasemfronteiras\/wp-json\/wp\/v2\/comments?post=262"}],"version-history":[{"count":0,"href":"https:\/\/www3.unicentro.br\/midiaememoriasemfronteiras\/wp-json\/wp\/v2\/pages\/262\/revisions"}],"up":[{"embeddable":true,"href":"https:\/\/www3.unicentro.br\/midiaememoriasemfronteiras\/wp-json\/wp\/v2\/pages\/198"}],"wp:attachment":[{"href":"https:\/\/www3.unicentro.br\/midiaememoriasemfronteiras\/wp-json\/wp\/v2\/media?parent=262"}],"curies":[{"name":"wp","href":"https:\/\/api.w.org\/{rel}","templated":true}]}}