{"id":258,"date":"2017-06-30T15:41:00","date_gmt":"2017-06-30T18:41:00","guid":{"rendered":"https:\/\/www3.unicentro.br\/midiaememoriasemfronteiras\/?page_id=258"},"modified":"2017-08-22T21:59:12","modified_gmt":"2017-08-23T00:59:12","slug":"impactos-do-cultivo-da-uva-na-saude-do-trabalhador-e-na-qualidade-da-agua-em-propriedades-de-marialva-pr","status":"publish","type":"page","link":"https:\/\/www3.unicentro.br\/midiaememoriasemfronteiras\/universidades\/uem\/impactos-do-cultivo-da-uva-na-saude-do-trabalhador-e-na-qualidade-da-agua-em-propriedades-de-marialva-pr\/","title":{"rendered":"Impactos do cultivo da uva na sa\u00fade do trabalhador e na qualidade da \u00e1gua em propriedades de Marialva-PR"},"content":{"rendered":"<p>Este trabalho visa analisar a situa\u00e7\u00e3o da sa\u00fade do viticultor e a rela\u00e7\u00e3o deste sistema de produ\u00e7\u00e3o com a qualidade da \u00e1gua nas unidades de produ\u00e7\u00e3o agr\u00edcola em Marialva-PR.\u00a0O estudo ser\u00e1 desenvolvido em duas etapas, primeiro por meio de abordagem quantitativa e qualitativa, sendo a etapa qualitativa desenvolvida por meio de um estudo epidemiol\u00f3gico descritivo transversal, com entrevistas aos viticultores. Junto com as entrevistas ser\u00e3o coletadas amostras de sangue e urina dos trabalhadores e tamb\u00e9m de \u00e1gua nas propriedades das fam\u00edlias entrevistadas, pr\u00f3ximo aos locais de cultivo buscando-se avaliar os res\u00edduos de metais, em pelo menos dois momentos: durante o cultivo e colheita e outra ap\u00f3s a colheita.\u00a0A etapa qualitativa do estudo ser\u00e1 realizada por meio de contato com gestores e profissionais envolvidos na problem\u00e1tica e EMATER, com entendimento e an\u00e1lise das estrat\u00e9gias institucionais na preven\u00e7\u00e3o \u00e0 exposi\u00e7\u00e3o ao uso inadequado e contamina\u00e7\u00e3o humana e ambiental por agrot\u00f3xicos utilizados no cultivo da uva.<\/p>\n<p><strong>Equipe:<\/strong><\/p>\n<p>Simone Aparecida Galerani Mossini (coordenadora);<br \/>\nSamuel Boti\u00e3o Nerilo;<br \/>\nMagda L\u00facia F\u00e9lix de Oliveira;<br \/>\nAdaelson Alves da Silva;<br \/>\n\u00c9rika Bando;<br \/>\nRenata Sano Lini;<br \/>\nRaul Gomes Aguera;<br \/>\nLais Fernanda Ferreira da Silva;<br \/>\nNadya Garcia de Oliveira;<br \/>\nBruna Giovana Nery;<br \/>\nAng\u00e9lica Sayuri Sakata;<br \/>\nSilvia Capelari;<\/p>\n","protected":false},"excerpt":{"rendered":"<p>Este trabalho visa analisar a situa\u00e7\u00e3o da sa\u00fade do viticultor e a rela\u00e7\u00e3o deste sistema de produ\u00e7\u00e3o com a qualidade da \u00e1gua nas unidades de produ\u00e7\u00e3o agr\u00edcola em Marialva-PR.\u00a0O estudo ser\u00e1 desenvolvido em duas etapas, primeiro por meio de abordagem quantitativa e qualitativa, sendo a etapa qualitativa desenvolvida por meio de um estudo epidemiol\u00f3gico descritivo [&hellip;]<\/p>\n","protected":false},"author":28,"featured_media":0,"parent":198,"menu_order":13,"comment_status":"closed","ping_status":"closed","template":"","meta":{"_exactmetrics_skip_tracking":false,"_exactmetrics_sitenote_active":false,"_exactmetrics_sitenote_note":"","_exactmetrics_sitenote_category":0,"footnotes":"","_links_to":"","_links_to_target":""},"class_list":["post-258","page","type-page","status-publish","hentry"],"_links":{"self":[{"href":"https:\/\/www3.unicentro.br\/midiaememoriasemfronteiras\/wp-json\/wp\/v2\/pages\/258","targetHints":{"allow":["GET"]}}],"collection":[{"href":"https:\/\/www3.unicentro.br\/midiaememoriasemfronteiras\/wp-json\/wp\/v2\/pages"}],"about":[{"href":"https:\/\/www3.unicentro.br\/midiaememoriasemfronteiras\/wp-json\/wp\/v2\/types\/page"}],"author":[{"embeddable":true,"href":"https:\/\/www3.unicentro.br\/midiaememoriasemfronteiras\/wp-json\/wp\/v2\/users\/28"}],"replies":[{"embeddable":true,"href":"https:\/\/www3.unicentro.br\/midiaememoriasemfronteiras\/wp-json\/wp\/v2\/comments?post=258"}],"version-history":[{"count":0,"href":"https:\/\/www3.unicentro.br\/midiaememoriasemfronteiras\/wp-json\/wp\/v2\/pages\/258\/revisions"}],"up":[{"embeddable":true,"href":"https:\/\/www3.unicentro.br\/midiaememoriasemfronteiras\/wp-json\/wp\/v2\/pages\/198"}],"wp:attachment":[{"href":"https:\/\/www3.unicentro.br\/midiaememoriasemfronteiras\/wp-json\/wp\/v2\/media?parent=258"}],"curies":[{"name":"wp","href":"https:\/\/api.w.org\/{rel}","templated":true}]}}