{"id":254,"date":"2017-06-30T15:39:56","date_gmt":"2017-06-30T18:39:56","guid":{"rendered":"https:\/\/www3.unicentro.br\/midiaememoriasemfronteiras\/?page_id=254"},"modified":"2017-08-22T21:58:55","modified_gmt":"2017-08-23T00:58:55","slug":"desenvolvimento-cultural-por-meio-da-arte","status":"publish","type":"page","link":"https:\/\/www3.unicentro.br\/midiaememoriasemfronteiras\/universidades\/uem\/desenvolvimento-cultural-por-meio-da-arte\/","title":{"rendered":"Desenvolvimento cultural por meio da arte"},"content":{"rendered":"<p>H\u00e1 dois anos, a Pr\u00f3-reitora de Extens\u00e3o e Cultura, por meio de sua Diretoria de Cultura tem conduzido um processo de discuss\u00e3o amplo e participativo para a cria\u00e7\u00e3o de seu Plano Institucional de Cultural em reflexo \u00e0s metas estabelecidas pelo Plano Nacional de Cultura. Nesse processo, p\u00f4de-se travar contato direto com a comunidade de diversos munic\u00edpios que t\u00eam campi de extens\u00e3o da Universidade. As cidades que s\u00e3o atendidas diretamente pela presen\u00e7a de campi regionais, bem como as atendidas indiretamente por fazerem parte de seu respectivo raio de influ\u00eancia, apresentam grande car\u00eancia no que se refere \u00e0 demanda art\u00edstica e cultural. Em diversas ocasi\u00f5es, visitando tais campi para a realiza\u00e7\u00e3o plen\u00e1rias de discuss\u00e3o sobre pol\u00edtica cultural com a comunidade interna e externa \u2013 incluindo lideran\u00e7as de bairros, representantes do poder p\u00fablico e cidad\u00e3os em geral \u2013 pudemos verificar a alta demanda por a\u00e7\u00f5es de cultura que a sociedade local, que participa ativamente da vida dos campi, reivindica. Fica claro que a comunidade externa enxerga que os campi precisam e teriam o potencial de contribuir de forma mais ativa nesse aspecto. H\u00e1 dois fatores principais que dificultam que esses campi contribuam com tal aspecto. A primeira \u00e9 a inexist\u00eancia de cursos voltados de forma mais efetiva para as a\u00e7\u00f5es art\u00edsticas e culturas e a segunda, decorr\u00eancia da primeira, \u00e9 a vis\u00e3o, que deve ser superada, de que as a\u00e7\u00f5es culturais devem ser fornecidas pelo compus sede da UEM. \u00c9 corrente nas \u00e1reas de estudo sobre produ\u00e7\u00e3o e pol\u00edtica cultural (Cf. TEIXEIRA COELHO, 2010; ARLINDO MACHADO, 2007) a vis\u00e3o de que a a\u00e7\u00e3o cultural produzida por eventos espor\u00e1dicos n\u00e3o \u00e9 suficiente para a cria\u00e7\u00e3o de um ambiente saud\u00e1vel e de sustentabilidade no campo da cultura. Nesse sentido h\u00e1 que se oferecer processos ativos de forma\u00e7\u00e3o de a\u00e7\u00f5es tanto no campo da produ\u00e7\u00e3o cultural quanto na produ\u00e7\u00e3o art\u00edstica para desse modo as manifesta\u00e7\u00f5es culturais e art\u00edsticas aut\u00eanticas de cada regi\u00e3o sejam potencializadas e sejam efetivas em sua transforma\u00e7\u00e3o social.<\/p>\n<p><strong>Equipe:<\/strong><\/p>\n<p>Rael Bertarelli Gimenes Toffolo (coordenador);<br \/>\nTayene Elize Ma\u00e7\u00e3o;<br \/>\nFernando Henrique Pereira;<br \/>\nLucas Men Benatti;<br \/>\nLeonardo Vin\u00edcius Fabiano;<br \/>\nAndr\u00e9 Luiz Crepaldi Costa;<\/p>\n<p><a href=\"https:\/\/www.facebook.com\/arteculturauem\/\" target=\"_blank\" rel=\"noopener\"><img loading=\"lazy\" decoding=\"async\" class=\"alignleft size-thumbnail wp-image-351\" src=\"https:\/\/www3.unicentro.br\/midiaememoriasemfronteiras\/wp-content\/uploads\/sites\/19\/2017\/06\/botao3-150x150.png\" alt=\"\" width=\"150\" height=\"150\" srcset=\"https:\/\/www3.unicentro.br\/midiaememoriasemfronteiras\/wp-content\/uploads\/sites\/19\/2017\/06\/botao3-150x150.png 150w, https:\/\/www3.unicentro.br\/midiaememoriasemfronteiras\/wp-content\/uploads\/sites\/19\/2017\/06\/botao3-50x50.png 50w, https:\/\/www3.unicentro.br\/midiaememoriasemfronteiras\/wp-content\/uploads\/sites\/19\/2017\/06\/botao3-80x80.png 80w, https:\/\/www3.unicentro.br\/midiaememoriasemfronteiras\/wp-content\/uploads\/sites\/19\/2017\/06\/botao3-263x263.png 263w, https:\/\/www3.unicentro.br\/midiaememoriasemfronteiras\/wp-content\/uploads\/sites\/19\/2017\/06\/botao3-100x100.png 100w, https:\/\/www3.unicentro.br\/midiaememoriasemfronteiras\/wp-content\/uploads\/sites\/19\/2017\/06\/botao3-526x526.png 526w\" sizes=\"auto, (max-width: 150px) 100vw, 150px\" \/><\/a><\/p>\n<p>&nbsp;<\/p>\n","protected":false},"excerpt":{"rendered":"<p>H\u00e1 dois anos, a Pr\u00f3-reitora de Extens\u00e3o e Cultura, por meio de sua Diretoria de Cultura tem conduzido um processo de discuss\u00e3o amplo e participativo para a cria\u00e7\u00e3o de seu Plano Institucional de Cultural em reflexo \u00e0s metas estabelecidas pelo Plano Nacional de Cultura. Nesse processo, p\u00f4de-se travar contato direto com a comunidade de diversos [&hellip;]<\/p>\n","protected":false},"author":28,"featured_media":0,"parent":198,"menu_order":11,"comment_status":"closed","ping_status":"closed","template":"","meta":{"_exactmetrics_skip_tracking":false,"_exactmetrics_sitenote_active":false,"_exactmetrics_sitenote_note":"","_exactmetrics_sitenote_category":0,"footnotes":"","_links_to":"","_links_to_target":""},"class_list":["post-254","page","type-page","status-publish","hentry"],"_links":{"self":[{"href":"https:\/\/www3.unicentro.br\/midiaememoriasemfronteiras\/wp-json\/wp\/v2\/pages\/254","targetHints":{"allow":["GET"]}}],"collection":[{"href":"https:\/\/www3.unicentro.br\/midiaememoriasemfronteiras\/wp-json\/wp\/v2\/pages"}],"about":[{"href":"https:\/\/www3.unicentro.br\/midiaememoriasemfronteiras\/wp-json\/wp\/v2\/types\/page"}],"author":[{"embeddable":true,"href":"https:\/\/www3.unicentro.br\/midiaememoriasemfronteiras\/wp-json\/wp\/v2\/users\/28"}],"replies":[{"embeddable":true,"href":"https:\/\/www3.unicentro.br\/midiaememoriasemfronteiras\/wp-json\/wp\/v2\/comments?post=254"}],"version-history":[{"count":0,"href":"https:\/\/www3.unicentro.br\/midiaememoriasemfronteiras\/wp-json\/wp\/v2\/pages\/254\/revisions"}],"up":[{"embeddable":true,"href":"https:\/\/www3.unicentro.br\/midiaememoriasemfronteiras\/wp-json\/wp\/v2\/pages\/198"}],"wp:attachment":[{"href":"https:\/\/www3.unicentro.br\/midiaememoriasemfronteiras\/wp-json\/wp\/v2\/media?parent=254"}],"curies":[{"name":"wp","href":"https:\/\/api.w.org\/{rel}","templated":true}]}}