{"id":25,"date":"2017-06-27T16:28:17","date_gmt":"2017-06-27T19:28:17","guid":{"rendered":"https:\/\/www3.unicentro.br\/midiaememoriasemfronteiras\/?page_id=25"},"modified":"2017-11-27T17:26:30","modified_gmt":"2017-11-27T19:26:30","slug":"contato","status":"publish","type":"page","link":"https:\/\/www3.unicentro.br\/midiaememoriasemfronteiras\/contato\/","title":{"rendered":"Contato"},"content":{"rendered":"<ul>\n<li><strong>Programa Universidade Sem Fronteiras<\/strong><\/li>\n<\/ul>\n<p><strong>Sandra Cristina Ferreira<\/strong><br \/>\nCoordenadora da Assessoria de Projetos Estrat\u00e9gicos do Gabinete \/ Universidade Sem Fronteiras<br \/>\nSecretaria de Ci\u00eancia, Tecnologia e Ensino Superior do Paran\u00e1 (Seti\/PR)<br \/>\n41-3281-7315<\/p>\n<ul>\n<li><strong>Projeto M\u00eddia e Mem\u00f3ria Sem Fronteiras<\/strong><\/li>\n<\/ul>\n<p><strong>Equipe:<\/strong><\/p>\n<p><strong>Marcio Fernandes<\/strong> (Coordenador)<br \/>\n42-98827-4518<br \/>\n<strong>Andr\u00e9 Justus<\/strong> (Bolsista)<br \/>\n42-99864-4308<br \/>\n<strong>Jasmine Horst <\/strong>(Bolsista)<br \/>\n42-98408-5272<br \/>\n<strong>Renatha Giordani <\/strong>(Bolsista)<br \/>\n42-99903-8705<\/p>\n<p>midiaememoria@unicentro.br<br \/>\n42-3621-1325<\/p>\n<p><strong>Elaine Maria dos Santos<\/strong><br \/>\nPr\u00f3-Reitora de Extens\u00e3o e Cultura da Unicentro<br \/>\n42-3621-1018<br \/>\n<strong>Let\u00edcia Faggion<\/strong><br \/>\nDiretora de Programas Interinstitucionais da Unicentro<br \/>\n42-3621-1305<\/p>\n<p>Voc\u00ea tamb\u00e9m pode entrar em contato com a gente atrav\u00e9s da nossa p\u00e1gina no\u00a0<a href=\"http:\/\/www.facebook.com\/midiaememoriasemfronteiras\/\" target=\"_blank\" rel=\"noopener\"><strong>Facebook<\/strong><\/a><\/p>\n<p>&nbsp;<\/p>\n","protected":false},"excerpt":{"rendered":"<p>Programa Universidade Sem Fronteiras Sandra Cristina Ferreira Coordenadora da Assessoria de Projetos Estrat\u00e9gicos do Gabinete \/ Universidade Sem Fronteiras Secretaria de Ci\u00eancia, Tecnologia e Ensino Superior do Paran\u00e1 (Seti\/PR) 41-3281-7315 Projeto M\u00eddia e Mem\u00f3ria Sem Fronteiras Equipe: Marcio Fernandes (Coordenador) 42-98827-4518 Andr\u00e9 Justus (Bolsista) 42-99864-4308 Jasmine Horst (Bolsista) 42-98408-5272 Renatha Giordani (Bolsista) 42-99903-8705 midiaememoria@unicentro.br 42-3621-1325 [&hellip;]<\/p>\n","protected":false},"author":28,"featured_media":0,"parent":0,"menu_order":0,"comment_status":"closed","ping_status":"closed","template":"","meta":{"_exactmetrics_skip_tracking":false,"_exactmetrics_sitenote_active":false,"_exactmetrics_sitenote_note":"","_exactmetrics_sitenote_category":0,"footnotes":"","_links_to":"","_links_to_target":""},"class_list":["post-25","page","type-page","status-publish","hentry"],"_links":{"self":[{"href":"https:\/\/www3.unicentro.br\/midiaememoriasemfronteiras\/wp-json\/wp\/v2\/pages\/25","targetHints":{"allow":["GET"]}}],"collection":[{"href":"https:\/\/www3.unicentro.br\/midiaememoriasemfronteiras\/wp-json\/wp\/v2\/pages"}],"about":[{"href":"https:\/\/www3.unicentro.br\/midiaememoriasemfronteiras\/wp-json\/wp\/v2\/types\/page"}],"author":[{"embeddable":true,"href":"https:\/\/www3.unicentro.br\/midiaememoriasemfronteiras\/wp-json\/wp\/v2\/users\/28"}],"replies":[{"embeddable":true,"href":"https:\/\/www3.unicentro.br\/midiaememoriasemfronteiras\/wp-json\/wp\/v2\/comments?post=25"}],"version-history":[{"count":0,"href":"https:\/\/www3.unicentro.br\/midiaememoriasemfronteiras\/wp-json\/wp\/v2\/pages\/25\/revisions"}],"wp:attachment":[{"href":"https:\/\/www3.unicentro.br\/midiaememoriasemfronteiras\/wp-json\/wp\/v2\/media?parent=25"}],"curies":[{"name":"wp","href":"https:\/\/api.w.org\/{rel}","templated":true}]}}