{"id":246,"date":"2017-06-30T15:38:06","date_gmt":"2017-06-30T18:38:06","guid":{"rendered":"https:\/\/www3.unicentro.br\/midiaememoriasemfronteiras\/?page_id=246"},"modified":"2017-08-22T21:57:09","modified_gmt":"2017-08-23T00:57:09","slug":"dinamizacao-das-feiras-da-agricultura-familiar-e-fomento-a-producao-organica-nos-municipios-do-pro-amusep-fase-2","status":"publish","type":"page","link":"https:\/\/www3.unicentro.br\/midiaememoriasemfronteiras\/universidades\/uem\/dinamizacao-das-feiras-da-agricultura-familiar-e-fomento-a-producao-organica-nos-municipios-do-pro-amusep-fase-2\/","title":{"rendered":"Programa Paranaense de Certifica\u00e7\u00e3o de Produtos Org\u00e2nicos (N\u00facleo UEM)"},"content":{"rendered":"<p>O projeto tem por objetivo ampliar os trabalhos de extens\u00e3o rural do n\u00facleo de certifica\u00e7\u00e3o org\u00e2nica da UEM junto aos agricultores familiares; Interiorizar a atua\u00e7\u00e3o do Estado do Paran\u00e1 no setor de produ\u00e7\u00e3o e comercializa\u00e7\u00e3o de produtos org\u00e2nicos por meio de suas institui\u00e7\u00f5es vinculadas: SETI, TECPAR, IES e SEAB e CPRA; Promover acesso ao conhecimento por parte dos agricultores familiares paranaenses em rela\u00e7\u00e3o \u00e0 agricultura org\u00e2nica e sua regulamenta\u00e7\u00e3o; Capacitar a comunidade acad\u00eamica para atua\u00e7\u00e3o em servi\u00e7os de extens\u00e3o rural para a produ\u00e7\u00e3o e certifica\u00e7\u00e3o de produtos org\u00e2nicos; Incentivar e apoiar os agricultores familiares e suas organiza\u00e7\u00f5es na comercializa\u00e7\u00e3o de produtos org\u00e2nicos junto ao Programa de Aquisi\u00e7\u00e3o de Alimentos (PAA), Programa Nacional de Alimenta\u00e7\u00e3o Escolar (PNAE) e outras iniciativas inovadoras de \u00e2mbito local e regional;<br \/>\nGerir uma pol\u00edtica integrada de comunica\u00e7\u00e3o do PPCPO, entre seus n\u00facleos e a sociedade, pautada na unicidade de seus objetivos e metas, de sua identidade visual e do uso de instrumentos de promo\u00e7\u00e3o e divulga\u00e7\u00e3o.<\/p>\n<p><strong>Equipe:<\/strong><\/p>\n<p>Edinaldo Michellon (coordenador);<br \/>\nJanaina Miyashiro Simon;<br \/>\nJaqueline da Silva Rosa;<br \/>\nVictor de Canini Cezar;<br \/>\nWellington Fernandes Pereira;<br \/>\nAndr\u00e9 Coelho Braga;<\/p>\n","protected":false},"excerpt":{"rendered":"<p>O projeto tem por objetivo ampliar os trabalhos de extens\u00e3o rural do n\u00facleo de certifica\u00e7\u00e3o org\u00e2nica da UEM junto aos agricultores familiares; Interiorizar a atua\u00e7\u00e3o do Estado do Paran\u00e1 no setor de produ\u00e7\u00e3o e comercializa\u00e7\u00e3o de produtos org\u00e2nicos por meio de suas institui\u00e7\u00f5es vinculadas: SETI, TECPAR, IES e SEAB e CPRA; Promover acesso ao conhecimento [&hellip;]<\/p>\n","protected":false},"author":28,"featured_media":0,"parent":198,"menu_order":7,"comment_status":"closed","ping_status":"closed","template":"","meta":{"_exactmetrics_skip_tracking":false,"_exactmetrics_sitenote_active":false,"_exactmetrics_sitenote_note":"","_exactmetrics_sitenote_category":0,"footnotes":"","_links_to":"","_links_to_target":""},"class_list":["post-246","page","type-page","status-publish","hentry"],"_links":{"self":[{"href":"https:\/\/www3.unicentro.br\/midiaememoriasemfronteiras\/wp-json\/wp\/v2\/pages\/246","targetHints":{"allow":["GET"]}}],"collection":[{"href":"https:\/\/www3.unicentro.br\/midiaememoriasemfronteiras\/wp-json\/wp\/v2\/pages"}],"about":[{"href":"https:\/\/www3.unicentro.br\/midiaememoriasemfronteiras\/wp-json\/wp\/v2\/types\/page"}],"author":[{"embeddable":true,"href":"https:\/\/www3.unicentro.br\/midiaememoriasemfronteiras\/wp-json\/wp\/v2\/users\/28"}],"replies":[{"embeddable":true,"href":"https:\/\/www3.unicentro.br\/midiaememoriasemfronteiras\/wp-json\/wp\/v2\/comments?post=246"}],"version-history":[{"count":0,"href":"https:\/\/www3.unicentro.br\/midiaememoriasemfronteiras\/wp-json\/wp\/v2\/pages\/246\/revisions"}],"up":[{"embeddable":true,"href":"https:\/\/www3.unicentro.br\/midiaememoriasemfronteiras\/wp-json\/wp\/v2\/pages\/198"}],"wp:attachment":[{"href":"https:\/\/www3.unicentro.br\/midiaememoriasemfronteiras\/wp-json\/wp\/v2\/media?parent=246"}],"curies":[{"name":"wp","href":"https:\/\/api.w.org\/{rel}","templated":true}]}}