{"id":242,"date":"2017-06-30T15:37:13","date_gmt":"2017-06-30T18:37:13","guid":{"rendered":"https:\/\/www3.unicentro.br\/midiaememoriasemfronteiras\/?page_id=242"},"modified":"2017-08-22T21:56:10","modified_gmt":"2017-08-23T00:56:10","slug":"capacitacao-de-jovens-aprendizes-para-o-desenvolvimento-de-produtos-de-joalheria-e-acessorios","status":"publish","type":"page","link":"https:\/\/www3.unicentro.br\/midiaememoriasemfronteiras\/universidades\/uem\/capacitacao-de-jovens-aprendizes-para-o-desenvolvimento-de-produtos-de-joalheria-e-acessorios\/","title":{"rendered":"Capacita\u00e7\u00e3o de jovens aprendizes para o desenvolvimento de produtos de joalheria e acess\u00f3rios"},"content":{"rendered":"<p>Um grande problema social que acomete praticamente todas as cidades do territ\u00f3rio nacional \u00e9 a dificuldade de inser\u00e7\u00e3o dos jovens no mercado de trabalho, que est\u00e1 relacionada com a baixa qualifica\u00e7\u00e3o e falta de diferencial para disputar vagas de emprego. Um dos caminhos para aumentar a viabilidade dessas propostas \u00e9 aproveitar a \u00e1rea de intersec\u00e7\u00e3o existente entre o conhecimento acad\u00eamico e o sistema produtivo local, atuando nos jovens aprendizes para facilitar seu ingresso no mercado de trabalho.\u00a0 O objetivo deste projeto \u00e9 capacitar jovens aprendizes entre 14 e 17 anos de uma institui\u00e7\u00e3o assistencial da cidade de Cianorte\/PR e capacit\u00e1-los para o mercado de trabalho com conhecimentos para o desenvolvimento de joalheria e acess\u00f3rios. Os alunos receber\u00e3o instru\u00e7\u00e3o te\u00f3rico-pr\u00e1tica acerca de v\u00e1rias etapas de desenvolvimento de produto e sobre t\u00e9cnicas de produ\u00e7\u00e3o em joalheria e acess\u00f3rios, produzindo pe\u00e7as originais e autorais ao final do curso. Tamb\u00e9m ser\u00e3o assessorados sobre posicionamento no mercado de trabalho, por meio do aux\u00edlio a produ\u00e7\u00e3o de curr\u00edculo e portf\u00f3lio.<\/p>\n<p><strong>Equipe:<\/strong><\/p>\n<p>Bruno Montanari Razza\u00a0(coordenador);<br \/>\nFabio Luiz Grassi (orientador);<br \/>\nBianca Lopes Costa;<br \/>\nJhey Francis Duarte;<br \/>\nJo\u00e3o Carlos Nisikava;<\/p>\n","protected":false},"excerpt":{"rendered":"<p>Um grande problema social que acomete praticamente todas as cidades do territ\u00f3rio nacional \u00e9 a dificuldade de inser\u00e7\u00e3o dos jovens no mercado de trabalho, que est\u00e1 relacionada com a baixa qualifica\u00e7\u00e3o e falta de diferencial para disputar vagas de emprego. Um dos caminhos para aumentar a viabilidade dessas propostas \u00e9 aproveitar a \u00e1rea de intersec\u00e7\u00e3o [&hellip;]<\/p>\n","protected":false},"author":28,"featured_media":0,"parent":198,"menu_order":5,"comment_status":"closed","ping_status":"closed","template":"","meta":{"_exactmetrics_skip_tracking":false,"_exactmetrics_sitenote_active":false,"_exactmetrics_sitenote_note":"","_exactmetrics_sitenote_category":0,"footnotes":"","_links_to":"","_links_to_target":""},"class_list":["post-242","page","type-page","status-publish","hentry"],"_links":{"self":[{"href":"https:\/\/www3.unicentro.br\/midiaememoriasemfronteiras\/wp-json\/wp\/v2\/pages\/242","targetHints":{"allow":["GET"]}}],"collection":[{"href":"https:\/\/www3.unicentro.br\/midiaememoriasemfronteiras\/wp-json\/wp\/v2\/pages"}],"about":[{"href":"https:\/\/www3.unicentro.br\/midiaememoriasemfronteiras\/wp-json\/wp\/v2\/types\/page"}],"author":[{"embeddable":true,"href":"https:\/\/www3.unicentro.br\/midiaememoriasemfronteiras\/wp-json\/wp\/v2\/users\/28"}],"replies":[{"embeddable":true,"href":"https:\/\/www3.unicentro.br\/midiaememoriasemfronteiras\/wp-json\/wp\/v2\/comments?post=242"}],"version-history":[{"count":0,"href":"https:\/\/www3.unicentro.br\/midiaememoriasemfronteiras\/wp-json\/wp\/v2\/pages\/242\/revisions"}],"up":[{"embeddable":true,"href":"https:\/\/www3.unicentro.br\/midiaememoriasemfronteiras\/wp-json\/wp\/v2\/pages\/198"}],"wp:attachment":[{"href":"https:\/\/www3.unicentro.br\/midiaememoriasemfronteiras\/wp-json\/wp\/v2\/media?parent=242"}],"curies":[{"name":"wp","href":"https:\/\/api.w.org\/{rel}","templated":true}]}}