{"id":240,"date":"2017-06-30T15:36:50","date_gmt":"2017-06-30T18:36:50","guid":{"rendered":"https:\/\/www3.unicentro.br\/midiaememoriasemfronteiras\/?page_id=240"},"modified":"2017-06-30T15:36:50","modified_gmt":"2017-06-30T18:36:50","slug":"producao-sustentavel-e-estruturacao-da-cadeia-de-ovinos-de-corte","status":"publish","type":"page","link":"https:\/\/www3.unicentro.br\/midiaememoriasemfronteiras\/universidades\/uem\/producao-sustentavel-e-estruturacao-da-cadeia-de-ovinos-de-corte\/","title":{"rendered":"Produ\u00e7\u00e3o sustent\u00e1vel e estrutura\u00e7\u00e3o da cadeia de ovinos de corte"},"content":{"rendered":"","protected":false},"excerpt":{"rendered":"","protected":false},"author":28,"featured_media":0,"parent":198,"menu_order":4,"comment_status":"closed","ping_status":"closed","template":"","meta":{"_exactmetrics_skip_tracking":false,"_exactmetrics_sitenote_active":false,"_exactmetrics_sitenote_note":"","_exactmetrics_sitenote_category":0,"footnotes":"","_links_to":"","_links_to_target":""},"class_list":["post-240","page","type-page","status-publish","hentry"],"_links":{"self":[{"href":"https:\/\/www3.unicentro.br\/midiaememoriasemfronteiras\/wp-json\/wp\/v2\/pages\/240","targetHints":{"allow":["GET"]}}],"collection":[{"href":"https:\/\/www3.unicentro.br\/midiaememoriasemfronteiras\/wp-json\/wp\/v2\/pages"}],"about":[{"href":"https:\/\/www3.unicentro.br\/midiaememoriasemfronteiras\/wp-json\/wp\/v2\/types\/page"}],"author":[{"embeddable":true,"href":"https:\/\/www3.unicentro.br\/midiaememoriasemfronteiras\/wp-json\/wp\/v2\/users\/28"}],"replies":[{"embeddable":true,"href":"https:\/\/www3.unicentro.br\/midiaememoriasemfronteiras\/wp-json\/wp\/v2\/comments?post=240"}],"version-history":[{"count":0,"href":"https:\/\/www3.unicentro.br\/midiaememoriasemfronteiras\/wp-json\/wp\/v2\/pages\/240\/revisions"}],"up":[{"embeddable":true,"href":"https:\/\/www3.unicentro.br\/midiaememoriasemfronteiras\/wp-json\/wp\/v2\/pages\/198"}],"wp:attachment":[{"href":"https:\/\/www3.unicentro.br\/midiaememoriasemfronteiras\/wp-json\/wp\/v2\/media?parent=240"}],"curies":[{"name":"wp","href":"https:\/\/api.w.org\/{rel}","templated":true}]}}