{"id":235,"date":"2017-06-30T15:36:09","date_gmt":"2017-06-30T18:36:09","guid":{"rendered":"https:\/\/www3.unicentro.br\/midiaememoriasemfronteiras\/?page_id=235"},"modified":"2017-08-22T21:55:56","modified_gmt":"2017-08-23T00:55:56","slug":"violencia-na-escola-e-sua-relacao-com-as-caracteristicas-sociais-e-espaciais","status":"publish","type":"page","link":"https:\/\/www3.unicentro.br\/midiaememoriasemfronteiras\/universidades\/uem\/violencia-na-escola-e-sua-relacao-com-as-caracteristicas-sociais-e-espaciais\/","title":{"rendered":"Viol\u00eancia na escola e sua rela\u00e7\u00e3o com as caracter\u00edsticas sociais e espaciais"},"content":{"rendered":"<p>O projeto Viol\u00eancia na Escola teve in\u00edcio em sua vers\u00e3o piloto no ano de 2015 (final do ano), a proposta seria trabalhar com todos os alunos do ensino m\u00e9dio de uma das cidades da Regi\u00e3o Metropolitana de Maring\u00e1 (RMM), Sarandi foi a escolhida por se tratar de uma das cidades que apresenta maior crescimento, aproximadamente 5% ao ano. Posteriormente, foi definido que a abordagem dos alunos se daria por s\u00e9ries, iniciando pelo 1\u00ba ano do E.M. por se tratar do ano que existe maior evas\u00e3o, pretend\u00edamos investigar porque os alunos evadiam nessa mudan\u00e7a do ensino fundamental para o m\u00e9dio e, tamb\u00e9m, realizar acompanhamento nos anos\u00a0subsequentes.<\/p>\n<p>O projeto piloto foi um sucesso, formamos em cada um dos sete col\u00e9gios de Sarandi com E.M. um pequeno grupo de alunos, realizamos diversas atividades, trouxemos eles mais de uma vez a Universidade, montamos um grande banco de dados atrav\u00e9s de pesquisas prim\u00e1rias que realizamos com quase 1 mil alunos e temos como resultado final um extenso relat\u00f3rio. Iniciamos 2016 com as propostas para a II Edi\u00e7\u00e3o do Proj. Viol\u00eancia na Escola, estamos indo semanalmente aos col\u00e9gios, trabalhamos sobre diversos temas no sentido de problematizar quest\u00f5es relacionadas a viol\u00eancia simb\u00f3lica, na tentativa de aproximar da Universidade\u00a0esses jovens, que s\u00e3o em sua grande maioria provenientes de fam\u00edlias pobres e, portanto, n\u00e3o possuem a UEM como horizonte de possibilidade.<\/p>\n<p><strong>Equipe:<\/strong><\/p>\n<p>Ana L\u00facia Rodrigues (coordenadora);<br \/>\nNaiara Sandi de Almeida Alcantara;<br \/>\nDouglas Marcato Martins;<br \/>\nMilena Cristina Belan\u00e7on;<br \/>\nKaritta da Silva Lopes;<br \/>\nSara Fabr\u00edcio dos Santos;<\/p>\n<p><a href=\"https:\/\/www.facebook.com\/proextviolencianasescolas\/?ref=aymt_homepage_panel\" target=\"_blank\" rel=\"noopener\"><img loading=\"lazy\" decoding=\"async\" class=\"alignleft size-thumbnail wp-image-351\" src=\"https:\/\/www3.unicentro.br\/midiaememoriasemfronteiras\/wp-content\/uploads\/sites\/19\/2017\/06\/botao3-150x150.png\" alt=\"\" width=\"150\" height=\"150\" srcset=\"https:\/\/www3.unicentro.br\/midiaememoriasemfronteiras\/wp-content\/uploads\/sites\/19\/2017\/06\/botao3-150x150.png 150w, https:\/\/www3.unicentro.br\/midiaememoriasemfronteiras\/wp-content\/uploads\/sites\/19\/2017\/06\/botao3-50x50.png 50w, https:\/\/www3.unicentro.br\/midiaememoriasemfronteiras\/wp-content\/uploads\/sites\/19\/2017\/06\/botao3-80x80.png 80w, https:\/\/www3.unicentro.br\/midiaememoriasemfronteiras\/wp-content\/uploads\/sites\/19\/2017\/06\/botao3-263x263.png 263w, https:\/\/www3.unicentro.br\/midiaememoriasemfronteiras\/wp-content\/uploads\/sites\/19\/2017\/06\/botao3-100x100.png 100w, https:\/\/www3.unicentro.br\/midiaememoriasemfronteiras\/wp-content\/uploads\/sites\/19\/2017\/06\/botao3-526x526.png 526w\" sizes=\"auto, (max-width: 150px) 100vw, 150px\" \/><\/a><\/p>\n<p>&nbsp;<\/p>\n","protected":false},"excerpt":{"rendered":"<p>O projeto Viol\u00eancia na Escola teve in\u00edcio em sua vers\u00e3o piloto no ano de 2015 (final do ano), a proposta seria trabalhar com todos os alunos do ensino m\u00e9dio de uma das cidades da Regi\u00e3o Metropolitana de Maring\u00e1 (RMM), Sarandi foi a escolhida por se tratar de uma das cidades que apresenta maior crescimento, aproximadamente [&hellip;]<\/p>\n","protected":false},"author":28,"featured_media":0,"parent":198,"menu_order":2,"comment_status":"closed","ping_status":"closed","template":"","meta":{"_exactmetrics_skip_tracking":false,"_exactmetrics_sitenote_active":false,"_exactmetrics_sitenote_note":"","_exactmetrics_sitenote_category":0,"footnotes":"","_links_to":"","_links_to_target":""},"class_list":["post-235","page","type-page","status-publish","hentry"],"_links":{"self":[{"href":"https:\/\/www3.unicentro.br\/midiaememoriasemfronteiras\/wp-json\/wp\/v2\/pages\/235","targetHints":{"allow":["GET"]}}],"collection":[{"href":"https:\/\/www3.unicentro.br\/midiaememoriasemfronteiras\/wp-json\/wp\/v2\/pages"}],"about":[{"href":"https:\/\/www3.unicentro.br\/midiaememoriasemfronteiras\/wp-json\/wp\/v2\/types\/page"}],"author":[{"embeddable":true,"href":"https:\/\/www3.unicentro.br\/midiaememoriasemfronteiras\/wp-json\/wp\/v2\/users\/28"}],"replies":[{"embeddable":true,"href":"https:\/\/www3.unicentro.br\/midiaememoriasemfronteiras\/wp-json\/wp\/v2\/comments?post=235"}],"version-history":[{"count":0,"href":"https:\/\/www3.unicentro.br\/midiaememoriasemfronteiras\/wp-json\/wp\/v2\/pages\/235\/revisions"}],"up":[{"embeddable":true,"href":"https:\/\/www3.unicentro.br\/midiaememoriasemfronteiras\/wp-json\/wp\/v2\/pages\/198"}],"wp:attachment":[{"href":"https:\/\/www3.unicentro.br\/midiaememoriasemfronteiras\/wp-json\/wp\/v2\/media?parent=235"}],"curies":[{"name":"wp","href":"https:\/\/api.w.org\/{rel}","templated":true}]}}