{"id":23,"date":"2017-06-27T16:28:01","date_gmt":"2017-06-27T19:28:01","guid":{"rendered":"https:\/\/www3.unicentro.br\/midiaememoriasemfronteiras\/?page_id=23"},"modified":"2017-09-15T19:05:15","modified_gmt":"2017-09-15T22:05:15","slug":"usf","status":"publish","type":"page","link":"https:\/\/www3.unicentro.br\/midiaememoriasemfronteiras\/usf\/","title":{"rendered":"O que \u00e9 o USF"},"content":{"rendered":"<p><img loading=\"lazy\" decoding=\"async\" class=\"alignleft wp-image-268 size-medium\" src=\"https:\/\/www3.unicentro.br\/midiaememoriasemfronteiras\/wp-content\/uploads\/sites\/19\/2017\/06\/usf-296x300.png\" alt=\"\" width=\"296\" height=\"300\" \/><br \/>\n<img loading=\"lazy\" decoding=\"async\" class=\"alignleft wp-image-683 size-medium\" src=\"https:\/\/www3.unicentro.br\/midiaememoriasemfronteiras\/wp-content\/uploads\/sites\/19\/2017\/06\/22-7-2016-g-fronteira-300x269.jpg\" alt=\"\" width=\"300\" height=\"269\" \/>O Programa \u201c<strong>Universidade Sem Fronteiras<\/strong>\u201d \u2013 USF, em conformidade com a Lei Estadual n. 16.643, de 24 de novembro de 2010, tem como objetivo realizar uma pol\u00edtica de extens\u00e3o nas institui\u00e7\u00f5es p\u00fablicas ou privadas, sem fins lucrativos, que praticam a dissemina\u00e7\u00e3o de conhecimentos atrav\u00e9s de projetos de extens\u00e3o, sendo prioridade as \u00e1reas consideradas estrat\u00e9gicas, ou seja, aquelas que privilegiam os munic\u00edpios com baixo \u00cdndice de Desenvolvimento Humano Municipal \u2013 IDHM, assim como os bols\u00f5es de pobreza das periferias das cidades paranaenses.<\/p>\n<p>As a\u00e7\u00f5es do Programa de Extens\u00e3o \u201cUniversidade Sem Fronteiras\u201d \u2013 USF visam o desenvolvimento da pesquisa, da capacita\u00e7\u00e3o e da produ\u00e7\u00e3o tecnol\u00f3gica voltadas para a melhoria da qualidade de vida da popula\u00e7\u00e3o paranaense.<\/p>\n<p>Mais informa\u00e7\u00f5es: <a href=\"https:\/\/goo.gl\/mwLt3b\" target=\"_blank\" rel=\"noopener\">https:\/\/goo.gl\/mwLt3b<\/a><\/p>\n","protected":false},"excerpt":{"rendered":"<p>O Programa \u201cUniversidade Sem Fronteiras\u201d \u2013 USF, em conformidade com a Lei Estadual n. 16.643, de 24 de novembro de 2010, tem como objetivo realizar uma pol\u00edtica de extens\u00e3o nas institui\u00e7\u00f5es p\u00fablicas ou privadas, sem fins lucrativos, que praticam a dissemina\u00e7\u00e3o de conhecimentos atrav\u00e9s de projetos de extens\u00e3o, sendo prioridade as \u00e1reas consideradas estrat\u00e9gicas, ou [&hellip;]<\/p>\n","protected":false},"author":28,"featured_media":0,"parent":0,"menu_order":0,"comment_status":"closed","ping_status":"closed","template":"","meta":{"_exactmetrics_skip_tracking":false,"_exactmetrics_sitenote_active":false,"_exactmetrics_sitenote_note":"","_exactmetrics_sitenote_category":0,"footnotes":"","_links_to":"","_links_to_target":""},"class_list":["post-23","page","type-page","status-publish","hentry"],"_links":{"self":[{"href":"https:\/\/www3.unicentro.br\/midiaememoriasemfronteiras\/wp-json\/wp\/v2\/pages\/23","targetHints":{"allow":["GET"]}}],"collection":[{"href":"https:\/\/www3.unicentro.br\/midiaememoriasemfronteiras\/wp-json\/wp\/v2\/pages"}],"about":[{"href":"https:\/\/www3.unicentro.br\/midiaememoriasemfronteiras\/wp-json\/wp\/v2\/types\/page"}],"author":[{"embeddable":true,"href":"https:\/\/www3.unicentro.br\/midiaememoriasemfronteiras\/wp-json\/wp\/v2\/users\/28"}],"replies":[{"embeddable":true,"href":"https:\/\/www3.unicentro.br\/midiaememoriasemfronteiras\/wp-json\/wp\/v2\/comments?post=23"}],"version-history":[{"count":0,"href":"https:\/\/www3.unicentro.br\/midiaememoriasemfronteiras\/wp-json\/wp\/v2\/pages\/23\/revisions"}],"wp:attachment":[{"href":"https:\/\/www3.unicentro.br\/midiaememoriasemfronteiras\/wp-json\/wp\/v2\/media?parent=23"}],"curies":[{"name":"wp","href":"https:\/\/api.w.org\/{rel}","templated":true}]}}