{"id":228,"date":"2017-06-30T15:22:24","date_gmt":"2017-06-30T18:22:24","guid":{"rendered":"https:\/\/www3.unicentro.br\/midiaememoriasemfronteiras\/?page_id=228"},"modified":"2017-11-13T18:04:21","modified_gmt":"2017-11-13T20:04:21","slug":"apoio-psicoeducativo-e-psicoterapeutico-das-pessoas-e-familiares-com-alteracao-genetica","status":"publish","type":"page","link":"https:\/\/www3.unicentro.br\/midiaememoriasemfronteiras\/universidades\/uel\/apoio-psicoeducativo-e-psicoterapeutico-das-pessoas-e-familiares-com-alteracao-genetica\/","title":{"rendered":"Apoio psicoeducativo e psicoterap\u00eautico das pessoas e familiares com altera\u00e7\u00e3o gen\u00e9tica e desenvolvimento profissional"},"content":{"rendered":"<p class=\"xmsonormal\" style=\"text-align: justify;background: white\"><span style=\"color: #212121\">Altera\u00e7\u00f5es cromoss\u00f4micas e doen\u00e7as cr\u00f4nicas podem causar v\u00e1rios comprometimentos biopsicossociais ao portador. Diversas s\u00edndromes est\u00e3o relacionadas h\u00e1 altera\u00e7\u00f5es cromoss\u00f4micas, por exemplo, s\u00edndrome de down, edwards, turner, klinefelter, patau, entre outras. Muitas altera\u00e7\u00f5es s\u00e3o identificadas do pr\u00e9-natal a adolesc\u00eancia de acordo com o grau de comprometimento. H\u00e1 casos que a pessoa s\u00f3 descobre a altera\u00e7\u00e3o quando tenta ter filhos e n\u00e3o consegue, apresenta abortos repetitivos ou tem algum filho com altera\u00e7\u00e3o e necessita fazer o exame. Em todos os casos a pessoa ter\u00e1 que lidar com a condi\u00e7\u00e3o para toda a vida. Muitos passam por diversos tratamentos e cirurgias para minimizar os comprometimentos e se adaptar as diferentes demandas que v\u00e3o surgir, mas \u00e9 ineg\u00e1vel o impacto na vida psicossocial de cada pessoa e familiares. O presente projeto \u00e9 composto por uma equipe envolvendo os cursos de psicologia, biologia, medicina e designer. Com base em suas experi\u00eancias com altera\u00e7\u00e3o gen\u00e9tica, doen\u00e7as cr\u00f4nicas, capacita\u00e7\u00e3o de pais e professores, visam contribuir para a efetiva\u00e7\u00e3o da portaria 81\/2009 (lei federal sus) do direito do cidad\u00e3o brasileiro ao acesso as informa\u00e7\u00f5es e orienta\u00e7\u00f5es sobre altera\u00e7\u00e3o gen\u00e9tica e seus devidos encaminhamentos. Promovendo um atendimento mais integral e humanizado aos pacientes e familiares, garantindo o acesso h\u00e1 um atendimento gratuito, especializado, interdisciplinar e de qualidade para a promo\u00e7\u00e3o da sa\u00fade, melhorando as condi\u00e7\u00f5es de vida destas pessoas. Al\u00e9m de criar uma rede de aten\u00e7\u00e3o capacitada composta por profissionais, acad\u00eamicos e por pessoas da comunidade em geral, informadas sobre as altera\u00e7\u00f5es gen\u00e9ticas e dos poss\u00edveis impactos biopsicossociais. O projeto ser\u00e1 realizado durante um per\u00edodo de 12 (doze) meses. Ser\u00e3o inclu\u00eddos como popula\u00e7\u00e3o alvo das a\u00e7\u00f5es deste projeto: as pessoas encaminhadas pelo servi\u00e7o de aconselhamento gen\u00e9tico da universidade estadual de londrina, ambulat\u00f3rio do hospital universit\u00e1rio e das cl\u00ednicas, e por busca espont\u00e2nea, preferencialmente. Al\u00e9m dos alunos e profissionais que atuam direta ou indiretamente com essa popula\u00e7\u00e3o, bem como a comunidade em geral.\u00a0<\/span><\/p>\n<p><strong>Equipe:<\/strong><\/p>\n<p>Renata Grossi (coordenadora)<br \/>\nBruno Henrique de Souza Guerra<br \/>\nGuilherme Gomes dos Santos<br \/>\nThais Concei\u00e7\u00e3o da Silva<\/p>\n<p>&nbsp;<\/p>\n","protected":false},"excerpt":{"rendered":"<p>Altera\u00e7\u00f5es cromoss\u00f4micas e doen\u00e7as cr\u00f4nicas podem causar v\u00e1rios comprometimentos biopsicossociais ao portador. Diversas s\u00edndromes est\u00e3o relacionadas h\u00e1 altera\u00e7\u00f5es cromoss\u00f4micas, por exemplo, s\u00edndrome de down, edwards, turner, klinefelter, patau, entre outras. Muitas altera\u00e7\u00f5es s\u00e3o identificadas do pr\u00e9-natal a adolesc\u00eancia de acordo com o grau de comprometimento. H\u00e1 casos que a pessoa s\u00f3 descobre a altera\u00e7\u00e3o quando [&hellip;]<\/p>\n","protected":false},"author":28,"featured_media":0,"parent":197,"menu_order":12,"comment_status":"closed","ping_status":"closed","template":"","meta":{"_exactmetrics_skip_tracking":false,"_exactmetrics_sitenote_active":false,"_exactmetrics_sitenote_note":"","_exactmetrics_sitenote_category":0,"footnotes":"","_links_to":"","_links_to_target":""},"class_list":["post-228","page","type-page","status-publish","hentry"],"_links":{"self":[{"href":"https:\/\/www3.unicentro.br\/midiaememoriasemfronteiras\/wp-json\/wp\/v2\/pages\/228","targetHints":{"allow":["GET"]}}],"collection":[{"href":"https:\/\/www3.unicentro.br\/midiaememoriasemfronteiras\/wp-json\/wp\/v2\/pages"}],"about":[{"href":"https:\/\/www3.unicentro.br\/midiaememoriasemfronteiras\/wp-json\/wp\/v2\/types\/page"}],"author":[{"embeddable":true,"href":"https:\/\/www3.unicentro.br\/midiaememoriasemfronteiras\/wp-json\/wp\/v2\/users\/28"}],"replies":[{"embeddable":true,"href":"https:\/\/www3.unicentro.br\/midiaememoriasemfronteiras\/wp-json\/wp\/v2\/comments?post=228"}],"version-history":[{"count":0,"href":"https:\/\/www3.unicentro.br\/midiaememoriasemfronteiras\/wp-json\/wp\/v2\/pages\/228\/revisions"}],"up":[{"embeddable":true,"href":"https:\/\/www3.unicentro.br\/midiaememoriasemfronteiras\/wp-json\/wp\/v2\/pages\/197"}],"wp:attachment":[{"href":"https:\/\/www3.unicentro.br\/midiaememoriasemfronteiras\/wp-json\/wp\/v2\/media?parent=228"}],"curies":[{"name":"wp","href":"https:\/\/api.w.org\/{rel}","templated":true}]}}