{"id":226,"date":"2017-06-30T15:21:38","date_gmt":"2017-06-30T18:21:38","guid":{"rendered":"https:\/\/www3.unicentro.br\/midiaememoriasemfronteiras\/?page_id=226"},"modified":"2017-07-05T14:48:52","modified_gmt":"2017-07-05T17:48:52","slug":"educacao-financeira-matematica-economia-e-cidadania","status":"publish","type":"page","link":"https:\/\/www3.unicentro.br\/midiaememoriasemfronteiras\/universidades\/uel\/educacao-financeira-matematica-economia-e-cidadania\/","title":{"rendered":"Educa\u00e7\u00e3o Financeira: Matem\u00e1tica, economia e cidadania"},"content":{"rendered":"<p>A Educa\u00e7\u00e3o Financeira \u00e9 um tema transversal que pode envolver diversas \u00e1reas do conhecimento, e que pode ser abordada a partir dos conhecimentos matem\u00e1ticos que a envolvem. Desenvolveremos as a\u00e7\u00f5es deste projeto em um trabalho conjunto com das \u00e1reas de Educa\u00e7\u00e3o Matem\u00e1tica, Matem\u00e1tica, Educa\u00e7\u00e3o, Economia e Servi\u00e7o Social. Promoveremos oficinas, cursos e palestras para crian\u00e7as, jovens e adultos de comunidades de Londrina com baixo \u00cdndice de Desenvolvimento Humano (IDH) a fim de desenvolvermos compet\u00eancias e habilidades que contribuam para a forma\u00e7\u00e3o de consumidores conscientes, educados financeiramente, refletindo sobre o seu consumo, e os impactos econ\u00f4micos, sociais e ambientais com maior propriedade. Desenvolveremos estrat\u00e9gias de educa\u00e7\u00e3o financeira por meio de m\u00e9todos e ferramentas dirigidos \u00e0s especificidades sociais, econ\u00f4micas, culturais e ao comportamento financeiro do p\u00fablico alvo. As \u00e1reas de conhecimento supracitadas s\u00e3o capazes de contribuir para esta forma\u00e7\u00e3o oferecendo conceitos e ideias que podem delinear os problemas relacionados \u00e0 Educa\u00e7\u00e3o Financeira, al\u00e9m de oferecer formas de resolv\u00ea-los.\u00a0 Podem oferecer aos cidad\u00e3os, conhecimentos suficientes para auxili\u00e1-los a tomar decis\u00f5es, tendo como base uma vida planejada a partir dos recursos que prov\u00e9m e, dos direitos sociais que possui.<\/p>\n<p><strong>Equipe:<\/strong><\/p>\n<p>Regina Celia Guapo Pasquini (coordenadora)<\/p>\n","protected":false},"excerpt":{"rendered":"<p>A Educa\u00e7\u00e3o Financeira \u00e9 um tema transversal que pode envolver diversas \u00e1reas do conhecimento, e que pode ser abordada a partir dos conhecimentos matem\u00e1ticos que a envolvem. Desenvolveremos as a\u00e7\u00f5es deste projeto em um trabalho conjunto com das \u00e1reas de Educa\u00e7\u00e3o Matem\u00e1tica, Matem\u00e1tica, Educa\u00e7\u00e3o, Economia e Servi\u00e7o Social. Promoveremos oficinas, cursos e palestras para crian\u00e7as, [&hellip;]<\/p>\n","protected":false},"author":28,"featured_media":0,"parent":197,"menu_order":11,"comment_status":"closed","ping_status":"closed","template":"","meta":{"_exactmetrics_skip_tracking":false,"_exactmetrics_sitenote_active":false,"_exactmetrics_sitenote_note":"","_exactmetrics_sitenote_category":0,"footnotes":"","_links_to":"","_links_to_target":""},"class_list":["post-226","page","type-page","status-publish","hentry"],"_links":{"self":[{"href":"https:\/\/www3.unicentro.br\/midiaememoriasemfronteiras\/wp-json\/wp\/v2\/pages\/226","targetHints":{"allow":["GET"]}}],"collection":[{"href":"https:\/\/www3.unicentro.br\/midiaememoriasemfronteiras\/wp-json\/wp\/v2\/pages"}],"about":[{"href":"https:\/\/www3.unicentro.br\/midiaememoriasemfronteiras\/wp-json\/wp\/v2\/types\/page"}],"author":[{"embeddable":true,"href":"https:\/\/www3.unicentro.br\/midiaememoriasemfronteiras\/wp-json\/wp\/v2\/users\/28"}],"replies":[{"embeddable":true,"href":"https:\/\/www3.unicentro.br\/midiaememoriasemfronteiras\/wp-json\/wp\/v2\/comments?post=226"}],"version-history":[{"count":0,"href":"https:\/\/www3.unicentro.br\/midiaememoriasemfronteiras\/wp-json\/wp\/v2\/pages\/226\/revisions"}],"up":[{"embeddable":true,"href":"https:\/\/www3.unicentro.br\/midiaememoriasemfronteiras\/wp-json\/wp\/v2\/pages\/197"}],"wp:attachment":[{"href":"https:\/\/www3.unicentro.br\/midiaememoriasemfronteiras\/wp-json\/wp\/v2\/media?parent=226"}],"curies":[{"name":"wp","href":"https:\/\/api.w.org\/{rel}","templated":true}]}}