{"id":218,"date":"2017-06-30T15:17:32","date_gmt":"2017-06-30T18:17:32","guid":{"rendered":"https:\/\/www3.unicentro.br\/midiaememoriasemfronteiras\/?page_id=218"},"modified":"2017-07-04T23:56:00","modified_gmt":"2017-07-05T02:56:00","slug":"fomento-a-sistemas-agroecologicos-para-inclusao-tecnologica-produtiva-e-mercantil-de-mulheres-camponesas","status":"publish","type":"page","link":"https:\/\/www3.unicentro.br\/midiaememoriasemfronteiras\/universidades\/uel\/fomento-a-sistemas-agroecologicos-para-inclusao-tecnologica-produtiva-e-mercantil-de-mulheres-camponesas\/","title":{"rendered":"Fomento a sistemas agroecol\u00f3gicos para inclus\u00e3o tecnol\u00f3gica, produtiva e mercantil de mulheres camponesas"},"content":{"rendered":"<p>O projeto tem como objetivo fortalecimento de sistemas agroecol\u00f3gicos conduzidos por mulheres camponesas segundo o princ\u00edpio do empoderamento feminino, aumento da renda familiar camponesa e inclus\u00e3o tecnol\u00f3gica-produtiva-mercantil. O trabalho de extens\u00e3o consiste em duas frentes: 1- Programar a\u00e7\u00f5es de cunho participativo junto a mulheres agricultoras com o objetivo de apoiar, melhorar e disseminar o processo de produ\u00e7\u00e3o de quintal no sistema agroecol\u00f3gico de cultivo, juntamente com o uso e a conserva\u00e7\u00e3o de suas pr\u00f3prias sementes. Essas a\u00e7\u00f5es visam: organizar e viabilizar a produ\u00e7\u00e3o de comida e sementes pr\u00f3prias, colocando-as em uso de forma r\u00e1pida; caracterizar o desempenho das variedades nas propriedades; validar informa\u00e7\u00f5es dispon\u00edveis; promover a aproxima\u00e7\u00e3o dos pesquisadores e estudantes com a realidade da agricultura camponesa.<\/p>\n<p>2- Promover a correla\u00e7\u00e3o entre a produ\u00e7\u00e3o de alimentos e o consumo includente e socialmente justo. As a\u00e7\u00f5es est\u00e3o orientadas para o fortalecimento de uma cadeia tri\u00e1dica, composta por mediadores, que se comprometem a atuar com vistas ao fortalecimento dos princ\u00edpios nos quais repousam a estrat\u00e9gia das sacolas camponesas, que funcionam dentro de um sistema conhecido como CSA &#8211; Community Supported Agriculture (Agricultura Apoiada pela Comunidade), as mulheres camponesas, que comprometem-se com o fornecimento de alimentos de qualidade provenientes do manejo agroecol\u00f3gico e os apoiadores, que comprometem-se com a aquisi\u00e7\u00e3o semanal dos alimentos segundo os termos conjuntamente estipulados.<\/p>\n<p><strong>Equipe:<\/strong><\/p>\n<p>Eliane Tomiasi Paulino (coordenadora)<br \/>\nEstevan Leopoldo de Freitas Coca<br \/>\nMargarida Cassia Campos<br \/>\nRosangela Aparecida Pinto Moreira<br \/>\nAlene Mariana Silva Godoy<br \/>\nB\u00e1rbara Bandelli Asanger<br \/>\nIara Muniz Camacho<br \/>\nThiara Gon\u00e7alves Campanha<\/p>\n","protected":false},"excerpt":{"rendered":"<p>O projeto tem como objetivo fortalecimento de sistemas agroecol\u00f3gicos conduzidos por mulheres camponesas segundo o princ\u00edpio do empoderamento feminino, aumento da renda familiar camponesa e inclus\u00e3o tecnol\u00f3gica-produtiva-mercantil. O trabalho de extens\u00e3o consiste em duas frentes: 1- Programar a\u00e7\u00f5es de cunho participativo junto a mulheres agricultoras com o objetivo de apoiar, melhorar e disseminar o processo [&hellip;]<\/p>\n","protected":false},"author":28,"featured_media":0,"parent":197,"menu_order":7,"comment_status":"closed","ping_status":"closed","template":"","meta":{"_exactmetrics_skip_tracking":false,"_exactmetrics_sitenote_active":false,"_exactmetrics_sitenote_note":"","_exactmetrics_sitenote_category":0,"footnotes":"","_links_to":"","_links_to_target":""},"class_list":["post-218","page","type-page","status-publish","hentry"],"_links":{"self":[{"href":"https:\/\/www3.unicentro.br\/midiaememoriasemfronteiras\/wp-json\/wp\/v2\/pages\/218","targetHints":{"allow":["GET"]}}],"collection":[{"href":"https:\/\/www3.unicentro.br\/midiaememoriasemfronteiras\/wp-json\/wp\/v2\/pages"}],"about":[{"href":"https:\/\/www3.unicentro.br\/midiaememoriasemfronteiras\/wp-json\/wp\/v2\/types\/page"}],"author":[{"embeddable":true,"href":"https:\/\/www3.unicentro.br\/midiaememoriasemfronteiras\/wp-json\/wp\/v2\/users\/28"}],"replies":[{"embeddable":true,"href":"https:\/\/www3.unicentro.br\/midiaememoriasemfronteiras\/wp-json\/wp\/v2\/comments?post=218"}],"version-history":[{"count":0,"href":"https:\/\/www3.unicentro.br\/midiaememoriasemfronteiras\/wp-json\/wp\/v2\/pages\/218\/revisions"}],"up":[{"embeddable":true,"href":"https:\/\/www3.unicentro.br\/midiaememoriasemfronteiras\/wp-json\/wp\/v2\/pages\/197"}],"wp:attachment":[{"href":"https:\/\/www3.unicentro.br\/midiaememoriasemfronteiras\/wp-json\/wp\/v2\/media?parent=218"}],"curies":[{"name":"wp","href":"https:\/\/api.w.org\/{rel}","templated":true}]}}