{"id":210,"date":"2017-06-30T15:12:20","date_gmt":"2017-06-30T18:12:20","guid":{"rendered":"https:\/\/www3.unicentro.br\/midiaememoriasemfronteiras\/?page_id=210"},"modified":"2017-08-22T21:53:04","modified_gmt":"2017-08-23T00:53:04","slug":"agroecologia-nas-cidades","status":"publish","type":"page","link":"https:\/\/www3.unicentro.br\/midiaememoriasemfronteiras\/universidades\/uel\/agroecologia-nas-cidades\/","title":{"rendered":"Agroecologia nas cidades"},"content":{"rendered":"<p>Observa-se atrav\u00e9s de diversas experi\u00eancias pelo mundo, que a agricultura urbana pode contribuir para a seguran\u00e7a alimentar e nutricional de grandes centros urbanos garantindo soberania alimentar pela disponibilidade de alimentos saud\u00e1veis e acess\u00edveis, principalmente verdura, legumes e frutas frescas (FAO, 2009). A partir do trabalho do N\u00facleo de Estudos de Agroecologia de Londrina com extens\u00e3o rural, cresceu substancialmente a quantidade de pessoas que procuram o grupo para desenvolver o cultivo de hortali\u00e7as e frutos em pequenos espa\u00e7os urbanos e em col\u00e9gios de maneira ecol\u00f3gica.<\/p>\n<p>Com este projeto, pretende-se contribuir tecnicamente na \u00e1rea agron\u00f4mica, para o desenvolvimento dos cultivos urbanos\/org\u00e2nicos pelas comunidades e escolas atendidas. De acordo com a quantidade de hortas j\u00e1 instaladas nas regi\u00f5es atrav\u00e9s de programas da prefeitura, dever\u00e3o ser realizados os diagn\u00f3sticos em 33 bairros das regi\u00f5es e Londrina e Camb\u00e9.<\/p>\n<p>Segundo a p\u00e1gina do munic\u00edpio de Londrina, s\u00f3 nesta cidade j\u00e1 foram implantadas at\u00e9 2012, 35 hortas em espa\u00e7os urbanos e periurbanos, entendendo-se ent\u00e3o que estes s\u00e3o espa\u00e7os necess\u00e1rios e potenciais para se desenvolver a agricultura org\u00e2nica e urbana para popula\u00e7\u00f5es em situa\u00e7\u00e3o de risco alimentar.<\/p>\n<p>Cada \u00e1rea produtiva dever\u00e1 ter seu tamanho adequado ao espa\u00e7o a ser utilizado, por\u00e9m de acordo com as experi\u00eancias acumuladas , cada horta comunit\u00e1ria poder\u00e1 atender uma m\u00e9dia entre 10 a 30 fam\u00edlias, por\u00e9m j\u00e1 houveram experi\u00eancias de hortas que eram manejadas por at\u00e9 400 adolescentes. As condi\u00e7\u00f5es t\u00e9cnicas de desenvolvimento vir\u00e3o com a escolha da \u00e1rea a ser trabalhada e com a ades\u00e3o da comunidade. As hortas dever\u00e3o complementar a dieta das fam\u00edlias que a manejarem, o restante poder\u00e1 se converter em renda para estes sujeitos. Um problema observado no trabalho com as comunidades rurais \u00e9 que muitas vezes existe uma forte intencionalidade em produzir de maneira ecol\u00f3gica e livre de agroqu\u00edmicos, por\u00e9m a falta de alguns conhecimentos t\u00e9cnicos e tamb\u00e9m o desconhecimento da legisla\u00e7\u00e3o fazem com que o agricultor n\u00e3o realize o manejo org\u00e2nico, por isso se prop\u00f5e a acompanhar os sujeitos alvos deste trabalho de forma a aportar tecnicamente essas \u00e1reas, diminuindo o exerc\u00edcio de pr\u00e1ticas convencionais de produ\u00e7\u00e3o de alimentos nas cidades.<\/p>\n<p><strong>Equipe:<\/strong><\/p>\n<p>Andr\u00e9 Luiz Martinez de Oliveira (coordenador)<br \/>\nMarcelo Vaz Alves<br \/>\nDaniel Lavorente de Oliveira<\/p>\n","protected":false},"excerpt":{"rendered":"<p>Observa-se atrav\u00e9s de diversas experi\u00eancias pelo mundo, que a agricultura urbana pode contribuir para a seguran\u00e7a alimentar e nutricional de grandes centros urbanos garantindo soberania alimentar pela disponibilidade de alimentos saud\u00e1veis e acess\u00edveis, principalmente verdura, legumes e frutas frescas (FAO, 2009). A partir do trabalho do N\u00facleo de Estudos de Agroecologia de Londrina com extens\u00e3o [&hellip;]<\/p>\n","protected":false},"author":28,"featured_media":0,"parent":197,"menu_order":3,"comment_status":"closed","ping_status":"closed","template":"","meta":{"_exactmetrics_skip_tracking":false,"_exactmetrics_sitenote_active":false,"_exactmetrics_sitenote_note":"","_exactmetrics_sitenote_category":0,"footnotes":"","_links_to":"","_links_to_target":""},"class_list":["post-210","page","type-page","status-publish","hentry"],"_links":{"self":[{"href":"https:\/\/www3.unicentro.br\/midiaememoriasemfronteiras\/wp-json\/wp\/v2\/pages\/210","targetHints":{"allow":["GET"]}}],"collection":[{"href":"https:\/\/www3.unicentro.br\/midiaememoriasemfronteiras\/wp-json\/wp\/v2\/pages"}],"about":[{"href":"https:\/\/www3.unicentro.br\/midiaememoriasemfronteiras\/wp-json\/wp\/v2\/types\/page"}],"author":[{"embeddable":true,"href":"https:\/\/www3.unicentro.br\/midiaememoriasemfronteiras\/wp-json\/wp\/v2\/users\/28"}],"replies":[{"embeddable":true,"href":"https:\/\/www3.unicentro.br\/midiaememoriasemfronteiras\/wp-json\/wp\/v2\/comments?post=210"}],"version-history":[{"count":0,"href":"https:\/\/www3.unicentro.br\/midiaememoriasemfronteiras\/wp-json\/wp\/v2\/pages\/210\/revisions"}],"up":[{"embeddable":true,"href":"https:\/\/www3.unicentro.br\/midiaememoriasemfronteiras\/wp-json\/wp\/v2\/pages\/197"}],"wp:attachment":[{"href":"https:\/\/www3.unicentro.br\/midiaememoriasemfronteiras\/wp-json\/wp\/v2\/media?parent=210"}],"curies":[{"name":"wp","href":"https:\/\/api.w.org\/{rel}","templated":true}]}}