{"id":21,"date":"2017-06-27T16:27:28","date_gmt":"2017-06-27T19:27:28","guid":{"rendered":"https:\/\/www3.unicentro.br\/midiaememoriasemfronteiras\/?page_id=21"},"modified":"2017-09-15T19:28:17","modified_gmt":"2017-09-15T22:28:17","slug":"quemsomos","status":"publish","type":"page","link":"https:\/\/www3.unicentro.br\/midiaememoriasemfronteiras\/quemsomos\/","title":{"rendered":"Quem somos"},"content":{"rendered":"<p><img loading=\"lazy\" decoding=\"async\" class=\"alignleft wp-image-300 size-medium\" src=\"https:\/\/www3.unicentro.br\/midiaememoriasemfronteiras\/wp-content\/uploads\/sites\/19\/2017\/06\/LOGO-SITE-212x300.png\" alt=\"\" width=\"212\" height=\"300\" srcset=\"https:\/\/www3.unicentro.br\/midiaememoriasemfronteiras\/wp-content\/uploads\/sites\/19\/2017\/06\/LOGO-SITE-212x300.png 212w, https:\/\/www3.unicentro.br\/midiaememoriasemfronteiras\/wp-content\/uploads\/sites\/19\/2017\/06\/LOGO-SITE-768x1086.png 768w, https:\/\/www3.unicentro.br\/midiaememoriasemfronteiras\/wp-content\/uploads\/sites\/19\/2017\/06\/LOGO-SITE-724x1024.png 724w, https:\/\/www3.unicentro.br\/midiaememoriasemfronteiras\/wp-content\/uploads\/sites\/19\/2017\/06\/LOGO-SITE-255x361.png 255w\" sizes=\"auto, (max-width: 212px) 100vw, 212px\" \/>O <strong>M\u00eddia e Mem\u00f3ria Sem Fronteiras <\/strong> auxilia no processo de publiciza\u00e7\u00e3o dos mais de <strong>100 projetos<\/strong> que tem sido financiados desde o come\u00e7o de 2017 por meio do programa Universidade Sem Fronteiras (USF), uma das maiores a\u00e7\u00f5es extensionistas do Brasil. Estas mais de 100 iniciativas s\u00e3o operacionalizadas diretamente pelas sete universidades estaduais do Paran\u00e1 \u2013 Unioeste, UENP, Unespar, UEL, UEM, UEPG e Unicentro, com recursos obtidos por meio de edital da <strong>Secretaria de Ci\u00eancia, Tecnologia e Ensino Superior do Paran\u00e1<\/strong>, a Seti\/PR.<\/p>\n<p>Aqui voc\u00eas poder\u00e3o acompanhar um pouco de tudo que est\u00e1 acontecendo em todos os projetos pelo Paran\u00e1\u00a0<span class=\"_5mfr _47e3\"><img loading=\"lazy\" decoding=\"async\" class=\"img\" role=\"presentation\" src=\"https:\/\/www.facebook.com\/images\/emoji.php\/v9\/fce\/1\/16\/1f600.png\" alt=\"\" width=\"16\" height=\"16\" \/><\/span><\/p>\n<p>Quer saber mais sobre a gente?<\/p>\n<p><a href=\"https:\/\/www.facebook.com\/midiaememoriasemfronteiras\/\" target=\"_blank\" rel=\"noopener\"><img loading=\"lazy\" decoding=\"async\" class=\"alignnone wp-image-351 size-thumb_80x80\" src=\"https:\/\/www3.unicentro.br\/midiaememoriasemfronteiras\/wp-content\/uploads\/sites\/19\/2017\/06\/botao3-80x80.png\" alt=\"\" width=\"80\" height=\"80\" srcset=\"https:\/\/www3.unicentro.br\/midiaememoriasemfronteiras\/wp-content\/uploads\/sites\/19\/2017\/06\/botao3-80x80.png 80w, https:\/\/www3.unicentro.br\/midiaememoriasemfronteiras\/wp-content\/uploads\/sites\/19\/2017\/06\/botao3-150x150.png 150w, https:\/\/www3.unicentro.br\/midiaememoriasemfronteiras\/wp-content\/uploads\/sites\/19\/2017\/06\/botao3-50x50.png 50w, https:\/\/www3.unicentro.br\/midiaememoriasemfronteiras\/wp-content\/uploads\/sites\/19\/2017\/06\/botao3-263x263.png 263w, https:\/\/www3.unicentro.br\/midiaememoriasemfronteiras\/wp-content\/uploads\/sites\/19\/2017\/06\/botao3-100x100.png 100w, https:\/\/www3.unicentro.br\/midiaememoriasemfronteiras\/wp-content\/uploads\/sites\/19\/2017\/06\/botao3-526x526.png 526w\" sizes=\"auto, (max-width: 80px) 100vw, 80px\" \/><\/a>\u00a0\u00a0<a href=\"https:\/\/www.youtube.com\/channel\/UCf3gkV504jGj1Ekxl760HPg\" target=\"_blank\" rel=\"noopener\"><img loading=\"lazy\" decoding=\"async\" class=\"alignnone wp-image-347 size-thumb_80x80\" src=\"https:\/\/www3.unicentro.br\/midiaememoriasemfronteiras\/wp-content\/uploads\/sites\/19\/2017\/06\/botao1-80x80.png\" alt=\"\" width=\"80\" height=\"80\" srcset=\"https:\/\/www3.unicentro.br\/midiaememoriasemfronteiras\/wp-content\/uploads\/sites\/19\/2017\/06\/botao1-80x80.png 80w, https:\/\/www3.unicentro.br\/midiaememoriasemfronteiras\/wp-content\/uploads\/sites\/19\/2017\/06\/botao1-150x150.png 150w, https:\/\/www3.unicentro.br\/midiaememoriasemfronteiras\/wp-content\/uploads\/sites\/19\/2017\/06\/botao1-50x50.png 50w, https:\/\/www3.unicentro.br\/midiaememoriasemfronteiras\/wp-content\/uploads\/sites\/19\/2017\/06\/botao1-263x263.png 263w, https:\/\/www3.unicentro.br\/midiaememoriasemfronteiras\/wp-content\/uploads\/sites\/19\/2017\/06\/botao1-100x100.png 100w, https:\/\/www3.unicentro.br\/midiaememoriasemfronteiras\/wp-content\/uploads\/sites\/19\/2017\/06\/botao1-526x526.png 526w\" sizes=\"auto, (max-width: 80px) 100vw, 80px\" \/><\/a>\u00a0\u00a0<a href=\"https:\/\/soundcloud.com\/user-396543629\" target=\"_blank\" rel=\"noopener\"><img loading=\"lazy\" decoding=\"async\" class=\"alignnone wp-image-352 size-thumb_80x80\" src=\"https:\/\/www3.unicentro.br\/midiaememoriasemfronteiras\/wp-content\/uploads\/sites\/19\/2017\/06\/botao4-80x80.png\" alt=\"\" width=\"80\" height=\"80\" srcset=\"https:\/\/www3.unicentro.br\/midiaememoriasemfronteiras\/wp-content\/uploads\/sites\/19\/2017\/06\/botao4-80x80.png 80w, https:\/\/www3.unicentro.br\/midiaememoriasemfronteiras\/wp-content\/uploads\/sites\/19\/2017\/06\/botao4-150x150.png 150w, https:\/\/www3.unicentro.br\/midiaememoriasemfronteiras\/wp-content\/uploads\/sites\/19\/2017\/06\/botao4-50x50.png 50w, https:\/\/www3.unicentro.br\/midiaememoriasemfronteiras\/wp-content\/uploads\/sites\/19\/2017\/06\/botao4-263x263.png 263w, https:\/\/www3.unicentro.br\/midiaememoriasemfronteiras\/wp-content\/uploads\/sites\/19\/2017\/06\/botao4-100x100.png 100w, https:\/\/www3.unicentro.br\/midiaememoriasemfronteiras\/wp-content\/uploads\/sites\/19\/2017\/06\/botao4-526x526.png 526w\" sizes=\"auto, (max-width: 80px) 100vw, 80px\" \/><\/a>\u00a0\u00a0<a href=\"https:\/\/www.flickr.com\/photos\/155806045@N07\/collections\" target=\"_blank\" rel=\"noopener\"><img loading=\"lazy\" decoding=\"async\" class=\"alignnone wp-image-350 size-thumb_80x80\" src=\"https:\/\/www3.unicentro.br\/midiaememoriasemfronteiras\/wp-content\/uploads\/sites\/19\/2017\/06\/botao2-80x80.png\" alt=\"\" width=\"80\" height=\"80\" \/><\/a><\/p>\n","protected":false},"excerpt":{"rendered":"<p>O M\u00eddia e Mem\u00f3ria Sem Fronteiras auxilia no processo de publiciza\u00e7\u00e3o dos mais de 100 projetos que tem sido financiados desde o come\u00e7o de 2017 por meio do programa Universidade Sem Fronteiras (USF), uma das maiores a\u00e7\u00f5es extensionistas do Brasil. Estas mais de 100 iniciativas s\u00e3o operacionalizadas diretamente pelas sete universidades estaduais do Paran\u00e1 \u2013 [&hellip;]<\/p>\n","protected":false},"author":28,"featured_media":0,"parent":0,"menu_order":0,"comment_status":"closed","ping_status":"closed","template":"","meta":{"_exactmetrics_skip_tracking":false,"_exactmetrics_sitenote_active":false,"_exactmetrics_sitenote_note":"","_exactmetrics_sitenote_category":0,"footnotes":"","_links_to":"","_links_to_target":""},"class_list":["post-21","page","type-page","status-publish","hentry"],"_links":{"self":[{"href":"https:\/\/www3.unicentro.br\/midiaememoriasemfronteiras\/wp-json\/wp\/v2\/pages\/21","targetHints":{"allow":["GET"]}}],"collection":[{"href":"https:\/\/www3.unicentro.br\/midiaememoriasemfronteiras\/wp-json\/wp\/v2\/pages"}],"about":[{"href":"https:\/\/www3.unicentro.br\/midiaememoriasemfronteiras\/wp-json\/wp\/v2\/types\/page"}],"author":[{"embeddable":true,"href":"https:\/\/www3.unicentro.br\/midiaememoriasemfronteiras\/wp-json\/wp\/v2\/users\/28"}],"replies":[{"embeddable":true,"href":"https:\/\/www3.unicentro.br\/midiaememoriasemfronteiras\/wp-json\/wp\/v2\/comments?post=21"}],"version-history":[{"count":0,"href":"https:\/\/www3.unicentro.br\/midiaememoriasemfronteiras\/wp-json\/wp\/v2\/pages\/21\/revisions"}],"wp:attachment":[{"href":"https:\/\/www3.unicentro.br\/midiaememoriasemfronteiras\/wp-json\/wp\/v2\/media?parent=21"}],"curies":[{"name":"wp","href":"https:\/\/api.w.org\/{rel}","templated":true}]}}