{"id":207,"date":"2017-06-30T15:10:53","date_gmt":"2017-06-30T18:10:53","guid":{"rendered":"https:\/\/www3.unicentro.br\/midiaememoriasemfronteiras\/?page_id=207"},"modified":"2017-08-22T21:52:46","modified_gmt":"2017-08-23T00:52:46","slug":"desenvolvimento-participativo-da-cadeia-produtiva-sustentavel-de-aves-e-leite-em-assentamentos-rurais","status":"publish","type":"page","link":"https:\/\/www3.unicentro.br\/midiaememoriasemfronteiras\/universidades\/uel\/desenvolvimento-participativo-da-cadeia-produtiva-sustentavel-de-aves-e-leite-em-assentamentos-rurais\/","title":{"rendered":"Desenvolvimento participativo da cadeia produtiva sustent\u00e1vel de aves e leite em assentamentos rurais"},"content":{"rendered":"<p>O projeto assiste dois assentamentos, o Eli Vive em Lerroville (Londrina-PR), e o Iraci Salete (Alvorada do Sul-PR), em anexo os calend\u00e1rios est\u00e3o separados por assentamento. Por mais que planejamos um calend\u00e1rio anual, ele sempre ser\u00e1 pass\u00edvel de mudan\u00e7as, pois dependemos muito do clima, da incid\u00eancia de chuvas, etc. para o desenvolvimento das atividades. Nas semanas em que n\u00e3o h\u00e1 atividades marcadas, procuramos realizar visitas t\u00e9cnicas com a presen\u00e7a dos alunos com a finalidade de acompanhar o desenvolvimento da propriedade e auxiliar na resolu\u00e7\u00e3o de problemas.<\/p>\n<p><strong>Equipe:<\/strong><\/p>\n<p>Ana Maria Bridi (coordenadora)<br \/>\nLa\u00eds Sodr\u00e9 Santana<br \/>\nEvelyn Rangel<\/p>\n<p>&nbsp;<\/p>\n<p><a href=\"https:\/\/www.facebook.com\/Projeto-de-Extens%C3%A3o-Desenvolvimento-da-cadeia-produtiva-de-aves-e-leite-245132999158060\/?fref=ts\" target=\"_blank\" rel=\"noopener\"><img loading=\"lazy\" decoding=\"async\" class=\"alignleft size-thumbnail wp-image-351\" src=\"https:\/\/www3.unicentro.br\/midiaememoriasemfronteiras\/wp-content\/uploads\/sites\/19\/2017\/06\/botao3-150x150.png\" alt=\"\" width=\"150\" height=\"150\" srcset=\"https:\/\/www3.unicentro.br\/midiaememoriasemfronteiras\/wp-content\/uploads\/sites\/19\/2017\/06\/botao3-150x150.png 150w, https:\/\/www3.unicentro.br\/midiaememoriasemfronteiras\/wp-content\/uploads\/sites\/19\/2017\/06\/botao3-50x50.png 50w, https:\/\/www3.unicentro.br\/midiaememoriasemfronteiras\/wp-content\/uploads\/sites\/19\/2017\/06\/botao3-80x80.png 80w, https:\/\/www3.unicentro.br\/midiaememoriasemfronteiras\/wp-content\/uploads\/sites\/19\/2017\/06\/botao3-263x263.png 263w, https:\/\/www3.unicentro.br\/midiaememoriasemfronteiras\/wp-content\/uploads\/sites\/19\/2017\/06\/botao3-100x100.png 100w, https:\/\/www3.unicentro.br\/midiaememoriasemfronteiras\/wp-content\/uploads\/sites\/19\/2017\/06\/botao3-526x526.png 526w\" sizes=\"auto, (max-width: 150px) 100vw, 150px\" \/><\/a><\/p>\n","protected":false},"excerpt":{"rendered":"<p>O projeto assiste dois assentamentos, o Eli Vive em Lerroville (Londrina-PR), e o Iraci Salete (Alvorada do Sul-PR), em anexo os calend\u00e1rios est\u00e3o separados por assentamento. Por mais que planejamos um calend\u00e1rio anual, ele sempre ser\u00e1 pass\u00edvel de mudan\u00e7as, pois dependemos muito do clima, da incid\u00eancia de chuvas, etc. para o desenvolvimento das atividades. Nas [&hellip;]<\/p>\n","protected":false},"author":28,"featured_media":0,"parent":197,"menu_order":2,"comment_status":"closed","ping_status":"closed","template":"","meta":{"_exactmetrics_skip_tracking":false,"_exactmetrics_sitenote_active":false,"_exactmetrics_sitenote_note":"","_exactmetrics_sitenote_category":0,"footnotes":"","_links_to":"","_links_to_target":""},"class_list":["post-207","page","type-page","status-publish","hentry"],"_links":{"self":[{"href":"https:\/\/www3.unicentro.br\/midiaememoriasemfronteiras\/wp-json\/wp\/v2\/pages\/207","targetHints":{"allow":["GET"]}}],"collection":[{"href":"https:\/\/www3.unicentro.br\/midiaememoriasemfronteiras\/wp-json\/wp\/v2\/pages"}],"about":[{"href":"https:\/\/www3.unicentro.br\/midiaememoriasemfronteiras\/wp-json\/wp\/v2\/types\/page"}],"author":[{"embeddable":true,"href":"https:\/\/www3.unicentro.br\/midiaememoriasemfronteiras\/wp-json\/wp\/v2\/users\/28"}],"replies":[{"embeddable":true,"href":"https:\/\/www3.unicentro.br\/midiaememoriasemfronteiras\/wp-json\/wp\/v2\/comments?post=207"}],"version-history":[{"count":0,"href":"https:\/\/www3.unicentro.br\/midiaememoriasemfronteiras\/wp-json\/wp\/v2\/pages\/207\/revisions"}],"up":[{"embeddable":true,"href":"https:\/\/www3.unicentro.br\/midiaememoriasemfronteiras\/wp-json\/wp\/v2\/pages\/197"}],"wp:attachment":[{"href":"https:\/\/www3.unicentro.br\/midiaememoriasemfronteiras\/wp-json\/wp\/v2\/media?parent=207"}],"curies":[{"name":"wp","href":"https:\/\/api.w.org\/{rel}","templated":true}]}}