{"id":198,"date":"2017-06-28T16:49:59","date_gmt":"2017-06-28T19:49:59","guid":{"rendered":"https:\/\/www3.unicentro.br\/midiaememoriasemfronteiras\/?page_id=198"},"modified":"2017-08-30T17:03:20","modified_gmt":"2017-08-30T20:03:20","slug":"uem","status":"publish","type":"page","link":"https:\/\/www3.unicentro.br\/midiaememoriasemfronteiras\/universidades\/uem\/","title":{"rendered":"UEM &#8211; Projetos em andamento"},"content":{"rendered":"<ul>\n<li><strong><a href=\"https:\/\/www3.unicentro.br\/midiaememoriasemfronteiras\/universidades\/uem\/a-geografia-das-lutas-no-campo-fase-iii\/\" target=\"_blank\" rel=\"noopener\">A geografia das lutas no campo &#8211; Fase III<\/a><\/strong><\/li>\n<li><strong><a href=\"https:\/\/www3.unicentro.br\/midiaememoriasemfronteiras\/universidades\/uem\/capacitacao-de-jovens-aprendizes-para-o-desenvolvimento-de-produtos-de-joalheria-e-acessorios\/\" target=\"_blank\" rel=\"noopener\">Capacita\u00e7\u00e3o de jovens aprendizes para o desenvolvimento de produtos de joalheria e acess\u00f3rios<\/a><\/strong><\/li>\n<li><strong><a href=\"https:\/\/www3.unicentro.br\/midiaememoriasemfronteiras\/universidades\/uem\/desenvolvimento-cultural-por-meio-da-arte\/\" target=\"_blank\" rel=\"noopener\">Desenvolvimento cultural por meio da arte<\/a><\/strong><\/li>\n<li><strong><a href=\"https:\/\/www3.unicentro.br\/midiaememoriasemfronteiras\/universidades\/uem\/educacao-especial-e-tecnologia-assistiva-formacao-de-professores-e-processos-criativos-para-inclusao-escolar\/\" target=\"_blank\" rel=\"noopener\">Educa\u00e7\u00e3o especial e tecnologia assistiva: forma\u00e7\u00e3o de professores e processos criativos para inclus\u00e3o escolar<\/a><\/strong><\/li>\n<li><strong><a href=\"https:\/\/www3.unicentro.br\/midiaememoriasemfronteiras\/universidades\/uem\/enfrentamento-ao-trabalho-infantil\/\" target=\"_blank\" rel=\"noopener\">Enfrentamento ao trabalho infantil<\/a><\/strong><\/li>\n<li><strong><a href=\"https:\/\/www3.unicentro.br\/midiaememoriasemfronteiras\/universidades\/uem\/impactos-do-cultivo-da-uva-na-saude-do-trabalhador-e-na-qualidade-da-agua-em-propriedades-de-marialva-pr\/\" target=\"_blank\" rel=\"noopener\">Impactos do cultivo da uva na sa\u00fade do trabalhador e na qualidade da \u00e1gua em propriedades de Marialva-PR<\/a><\/strong><\/li>\n<li><strong><a href=\"https:\/\/www3.unicentro.br\/midiaememoriasemfronteiras\/universidades\/uem\/inclusao-social-e-diversidade-o-exercicio-da-memoria-e-reconhecimento-das-identidades-coletivas-no-parana\/\" target=\"_blank\" rel=\"noopener\">Inclus\u00e3o social e diversidade: o exerc\u00edcio da mem\u00f3ria e reconhecimento das identidades coletivas no Paran\u00e1<\/a><\/strong><\/li>\n<li><strong><a href=\"https:\/\/www3.unicentro.br\/midiaememoriasemfronteiras\/universidades\/uem\/letramento-intercultural-no-ensino-medio-registrando-memorias-e-valorizando-as-linguas-indigenas-no-parana\/\" target=\"_blank\" rel=\"noopener\">Letramento intercultural no ensino m\u00e9dio: registrando mem\u00f3rias e valorizando as l\u00ednguas ind\u00edgenas no Paran\u00e1<\/a><\/strong><\/li>\n<li><strong><a href=\"https:\/\/www3.unicentro.br\/midiaememoriasemfronteiras\/universidades\/uem\/manejo-sustentavel-de-plantas-daninhas-em-hortas-agroecologicas\/\" target=\"_blank\" rel=\"noopener\">Manejo sustent\u00e1vel de plantas daninhas em hortas agroecol\u00f3gicas<\/a><\/strong><\/li>\n<li><strong><a href=\"https:\/\/www3.unicentro.br\/midiaememoriasemfronteiras\/universidades\/uem\/numape\/\" target=\"_blank\" rel=\"noopener\">Numape<\/a><\/strong><\/li>\n<li><strong><a href=\"https:\/\/www3.unicentro.br\/midiaememoriasemfronteiras\/universidades\/uem\/o-paradesporto-como-ferramenta-de-inclusao-e-valorizacao-social-da-pessoa-com-deficiencia-ano-3\/\" target=\"_blank\" rel=\"noopener\">O paradesporto como ferramenta de inclus\u00e3o e valoriza\u00e7\u00e3o social da pessoa com defici\u00eancia &#8211; Ano 3<\/a><\/strong><\/li>\n<li><strong><a href=\"https:\/\/www3.unicentro.br\/midiaememoriasemfronteiras\/universidades\/uem\/producao-sustentavel-e-estruturacao-da-cadeia-de-ovinos-de-corte\/\" target=\"_blank\" rel=\"noopener\">Produ\u00e7\u00e3o sustent\u00e1vel e estrutura\u00e7\u00e3o da cadeia de ovinos de corte<\/a><\/strong><\/li>\n<li><strong><a href=\"https:\/\/www3.unicentro.br\/midiaememoriasemfronteiras\/universidades\/uem\/dinamizacao-das-feiras-da-agricultura-familiar-e-fomento-a-producao-organica-nos-municipios-do-pro-amusep-fase-2\/\" target=\"_blank\" rel=\"noopener\">Programa Paranaense de Certifica\u00e7\u00e3o de Produtos Org\u00e2nicos (N\u00facleo UEM)<\/a><\/strong><\/li>\n<li><strong><a href=\"https:\/\/www3.unicentro.br\/midiaememoriasemfronteiras\/universidades\/uem\/projeto-sorrir-com-saude-em-marialva-e-sarandi\/\" target=\"_blank\" rel=\"noopener\">Projeto sorrir com sa\u00fade em Marialva e Sarandi<\/a><\/strong><\/li>\n<li><strong><a href=\"https:\/\/www3.unicentro.br\/midiaememoriasemfronteiras\/universidades\/uem\/rede-de-dinamizacao-das-feiras-da-agricultura-familiar-redifeira\/\" target=\"_blank\" rel=\"noopener\">Rede de Dinamiza\u00e7\u00e3o das Feiras da Agricultura Familiar &#8211; REDIFEIRA<\/a><\/strong><\/li>\n<li><strong><a href=\"https:\/\/www3.unicentro.br\/midiaememoriasemfronteiras\/universidades\/uem\/suporte-juridico-administrativo-e-contabil-aos-empreendimentos-economicos-solidarios\/\" target=\"_blank\" rel=\"noopener\">Suporte jur\u00eddico, administrativo e cont\u00e1bil aos empreendimentos econ\u00f4micos solid\u00e1rios<\/a><\/strong><\/li>\n<li><a href=\"https:\/\/www3.unicentro.br\/midiaememoriasemfronteiras\/universidades\/uem\/violencia-na-escola-e-sua-relacao-com-as-caracteristicas-sociais-e-espaciais\/\" target=\"_blank\" rel=\"noopener\"><strong>Viol\u00eancia na escola e sua rela\u00e7\u00e3o com as caracter\u00edsticas sociais e espaciais<\/strong><br \/>\n<\/a><\/li>\n<\/ul>\n","protected":false},"excerpt":{"rendered":"<p>A geografia das lutas no campo &#8211; Fase III Capacita\u00e7\u00e3o de jovens aprendizes para o desenvolvimento de produtos de joalheria e acess\u00f3rios Desenvolvimento cultural por meio da arte Educa\u00e7\u00e3o especial e tecnologia assistiva: forma\u00e7\u00e3o de professores e processos criativos para inclus\u00e3o escolar Enfrentamento ao trabalho infantil Impactos do cultivo da uva na sa\u00fade do trabalhador [&hellip;]<\/p>\n","protected":false},"author":28,"featured_media":0,"parent":17,"menu_order":7,"comment_status":"closed","ping_status":"closed","template":"","meta":{"_exactmetrics_skip_tracking":false,"_exactmetrics_sitenote_active":false,"_exactmetrics_sitenote_note":"","_exactmetrics_sitenote_category":0,"footnotes":"","_links_to":"","_links_to_target":""},"class_list":["post-198","page","type-page","status-publish","hentry"],"_links":{"self":[{"href":"https:\/\/www3.unicentro.br\/midiaememoriasemfronteiras\/wp-json\/wp\/v2\/pages\/198","targetHints":{"allow":["GET"]}}],"collection":[{"href":"https:\/\/www3.unicentro.br\/midiaememoriasemfronteiras\/wp-json\/wp\/v2\/pages"}],"about":[{"href":"https:\/\/www3.unicentro.br\/midiaememoriasemfronteiras\/wp-json\/wp\/v2\/types\/page"}],"author":[{"embeddable":true,"href":"https:\/\/www3.unicentro.br\/midiaememoriasemfronteiras\/wp-json\/wp\/v2\/users\/28"}],"replies":[{"embeddable":true,"href":"https:\/\/www3.unicentro.br\/midiaememoriasemfronteiras\/wp-json\/wp\/v2\/comments?post=198"}],"version-history":[{"count":0,"href":"https:\/\/www3.unicentro.br\/midiaememoriasemfronteiras\/wp-json\/wp\/v2\/pages\/198\/revisions"}],"up":[{"embeddable":true,"href":"https:\/\/www3.unicentro.br\/midiaememoriasemfronteiras\/wp-json\/wp\/v2\/pages\/17"}],"wp:attachment":[{"href":"https:\/\/www3.unicentro.br\/midiaememoriasemfronteiras\/wp-json\/wp\/v2\/media?parent=198"}],"curies":[{"name":"wp","href":"https:\/\/api.w.org\/{rel}","templated":true}]}}