{"id":197,"date":"2017-06-28T16:38:26","date_gmt":"2017-06-28T19:38:26","guid":{"rendered":"https:\/\/www3.unicentro.br\/midiaememoriasemfronteiras\/?page_id=197"},"modified":"2017-08-30T16:57:24","modified_gmt":"2017-08-30T19:57:24","slug":"uel","status":"publish","type":"page","link":"https:\/\/www3.unicentro.br\/midiaememoriasemfronteiras\/universidades\/uel\/","title":{"rendered":"UEL &#8211; Projetos em andamento"},"content":{"rendered":"<ul>\n<li><strong><a href=\"https:\/\/www3.unicentro.br\/midiaememoriasemfronteiras\/universidades\/uel\/agroecologia-nas-cidades\/\" target=\"_blank\" rel=\"noopener\">Agroecologia nas cidades<\/a><\/strong><\/li>\n<li><strong><a href=\"https:\/\/www3.unicentro.br\/midiaememoriasemfronteiras\/universidades\/uel\/apoio-psicoeducativo-e-psicoterapeutico-das-pessoas-e-familiares-com-alteracao-genetica\/\" target=\"_blank\" rel=\"noopener\">Apoio psicoeducativo e psicoterap\u00eautico das pessoas e familiares com altera\u00e7\u00e3o gen\u00e9tica<\/a><\/strong><\/li>\n<li><strong><a href=\"https:\/\/www3.unicentro.br\/midiaememoriasemfronteiras\/universidades\/uel\/educacao-financeira-matematica-economia-e-cidadania\/\" target=\"_blank\" rel=\"noopener\">Educa\u00e7\u00e3o Financeira: Matem\u00e1tica, economia e cidadania<\/a><\/strong><\/li>\n<li><strong><a href=\"https:\/\/www3.unicentro.br\/midiaememoriasemfronteiras\/universidades\/uel\/educacao-das-relacoes-etnico-raciais-dialogos-com-a-educacao-basica\/\" target=\"_blank\" rel=\"noopener\">Educa\u00e7\u00e3o das rela\u00e7\u00f5es \u00e9tnico-raciais: di\u00e1logos com a educa\u00e7\u00e3o b\u00e1sica<\/a><\/strong><\/li>\n<li><strong><a href=\"https:\/\/www3.unicentro.br\/midiaememoriasemfronteiras\/universidades\/uel\/desenvolvimento-de-dispositivos-estrategicos-para-tratamento-e-educacao-de-criancas-com-diabetes-mellitus-tipo-i\/\" target=\"_blank\" rel=\"noopener\">Desenvolvimento de dispositivos estrat\u00e9gicos para tratamento e educa\u00e7\u00e3o de crian\u00e7as com Diabetes Mellitus Tipo I<\/a><\/strong><\/li>\n<li><strong><a href=\"https:\/\/www3.unicentro.br\/midiaememoriasemfronteiras\/universidades\/uel\/desenvolvimento-participativo-da-cadeia-produtiva-sustentavel-de-aves-e-leite-em-assentamentos-rurais\/\" target=\"_blank\" rel=\"noopener\">Desenvolvimento participativo da cadeia produtiva sustent\u00e1vel de aves e leite em assentamentos rurais<\/a><\/strong><\/li>\n<li><strong><a href=\"https:\/\/www3.unicentro.br\/midiaememoriasemfronteiras\/universidades\/uel\/fomento-a-sistemas-agroecologicos-para-inclusao-tecnologica-produtiva-e-mercantil-de-mulheres-camponesas\/\" target=\"_blank\" rel=\"noopener\">Fomento a sistemas agroecol\u00f3gicos para inclus\u00e3o tecnol\u00f3gica, produtiva e mercantil de mulheres camponesas<\/a><\/strong><\/li>\n<li><strong><a href=\"https:\/\/www3.unicentro.br\/midiaememoriasemfronteiras\/universidades\/uel\/desenvolvimento-participativo-da-cadeia-produtiva-sustentavel-de-aves-e-leite-em-assentamentos-rurais\/\" target=\"_blank\" rel=\"noopener\"><\/a><a href=\"https:\/\/www3.unicentro.br\/midiaememoriasemfronteiras\/universidades\/uel\/interacao-uel-e-educacao-basica-aproximacao-pelas-ciencias-e-a-biologia\/\" target=\"_blank\" rel=\"noopener\">Intera\u00e7\u00e3o Uel e educa\u00e7\u00e3o b\u00e1sica &#8211; aproxima\u00e7\u00e3o pelas ci\u00eancias e a biologia<\/a><\/strong><\/li>\n<li><strong><a href=\"https:\/\/www3.unicentro.br\/midiaememoriasemfronteiras\/universidades\/uel\/juventude-e-violencia-da-violacao-a-garantia-de-direitos\/\" target=\"_blank\" rel=\"noopener\">Juventude e viol\u00eancia: da viola\u00e7\u00e3o \u00e0 garantia de direitos<\/a><\/strong><\/li>\n<li><strong><a href=\"https:\/\/www3.unicentro.br\/midiaememoriasemfronteiras\/universidades\/uel\/memoria-e-identidade-da-populacao-negra-no-parana-dialogos-para-o-reconhecimento\/\" target=\"_blank\" rel=\"noopener\">Mem\u00f3ria e identidade da popula\u00e7\u00e3o negra no paran\u00e1: di\u00e1logos para o reconhecimento<\/a><\/strong><\/li>\n<li><strong><a href=\"https:\/\/www3.unicentro.br\/midiaememoriasemfronteiras\/universidades\/uel\/migrar-com-direitos\/\" target=\"_blank\" rel=\"noopener\">Migrar com direitos<\/a><\/strong><\/li>\n<li><strong><a href=\"https:\/\/www3.unicentro.br\/midiaememoriasemfronteiras\/universidades\/uel\/numape-nucleo-maria-da-penha-resgate-da-dignidade-da-mulher-na-violencia-domestica-familiar\/\" target=\"_blank\" rel=\"noopener\">Numape- N\u00facleo Maria da Penha: resgate da dignidade da mulher na viol\u00eancia dom\u00e9stica familiar<\/a><\/strong><\/li>\n<li><a href=\"https:\/\/www3.unicentro.br\/midiaememoriasemfronteiras\/universidades\/uel\/terapias-complementares-como-praticas-de-saude\/\" target=\"_blank\" rel=\"noopener\"><strong>Terapias complementares como praticas de sa\u00fade<\/strong><br \/>\n<\/a><a href=\"https:\/\/www3.unicentro.br\/midiaememoriasemfronteiras\/universidades\/uel\/numape-nucleo-maria-da-penha-resgate-da-dignidade-da-mulher-na-violencia-domestica-familiar\/\" target=\"_blank\" rel=\"noopener\"><strong><br \/>\n<\/strong><\/a><a href=\"https:\/\/www3.unicentro.br\/midiaememoriasemfronteiras\/universidades\/uel\/fomento-a-sistemas-agroecologicos-para-inclusao-tecnologica-produtiva-e-mercantil-de-mulheres-camponesas\/\" target=\"_blank\" rel=\"noopener\"><strong><br \/>\n<\/strong><\/a><a href=\"https:\/\/www3.unicentro.br\/midiaememoriasemfronteiras\/universidades\/uel\/memoria-e-identidade-da-populacao-negra-no-parana-dialogos-para-o-reconhecimento\/\" target=\"_blank\" rel=\"noopener\"><strong><br \/>\n<\/strong><\/a><a href=\"https:\/\/www3.unicentro.br\/midiaememoriasemfronteiras\/universidades\/uel\/educacao-financeira-matematica-economia-e-cidadania\/\" target=\"_blank\" rel=\"noopener\"><strong><br \/>\n<\/strong><\/a><\/li>\n<\/ul>\n","protected":false},"excerpt":{"rendered":"<p>Agroecologia nas cidades Apoio psicoeducativo e psicoterap\u00eautico das pessoas e familiares com altera\u00e7\u00e3o gen\u00e9tica Educa\u00e7\u00e3o Financeira: Matem\u00e1tica, economia e cidadania Educa\u00e7\u00e3o das rela\u00e7\u00f5es \u00e9tnico-raciais: di\u00e1logos com a educa\u00e7\u00e3o b\u00e1sica Desenvolvimento de dispositivos estrat\u00e9gicos para tratamento e educa\u00e7\u00e3o de crian\u00e7as com Diabetes Mellitus Tipo I Desenvolvimento participativo da cadeia produtiva sustent\u00e1vel de aves e leite em [&hellip;]<\/p>\n","protected":false},"author":28,"featured_media":0,"parent":17,"menu_order":6,"comment_status":"closed","ping_status":"closed","template":"","meta":{"_exactmetrics_skip_tracking":false,"_exactmetrics_sitenote_active":false,"_exactmetrics_sitenote_note":"","_exactmetrics_sitenote_category":0,"footnotes":"","_links_to":"","_links_to_target":""},"class_list":["post-197","page","type-page","status-publish","hentry"],"_links":{"self":[{"href":"https:\/\/www3.unicentro.br\/midiaememoriasemfronteiras\/wp-json\/wp\/v2\/pages\/197","targetHints":{"allow":["GET"]}}],"collection":[{"href":"https:\/\/www3.unicentro.br\/midiaememoriasemfronteiras\/wp-json\/wp\/v2\/pages"}],"about":[{"href":"https:\/\/www3.unicentro.br\/midiaememoriasemfronteiras\/wp-json\/wp\/v2\/types\/page"}],"author":[{"embeddable":true,"href":"https:\/\/www3.unicentro.br\/midiaememoriasemfronteiras\/wp-json\/wp\/v2\/users\/28"}],"replies":[{"embeddable":true,"href":"https:\/\/www3.unicentro.br\/midiaememoriasemfronteiras\/wp-json\/wp\/v2\/comments?post=197"}],"version-history":[{"count":0,"href":"https:\/\/www3.unicentro.br\/midiaememoriasemfronteiras\/wp-json\/wp\/v2\/pages\/197\/revisions"}],"up":[{"embeddable":true,"href":"https:\/\/www3.unicentro.br\/midiaememoriasemfronteiras\/wp-json\/wp\/v2\/pages\/17"}],"wp:attachment":[{"href":"https:\/\/www3.unicentro.br\/midiaememoriasemfronteiras\/wp-json\/wp\/v2\/media?parent=197"}],"curies":[{"name":"wp","href":"https:\/\/api.w.org\/{rel}","templated":true}]}}