{"id":193,"date":"2017-06-28T16:26:32","date_gmt":"2017-06-28T19:26:32","guid":{"rendered":"https:\/\/www3.unicentro.br\/midiaememoriasemfronteiras\/?page_id=193"},"modified":"2017-08-11T14:54:57","modified_gmt":"2017-08-11T17:54:57","slug":"nossa-praia-mais-limpa-e-sustentavel","status":"publish","type":"page","link":"https:\/\/www3.unicentro.br\/midiaememoriasemfronteiras\/universidades\/unespar\/nossa-praia-mais-limpa-e-sustentavel\/","title":{"rendered":"Nossa praia mais limpa e sustent\u00e1vel"},"content":{"rendered":"<p><!--td {border: 1px solid #ccc;}br {mso-data-placement:same-cell;}--><span>Aliar a consci\u00eancia ambiental com a gera\u00e7\u00e3o de emprego e renda \u00e9 o objetivo principal do \u201cNossa Praia Mais Limpa e Sustent\u00e1vel\u201d. O projeto vai atender os cerca de 600 membros da Associa\u00e7\u00e3o dos Vendedores Ambulantes de Pontal do Paran\u00e1 (Avapar) e ter\u00e1 como base o trabalho a partir dos res\u00edduos de coco verde dispensados no munic\u00edpio. Para o desenvolvimento, est\u00e3o previstas a\u00e7\u00f5es de conscientiza\u00e7\u00e3o, a coleta da casca do coco, a capacita\u00e7\u00e3o dos associados e a transforma\u00e7\u00e3o do material em diferentes produtos.<\/span><\/p>\n<p><strong>Equipe:<\/strong><\/p>\n<p>Sebasti\u00e3o Cavalcanti Neto (coordenador);<\/p>\n","protected":false},"excerpt":{"rendered":"<p>Aliar a consci\u00eancia ambiental com a gera\u00e7\u00e3o de emprego e renda \u00e9 o objetivo principal do \u201cNossa Praia Mais Limpa e Sustent\u00e1vel\u201d. O projeto vai atender os cerca de 600 membros da Associa\u00e7\u00e3o dos Vendedores Ambulantes de Pontal do Paran\u00e1 (Avapar) e ter\u00e1 como base o trabalho a partir dos res\u00edduos de coco verde dispensados [&hellip;]<\/p>\n","protected":false},"author":28,"featured_media":0,"parent":167,"menu_order":12,"comment_status":"closed","ping_status":"closed","template":"","meta":{"_exactmetrics_skip_tracking":false,"_exactmetrics_sitenote_active":false,"_exactmetrics_sitenote_note":"","_exactmetrics_sitenote_category":0,"footnotes":"","_links_to":"","_links_to_target":""},"class_list":["post-193","page","type-page","status-publish","hentry"],"_links":{"self":[{"href":"https:\/\/www3.unicentro.br\/midiaememoriasemfronteiras\/wp-json\/wp\/v2\/pages\/193","targetHints":{"allow":["GET"]}}],"collection":[{"href":"https:\/\/www3.unicentro.br\/midiaememoriasemfronteiras\/wp-json\/wp\/v2\/pages"}],"about":[{"href":"https:\/\/www3.unicentro.br\/midiaememoriasemfronteiras\/wp-json\/wp\/v2\/types\/page"}],"author":[{"embeddable":true,"href":"https:\/\/www3.unicentro.br\/midiaememoriasemfronteiras\/wp-json\/wp\/v2\/users\/28"}],"replies":[{"embeddable":true,"href":"https:\/\/www3.unicentro.br\/midiaememoriasemfronteiras\/wp-json\/wp\/v2\/comments?post=193"}],"version-history":[{"count":0,"href":"https:\/\/www3.unicentro.br\/midiaememoriasemfronteiras\/wp-json\/wp\/v2\/pages\/193\/revisions"}],"up":[{"embeddable":true,"href":"https:\/\/www3.unicentro.br\/midiaememoriasemfronteiras\/wp-json\/wp\/v2\/pages\/167"}],"wp:attachment":[{"href":"https:\/\/www3.unicentro.br\/midiaememoriasemfronteiras\/wp-json\/wp\/v2\/media?parent=193"}],"curies":[{"name":"wp","href":"https:\/\/api.w.org\/{rel}","templated":true}]}}