{"id":187,"date":"2017-06-28T16:22:50","date_gmt":"2017-06-28T19:22:50","guid":{"rendered":"https:\/\/www3.unicentro.br\/midiaememoriasemfronteiras\/?page_id=187"},"modified":"2017-08-23T15:06:14","modified_gmt":"2017-08-23T18:06:14","slug":"projeto-sanear","status":"publish","type":"page","link":"https:\/\/www3.unicentro.br\/midiaememoriasemfronteiras\/universidades\/unespar\/projeto-sanear\/","title":{"rendered":"Projeto Sanear"},"content":{"rendered":"<p><span>Atualmente h\u00e1 uma grande preocupa\u00e7\u00e3o com a preserva\u00e7\u00e3o dos recursos h\u00eddricos, haja vista que atualmente intensificou-se os efeitos de polui\u00e7\u00e3o e contamina\u00e7\u00e3o dos mesmos, assim como a falta de planejamento no uso e ocupa\u00e7\u00e3o do solo de maneira desordenada. Este projeto ser\u00e1 um piloto e futuramente poder\u00e1 ser implantado em \u00e1reas de agricultura familiar ou extensiva. O projeto visa capacitar pessoal t\u00e9cnico da Secretaria do Meio ambiente e agricultores de quatro munic\u00edpios de baixo IDH, localizados na chamada linha de pobreza paranaense. O objetivo desta capacita\u00e7\u00e3o, e ampliar a t\u00e9cnica de saneamento e dissemina-la juntos aos agricultores destes munic\u00edpios, melhorando a qualidade de vida das fam\u00edlias. Ser\u00e3o confeccionados filtros de baixo custo a serem instalados em estabelecimentos agr\u00edcolas que utilizam \u00e1gua de nascentes. O objetivo \u00e9 criar o melhor modelo e com valor acess\u00edvel, principalmente para os pequenos produtores rurais que venham a utiliza-lo. Os filtros ser\u00e3o confeccionados em PVC 150mm e no seu interior utilizaremos o mineral ze\u00f3lito em duas camadas granulom\u00e9tricas diferenciadas e acompanhadas do carv\u00e3o ativado. Ser\u00e3o confeccionados filtros com medidas de preenchimento interno diferenciados, montados em laborat\u00f3rio e na sequencia, instalados em propriedades rurais de quatro regi\u00f5es distintas, com o objetivo de avaliar qual o filtro que melhor se enquadra no perfil do pequeno produtor rural, sua efici\u00eancia e seu custo operacional. Ser\u00e3o selecionados quatro munic\u00edpios de baixo IDH da regi\u00e3o da Comunidade dos munic\u00edpios da regi\u00e3o de Campo Mour\u00e3o \u2013 COMCAM. Nas nascentes onde ser\u00e3o instalados os filtros, ser\u00e1 realizado um trabalho de prote\u00e7\u00e3o rip\u00e1ria no entorno das e outro trabalho utilizando a t\u00e9cnica do solo cimento que protege, evitando contamina\u00e7\u00f5es de ordem f\u00edsica, com uma coleta de \u00e1gua antes da prote\u00e7\u00e3o para an\u00e1lises microbiol\u00f3gicas e de metais pesados e outra 90 dias ap\u00f3s para verifica\u00e7\u00e3o de redu\u00e7\u00e3o destes elementos analisados.<br \/>\n<\/span><\/p>\n<p><strong>Equipe:<\/strong><\/p>\n<p>Jefferson de Queiroz Crispim (coordenador);<\/p>\n","protected":false},"excerpt":{"rendered":"<p>Atualmente h\u00e1 uma grande preocupa\u00e7\u00e3o com a preserva\u00e7\u00e3o dos recursos h\u00eddricos, haja vista que atualmente intensificou-se os efeitos de polui\u00e7\u00e3o e contamina\u00e7\u00e3o dos mesmos, assim como a falta de planejamento no uso e ocupa\u00e7\u00e3o do solo de maneira desordenada. Este projeto ser\u00e1 um piloto e futuramente poder\u00e1 ser implantado em \u00e1reas de agricultura familiar ou [&hellip;]<\/p>\n","protected":false},"author":28,"featured_media":0,"parent":167,"menu_order":9,"comment_status":"closed","ping_status":"closed","template":"","meta":{"_exactmetrics_skip_tracking":false,"_exactmetrics_sitenote_active":false,"_exactmetrics_sitenote_note":"","_exactmetrics_sitenote_category":0,"footnotes":"","_links_to":"","_links_to_target":""},"class_list":["post-187","page","type-page","status-publish","hentry"],"_links":{"self":[{"href":"https:\/\/www3.unicentro.br\/midiaememoriasemfronteiras\/wp-json\/wp\/v2\/pages\/187","targetHints":{"allow":["GET"]}}],"collection":[{"href":"https:\/\/www3.unicentro.br\/midiaememoriasemfronteiras\/wp-json\/wp\/v2\/pages"}],"about":[{"href":"https:\/\/www3.unicentro.br\/midiaememoriasemfronteiras\/wp-json\/wp\/v2\/types\/page"}],"author":[{"embeddable":true,"href":"https:\/\/www3.unicentro.br\/midiaememoriasemfronteiras\/wp-json\/wp\/v2\/users\/28"}],"replies":[{"embeddable":true,"href":"https:\/\/www3.unicentro.br\/midiaememoriasemfronteiras\/wp-json\/wp\/v2\/comments?post=187"}],"version-history":[{"count":0,"href":"https:\/\/www3.unicentro.br\/midiaememoriasemfronteiras\/wp-json\/wp\/v2\/pages\/187\/revisions"}],"up":[{"embeddable":true,"href":"https:\/\/www3.unicentro.br\/midiaememoriasemfronteiras\/wp-json\/wp\/v2\/pages\/167"}],"wp:attachment":[{"href":"https:\/\/www3.unicentro.br\/midiaememoriasemfronteiras\/wp-json\/wp\/v2\/media?parent=187"}],"curies":[{"name":"wp","href":"https:\/\/api.w.org\/{rel}","templated":true}]}}