{"id":185,"date":"2017-06-28T16:21:30","date_gmt":"2017-06-28T19:21:30","guid":{"rendered":"https:\/\/www3.unicentro.br\/midiaememoriasemfronteiras\/?page_id=185"},"modified":"2017-06-28T16:21:30","modified_gmt":"2017-06-28T19:21:30","slug":"danca-teatro-e-tecnologia-uma-proposta-de-sensibilizacao-nas-escolas","status":"publish","type":"page","link":"https:\/\/www3.unicentro.br\/midiaememoriasemfronteiras\/universidades\/unespar\/danca-teatro-e-tecnologia-uma-proposta-de-sensibilizacao-nas-escolas\/","title":{"rendered":"Dan\u00e7a, teatro e tecnologia: uma proposta de sensibiliza\u00e7\u00e3o nas escolas"},"content":{"rendered":"<p><span>O projeto Dan\u00e7a, Teatro e Tecnologia \u00e9 a continuidade de um projeto anterior que j\u00e1 realizava a proposta de levar a dan\u00e7a contempor\u00e2nea para as escolas p\u00fablicas da regi\u00e3o de Uni\u00e3o da Vit\u00f3ria, tanto na forma de apresenta\u00e7\u00f5es quanto na de oficinas. Nesta vers\u00e3o, procuramos aderir a uma forma mais ampla de compreender a dan\u00e7a, a partir do conceito de dan\u00e7a-teatro proposto por Pina Bausch, e incluir as diversas linguagens da tecnologia atual, a fim de produzir montagens mais capazes de atingir o p\u00fablico juvenil. Al\u00e9m dos objetivos de forma\u00e7\u00e3o de plateia e de oferta de produtos culturais em uma regi\u00e3o carente, cumprimos tamb\u00e9m nossa responsabilidade a n\u00edvel acad\u00eamico com a produ\u00e7\u00e3o de pesquisa no campo da arte, com foco na aplica\u00e7\u00e3o em educa\u00e7\u00e3o.<\/span><\/p>\n<p><strong>Equipe:<\/strong><\/p>\n<p>Renata Ribeiro Tavares da Silva (coordenadora);<\/p>\n","protected":false},"excerpt":{"rendered":"<p>O projeto Dan\u00e7a, Teatro e Tecnologia \u00e9 a continuidade de um projeto anterior que j\u00e1 realizava a proposta de levar a dan\u00e7a contempor\u00e2nea para as escolas p\u00fablicas da regi\u00e3o de Uni\u00e3o da Vit\u00f3ria, tanto na forma de apresenta\u00e7\u00f5es quanto na de oficinas. Nesta vers\u00e3o, procuramos aderir a uma forma mais ampla de compreender a dan\u00e7a, [&hellip;]<\/p>\n","protected":false},"author":28,"featured_media":0,"parent":167,"menu_order":8,"comment_status":"closed","ping_status":"closed","template":"","meta":{"_exactmetrics_skip_tracking":false,"_exactmetrics_sitenote_active":false,"_exactmetrics_sitenote_note":"","_exactmetrics_sitenote_category":0,"footnotes":"","_links_to":"","_links_to_target":""},"class_list":["post-185","page","type-page","status-publish","hentry"],"_links":{"self":[{"href":"https:\/\/www3.unicentro.br\/midiaememoriasemfronteiras\/wp-json\/wp\/v2\/pages\/185","targetHints":{"allow":["GET"]}}],"collection":[{"href":"https:\/\/www3.unicentro.br\/midiaememoriasemfronteiras\/wp-json\/wp\/v2\/pages"}],"about":[{"href":"https:\/\/www3.unicentro.br\/midiaememoriasemfronteiras\/wp-json\/wp\/v2\/types\/page"}],"author":[{"embeddable":true,"href":"https:\/\/www3.unicentro.br\/midiaememoriasemfronteiras\/wp-json\/wp\/v2\/users\/28"}],"replies":[{"embeddable":true,"href":"https:\/\/www3.unicentro.br\/midiaememoriasemfronteiras\/wp-json\/wp\/v2\/comments?post=185"}],"version-history":[{"count":0,"href":"https:\/\/www3.unicentro.br\/midiaememoriasemfronteiras\/wp-json\/wp\/v2\/pages\/185\/revisions"}],"up":[{"embeddable":true,"href":"https:\/\/www3.unicentro.br\/midiaememoriasemfronteiras\/wp-json\/wp\/v2\/pages\/167"}],"wp:attachment":[{"href":"https:\/\/www3.unicentro.br\/midiaememoriasemfronteiras\/wp-json\/wp\/v2\/media?parent=185"}],"curies":[{"name":"wp","href":"https:\/\/api.w.org\/{rel}","templated":true}]}}