{"id":179,"date":"2017-06-28T16:14:05","date_gmt":"2017-06-28T19:14:05","guid":{"rendered":"https:\/\/www3.unicentro.br\/midiaememoriasemfronteiras\/?page_id=179"},"modified":"2017-08-23T14:55:47","modified_gmt":"2017-08-23T17:55:47","slug":"apoio-a-coopertebas-cooperativa-dos-agricultores-familiares-de-nova-tebas","status":"publish","type":"page","link":"https:\/\/www3.unicentro.br\/midiaememoriasemfronteiras\/universidades\/unespar\/apoio-a-coopertebas-cooperativa-dos-agricultores-familiares-de-nova-tebas\/","title":{"rendered":"Apoio a coopertebas &#8211; cooperativa dos agricultores familiares de Nova Tebas"},"content":{"rendered":"<p>Objetiva apoiar a COOPERTEBAS \u2013 Cooperativa dos Agricultores Familiares de Nova Tebas \u2013 Pr, com assist\u00eancia t\u00e9cnica aos seu quadro de associados, buscando aumentar a diversifica\u00e7\u00e3o\/produ\u00e7\u00e3o da pequena propriedade da agricultura familiar, com pr\u00e1ticas sustent\u00e1veis de produ\u00e7\u00e3o e fortalecendo o associativismo.<\/p>\n<p>Objetivos Espec\u00edficos<\/p>\n<p>1 \u2013 Discutir sobre as fundamenta\u00e7\u00f5es te\u00f3ricas de: agricultura familiar, diversifica\u00e7\u00e3o da pequena propriedade da agricultura familiar, associativismo.<\/p>\n<p>2 \u2013 Caracteriza\u00e7\u00e3o da Coopertebas: a) Aspectos gerais de sua funda\u00e7\u00e3o; b) Quadro social; c) Produ\u00e7\u00e3o atual; d) Forma de comercializa\u00e7\u00e3o, e)faturamento e evolu\u00e7\u00e3o.<\/p>\n<p>3 \u2013 Discuss\u00f5es dos resultados encontrados e proposta de interven\u00e7\u00e3o para ampliar a diversifica\u00e7\u00e3o\/produ\u00e7\u00e3o nas pequenas propriedades rurais de Nova Tebas, via assist\u00eancia t\u00e9cnica objeto de proposta deste projeto.<\/p>\n<p>4 \u2013 Finaliza\u00e7\u00e3o do projeto, com publica\u00e7\u00e3o de trabalhos e artigos sobre os resultados do mesmo, para dissemina\u00e7\u00e3o nos meios acad\u00eamicos e da academia.<\/p>\n<p><strong>Equipe:<\/strong><\/p>\n<p>Jo\u00e3o Carlos Leonello (coordenador);<\/p>\n","protected":false},"excerpt":{"rendered":"<p>Objetiva apoiar a COOPERTEBAS \u2013 Cooperativa dos Agricultores Familiares de Nova Tebas \u2013 Pr, com assist\u00eancia t\u00e9cnica aos seu quadro de associados, buscando aumentar a diversifica\u00e7\u00e3o\/produ\u00e7\u00e3o da pequena propriedade da agricultura familiar, com pr\u00e1ticas sustent\u00e1veis de produ\u00e7\u00e3o e fortalecendo o associativismo. Objetivos Espec\u00edficos 1 \u2013 Discutir sobre as fundamenta\u00e7\u00f5es te\u00f3ricas de: agricultura familiar, diversifica\u00e7\u00e3o da [&hellip;]<\/p>\n","protected":false},"author":28,"featured_media":0,"parent":167,"menu_order":5,"comment_status":"closed","ping_status":"closed","template":"","meta":{"_exactmetrics_skip_tracking":false,"_exactmetrics_sitenote_active":false,"_exactmetrics_sitenote_note":"","_exactmetrics_sitenote_category":0,"footnotes":"","_links_to":"","_links_to_target":""},"class_list":["post-179","page","type-page","status-publish","hentry"],"_links":{"self":[{"href":"https:\/\/www3.unicentro.br\/midiaememoriasemfronteiras\/wp-json\/wp\/v2\/pages\/179","targetHints":{"allow":["GET"]}}],"collection":[{"href":"https:\/\/www3.unicentro.br\/midiaememoriasemfronteiras\/wp-json\/wp\/v2\/pages"}],"about":[{"href":"https:\/\/www3.unicentro.br\/midiaememoriasemfronteiras\/wp-json\/wp\/v2\/types\/page"}],"author":[{"embeddable":true,"href":"https:\/\/www3.unicentro.br\/midiaememoriasemfronteiras\/wp-json\/wp\/v2\/users\/28"}],"replies":[{"embeddable":true,"href":"https:\/\/www3.unicentro.br\/midiaememoriasemfronteiras\/wp-json\/wp\/v2\/comments?post=179"}],"version-history":[{"count":0,"href":"https:\/\/www3.unicentro.br\/midiaememoriasemfronteiras\/wp-json\/wp\/v2\/pages\/179\/revisions"}],"up":[{"embeddable":true,"href":"https:\/\/www3.unicentro.br\/midiaememoriasemfronteiras\/wp-json\/wp\/v2\/pages\/167"}],"wp:attachment":[{"href":"https:\/\/www3.unicentro.br\/midiaememoriasemfronteiras\/wp-json\/wp\/v2\/media?parent=179"}],"curies":[{"name":"wp","href":"https:\/\/api.w.org\/{rel}","templated":true}]}}