{"id":170,"date":"2017-06-28T16:00:18","date_gmt":"2017-06-28T19:00:18","guid":{"rendered":"https:\/\/www3.unicentro.br\/midiaememoriasemfronteiras\/?page_id=170"},"modified":"2017-08-22T21:50:18","modified_gmt":"2017-08-23T00:50:18","slug":"horticultura-organica-em-comunidades-socialmente-vulneraveis","status":"publish","type":"page","link":"https:\/\/www3.unicentro.br\/midiaememoriasemfronteiras\/universidades\/unespar\/horticultura-organica-em-comunidades-socialmente-vulneraveis\/","title":{"rendered":"Horticultura org\u00e2nica em comunidades socialmente vulner\u00e1veis"},"content":{"rendered":"<p>O projeto busca promover um levantamento das principais demandas em termos de consumo de produtos com origem de horticultura org\u00e2nica no litoral do Paran\u00e1 e, tamb\u00e9m, a\u00a0capacita\u00e7\u00e3o a fam\u00edlias remanentes de comunidades cai\u00e7aras em condi\u00e7\u00f5es de vulnerabilidade social em \u00e1reas urbanas e rurais para a realiza\u00e7\u00e3o das pr\u00e1ticas de horticultura org\u00e2nica com o objetivo de renda. Al\u00e9m disso,\u00a0promover capacita\u00e7\u00e3o sobre pr\u00e1ticas comerciais de produtos da horticultura org\u00e2nica a fam\u00edlias remanentes em condi\u00e7\u00f5es de vulnerabilidade social com o objetivo de renda e, por fim,\u00a0organizar uma cartilha sobre a pratica da horticultura org\u00e2nica.<\/p>\n<p><strong>Equipe:<\/strong><\/p>\n<p>Adilson Anacleto (coordenador);<br \/>\nLuciane Silva Franco;<br \/>\nAmanda Casubek Cury;<br \/>\nAna Carolina Fujimura Bertelli Cabral;<\/p>\n<p>&nbsp;<\/p>\n","protected":false},"excerpt":{"rendered":"<p>O projeto busca promover um levantamento das principais demandas em termos de consumo de produtos com origem de horticultura org\u00e2nica no litoral do Paran\u00e1 e, tamb\u00e9m, a\u00a0capacita\u00e7\u00e3o a fam\u00edlias remanentes de comunidades cai\u00e7aras em condi\u00e7\u00f5es de vulnerabilidade social em \u00e1reas urbanas e rurais para a realiza\u00e7\u00e3o das pr\u00e1ticas de horticultura org\u00e2nica com o objetivo de [&hellip;]<\/p>\n","protected":false},"author":28,"featured_media":0,"parent":167,"menu_order":1,"comment_status":"closed","ping_status":"closed","template":"","meta":{"_exactmetrics_skip_tracking":false,"_exactmetrics_sitenote_active":false,"_exactmetrics_sitenote_note":"","_exactmetrics_sitenote_category":0,"footnotes":"","_links_to":"","_links_to_target":""},"class_list":["post-170","page","type-page","status-publish","hentry"],"_links":{"self":[{"href":"https:\/\/www3.unicentro.br\/midiaememoriasemfronteiras\/wp-json\/wp\/v2\/pages\/170","targetHints":{"allow":["GET"]}}],"collection":[{"href":"https:\/\/www3.unicentro.br\/midiaememoriasemfronteiras\/wp-json\/wp\/v2\/pages"}],"about":[{"href":"https:\/\/www3.unicentro.br\/midiaememoriasemfronteiras\/wp-json\/wp\/v2\/types\/page"}],"author":[{"embeddable":true,"href":"https:\/\/www3.unicentro.br\/midiaememoriasemfronteiras\/wp-json\/wp\/v2\/users\/28"}],"replies":[{"embeddable":true,"href":"https:\/\/www3.unicentro.br\/midiaememoriasemfronteiras\/wp-json\/wp\/v2\/comments?post=170"}],"version-history":[{"count":0,"href":"https:\/\/www3.unicentro.br\/midiaememoriasemfronteiras\/wp-json\/wp\/v2\/pages\/170\/revisions"}],"up":[{"embeddable":true,"href":"https:\/\/www3.unicentro.br\/midiaememoriasemfronteiras\/wp-json\/wp\/v2\/pages\/167"}],"wp:attachment":[{"href":"https:\/\/www3.unicentro.br\/midiaememoriasemfronteiras\/wp-json\/wp\/v2\/media?parent=170"}],"curies":[{"name":"wp","href":"https:\/\/api.w.org\/{rel}","templated":true}]}}