{"id":167,"date":"2017-06-28T15:36:07","date_gmt":"2017-06-28T18:36:07","guid":{"rendered":"https:\/\/www3.unicentro.br\/midiaememoriasemfronteiras\/?page_id=167"},"modified":"2017-08-30T16:52:02","modified_gmt":"2017-08-30T19:52:02","slug":"unespar","status":"publish","type":"page","link":"https:\/\/www3.unicentro.br\/midiaememoriasemfronteiras\/universidades\/unespar\/","title":{"rendered":"Unespar &#8211; Projetos em andamento"},"content":{"rendered":"<ul>\n<li><strong><a href=\"https:\/\/www3.unicentro.br\/midiaememoriasemfronteiras\/universidades\/unespar\/apoio-a-coopertebas-cooperativa-dos-agricultores-familiares-de-nova-tebas\/\" target=\"_blank\" rel=\"noopener\">Apoio a coopertebas &#8211; cooperativa dos agricultores familiares de Nova Tebas<\/a><\/strong><\/li>\n<li><strong><a href=\"https:\/\/www3.unicentro.br\/midiaememoriasemfronteiras\/universidades\/unespar\/danca-teatro-e-tecnologia-uma-proposta-de-sensibilizacao-nas-escolas\/\" target=\"_blank\" rel=\"noopener\">Dan\u00e7a, teatro e tecnologia: uma proposta de sensibiliza\u00e7\u00e3o nas escolas<\/a><\/strong><\/li>\n<li><strong><a href=\"https:\/\/www3.unicentro.br\/midiaememoriasemfronteiras\/universidades\/unespar\/descomplicando-a-economia-deco\/\" target=\"_blank\" rel=\"noopener\">Descomplicando a economia (deco)<\/a><\/strong><\/li>\n<li><strong><a href=\"https:\/\/www3.unicentro.br\/midiaememoriasemfronteiras\/universidades\/unespar\/desenvolvimento-de-dispositivos-de-captacao-da-chuva-para-reuso-da-agua-em-escolas-publicas-de-uniao-da-vitoria\/\" target=\"_blank\" rel=\"noopener\">Desenvolvimento de dispositivos de capta\u00e7\u00e3o da chuva para reuso da \u00e1gua em escolas p\u00fablicas de Uni\u00e3o da Vit\u00f3ria<\/a><\/strong><\/li>\n<li><strong><a href=\"https:\/\/www3.unicentro.br\/midiaememoriasemfronteiras\/universidades\/unespar\/disseminacao-de-hortas-organicas-e-consciencia-alimentar\/\" target=\"_blank\" rel=\"noopener\">Dissemina\u00e7\u00e3o de hortas org\u00e2nicas e consci\u00eancia alimentar<\/a><\/strong><\/li>\n<li><strong><a href=\"https:\/\/www3.unicentro.br\/midiaememoriasemfronteiras\/universidades\/unespar\/horticultura-organica-em-comunidades-socialmente-vulneraveis\/\" target=\"_blank\" rel=\"noopener\">Horticultura org\u00e2nica em comunidades socialmente vulner\u00e1veis<\/a><\/strong><\/li>\n<li><strong><a href=\"https:\/\/www3.unicentro.br\/midiaememoriasemfronteiras\/universidades\/unespar\/meu-mundo-minhas-historias-protagonismo-em-rede\/\" target=\"_blank\" rel=\"noopener\">Meu mundo &#8211; minhas hist\u00f3rias. Protagonismo em rede<br \/>\n<\/a><\/strong><\/li>\n<li><strong><a href=\"https:\/\/www3.unicentro.br\/midiaememoriasemfronteiras\/universidades\/unespar\/nossa-praia-mais-limpa-e-sustentavel\/\" target=\"_blank\" rel=\"noopener\">Nossa praia mais limpa e sustent\u00e1vel<\/a><\/strong><\/li>\n<li><strong><a href=\"https:\/\/www3.unicentro.br\/midiaememoriasemfronteiras\/universidades\/unespar\/projeto-social-de-iniciacao-ao-atletismo\/\" target=\"_blank\" rel=\"noopener\"><\/a><a href=\"https:\/\/www3.unicentro.br\/midiaememoriasemfronteiras\/universidades\/unespar\/ola-orquestra-latino-americana\/\" target=\"_blank\" rel=\"noopener\">OLA &#8211; Orquestra Latino-Americana<\/a><\/strong><\/li>\n<li><strong><a href=\"https:\/\/www3.unicentro.br\/midiaememoriasemfronteiras\/universidades\/unespar\/portal-do-futuro-oportunidade-de-qualificacao-ao-jovem-do-campo\/\" target=\"_blank\" rel=\"noopener\">Portal do futuro: oportunidade de qualifica\u00e7\u00e3o ao jovem do campo<\/a><\/strong><\/li>\n<li><strong><a href=\"https:\/\/www3.unicentro.br\/midiaememoriasemfronteiras\/universidades\/unespar\/projeto-sanear\/\" target=\"_blank\" rel=\"noopener\">Projeto Sanear<\/a><\/strong><\/li>\n<li><strong><a href=\"https:\/\/www3.unicentro.br\/midiaememoriasemfronteiras\/universidades\/unespar\/projeto-social-de-iniciacao-ao-atletismo\/\" target=\"_blank\" rel=\"noopener\">Projeto social de inicia\u00e7\u00e3o ao atletismo<\/a><\/strong><br \/>\n<a href=\"https:\/\/www3.unicentro.br\/midiaememoriasemfronteiras\/universidades\/unespar\/descomplicando-a-economia-deco\/\" target=\"_blank\" rel=\"noopener\"><br \/>\n<\/a><\/li>\n<\/ul>\n","protected":false},"excerpt":{"rendered":"<p>Apoio a coopertebas &#8211; cooperativa dos agricultores familiares de Nova Tebas Dan\u00e7a, teatro e tecnologia: uma proposta de sensibiliza\u00e7\u00e3o nas escolas Descomplicando a economia (deco) Desenvolvimento de dispositivos de capta\u00e7\u00e3o da chuva para reuso da \u00e1gua em escolas p\u00fablicas de Uni\u00e3o da Vit\u00f3ria Dissemina\u00e7\u00e3o de hortas org\u00e2nicas e consci\u00eancia alimentar Horticultura org\u00e2nica em comunidades socialmente [&hellip;]<\/p>\n","protected":false},"author":28,"featured_media":0,"parent":17,"menu_order":5,"comment_status":"closed","ping_status":"closed","template":"","meta":{"_exactmetrics_skip_tracking":false,"_exactmetrics_sitenote_active":false,"_exactmetrics_sitenote_note":"","_exactmetrics_sitenote_category":0,"footnotes":"","_links_to":"","_links_to_target":""},"class_list":["post-167","page","type-page","status-publish","hentry"],"_links":{"self":[{"href":"https:\/\/www3.unicentro.br\/midiaememoriasemfronteiras\/wp-json\/wp\/v2\/pages\/167","targetHints":{"allow":["GET"]}}],"collection":[{"href":"https:\/\/www3.unicentro.br\/midiaememoriasemfronteiras\/wp-json\/wp\/v2\/pages"}],"about":[{"href":"https:\/\/www3.unicentro.br\/midiaememoriasemfronteiras\/wp-json\/wp\/v2\/types\/page"}],"author":[{"embeddable":true,"href":"https:\/\/www3.unicentro.br\/midiaememoriasemfronteiras\/wp-json\/wp\/v2\/users\/28"}],"replies":[{"embeddable":true,"href":"https:\/\/www3.unicentro.br\/midiaememoriasemfronteiras\/wp-json\/wp\/v2\/comments?post=167"}],"version-history":[{"count":0,"href":"https:\/\/www3.unicentro.br\/midiaememoriasemfronteiras\/wp-json\/wp\/v2\/pages\/167\/revisions"}],"up":[{"embeddable":true,"href":"https:\/\/www3.unicentro.br\/midiaememoriasemfronteiras\/wp-json\/wp\/v2\/pages\/17"}],"wp:attachment":[{"href":"https:\/\/www3.unicentro.br\/midiaememoriasemfronteiras\/wp-json\/wp\/v2\/media?parent=167"}],"curies":[{"name":"wp","href":"https:\/\/api.w.org\/{rel}","templated":true}]}}