{"id":164,"date":"2017-06-28T15:35:03","date_gmt":"2017-06-28T18:35:03","guid":{"rendered":"https:\/\/www3.unicentro.br\/midiaememoriasemfronteiras\/?page_id=164"},"modified":"2017-08-22T21:49:41","modified_gmt":"2017-08-23T00:49:41","slug":"nucleo-maria-da-penha-numape","status":"publish","type":"page","link":"https:\/\/www3.unicentro.br\/midiaememoriasemfronteiras\/universidades\/unioeste\/nucleo-maria-da-penha-numape\/","title":{"rendered":"N\u00facleo Maria da Penha &#8211; NUMAPE"},"content":{"rendered":"<p>O projeto busca oferecer assist\u00eancia e orienta\u00e7\u00e3o jur\u00eddica em rela\u00e7\u00e3o aos Direitos Humanos das mulheres em situa\u00e7\u00e3o de risco; realizar div\u00f3rcio das mulheres em situa\u00e7\u00e3o de viol\u00eancia dom\u00e9stica; esclarecer a import\u00e2ncia das quest\u00f5es de g\u00eanero para a cidadania e proposi\u00e7\u00f5es de pol\u00edticas p\u00fablicas; realizar minicursos e debates sobre legisla\u00e7\u00e3o e defesa dos direitos das mulheres; produzir kit pedag\u00f3gico para trabalhar a tem\u00e1tica dos direitos das mulheres com crian\u00e7as do Ensino Fundamental; Produzir proposta pedag\u00f3gica para trabalhar quest\u00f5es de g\u00eanero e viol\u00eancia dom\u00e9stica com estudantes do ensino M\u00e9dio; atuar na rede de prote\u00e7\u00e3o \u00e0 mulher no munic\u00edpio de Francisco Beltr\u00e3o; Realizar trabalho conjunto com os agentes de sa\u00fade para fazer levantamento dos n\u00fameros da viol\u00eancia contra a mulher; atuar no coletivo de mulheres, do Sindicato do Trabalhadores Rurais para atender as mulheres do campo em rela\u00e7\u00e3o a viol\u00eancia de g\u00eanero; Trabalhar gera\u00e7\u00e3o de renda com mulheres v\u00edtimas de viol\u00eancia dom\u00e9stica no Ateli\u00ea Tecendo a Cidadania.<\/p>\n<p><strong>Equipe:<\/strong><\/p>\n<p>Sonia Maria dos Santos Marques (coordenadora);<br \/>\nAdriana do Val Alves Taveira;<br \/>\nRoseli Alves dos Santos;<br \/>\nPerla Aparecida Zanetti Cristovon;<br \/>\nJoana Aparecida Sloboda;<br \/>\nDouglas Rom\u00e1rio de Souza Lima;<br \/>\nThain\u00e1 Luiza Zuza Mendes;<\/p>\n","protected":false},"excerpt":{"rendered":"<p>O projeto busca oferecer assist\u00eancia e orienta\u00e7\u00e3o jur\u00eddica em rela\u00e7\u00e3o aos Direitos Humanos das mulheres em situa\u00e7\u00e3o de risco; realizar div\u00f3rcio das mulheres em situa\u00e7\u00e3o de viol\u00eancia dom\u00e9stica; esclarecer a import\u00e2ncia das quest\u00f5es de g\u00eanero para a cidadania e proposi\u00e7\u00f5es de pol\u00edticas p\u00fablicas; realizar minicursos e debates sobre legisla\u00e7\u00e3o e defesa dos direitos das mulheres; [&hellip;]<\/p>\n","protected":false},"author":28,"featured_media":0,"parent":138,"menu_order":11,"comment_status":"closed","ping_status":"closed","template":"","meta":{"_exactmetrics_skip_tracking":false,"_exactmetrics_sitenote_active":false,"_exactmetrics_sitenote_note":"","_exactmetrics_sitenote_category":0,"footnotes":"","_links_to":"","_links_to_target":""},"class_list":["post-164","page","type-page","status-publish","hentry"],"_links":{"self":[{"href":"https:\/\/www3.unicentro.br\/midiaememoriasemfronteiras\/wp-json\/wp\/v2\/pages\/164","targetHints":{"allow":["GET"]}}],"collection":[{"href":"https:\/\/www3.unicentro.br\/midiaememoriasemfronteiras\/wp-json\/wp\/v2\/pages"}],"about":[{"href":"https:\/\/www3.unicentro.br\/midiaememoriasemfronteiras\/wp-json\/wp\/v2\/types\/page"}],"author":[{"embeddable":true,"href":"https:\/\/www3.unicentro.br\/midiaememoriasemfronteiras\/wp-json\/wp\/v2\/users\/28"}],"replies":[{"embeddable":true,"href":"https:\/\/www3.unicentro.br\/midiaememoriasemfronteiras\/wp-json\/wp\/v2\/comments?post=164"}],"version-history":[{"count":0,"href":"https:\/\/www3.unicentro.br\/midiaememoriasemfronteiras\/wp-json\/wp\/v2\/pages\/164\/revisions"}],"up":[{"embeddable":true,"href":"https:\/\/www3.unicentro.br\/midiaememoriasemfronteiras\/wp-json\/wp\/v2\/pages\/138"}],"wp:attachment":[{"href":"https:\/\/www3.unicentro.br\/midiaememoriasemfronteiras\/wp-json\/wp\/v2\/media?parent=164"}],"curies":[{"name":"wp","href":"https:\/\/api.w.org\/{rel}","templated":true}]}}