{"id":158,"date":"2017-06-28T15:20:05","date_gmt":"2017-06-28T18:20:05","guid":{"rendered":"https:\/\/www3.unicentro.br\/midiaememoriasemfronteiras\/?page_id=158"},"modified":"2017-08-22T21:49:30","modified_gmt":"2017-08-23T00:49:30","slug":"capacitacao-de-trabalhadores-da-atencao-basica-a-saude-para-o-uso-da-tecnologia-gene-xpert-para-diagnostico-e-acompanhamento-dos-doentes-de-tuberculose","status":"publish","type":"page","link":"https:\/\/www3.unicentro.br\/midiaememoriasemfronteiras\/universidades\/unioeste\/capacitacao-de-trabalhadores-da-atencao-basica-a-saude-para-o-uso-da-tecnologia-gene-xpert-para-diagnostico-e-acompanhamento-dos-doentes-de-tuberculose\/","title":{"rendered":"Capacita\u00e7\u00e3o de trabalhadores da aten\u00e7\u00e3o b\u00e1sica \u00e0 sa\u00fade para o uso da tecnologia GENE XPERT para diagn\u00f3stico e acompanhamento dos doentes de tuberculose"},"content":{"rendered":"<p><!--td {border: 1px solid #ccc;}br {mso-data-placement:same-cell;}-->Resumo do Projeto: O IDH de Foz do Igua\u00e7u \u00e9 semelhante ao do Paran\u00e1, o CI da doen\u00e7a foi 100% superior ao do Estado e, esta realidade se reproduz nas outras cidades elencadas nesta proposta, salvaguardando as propor\u00e7\u00f5es populacionais de cada uma delas. Assim as semelhan\u00e7as regionais em rela\u00e7\u00e3o ao IDH n\u00e3o s\u00e3o reproduzidas para a distribui\u00e7\u00e3o da tuberculose. A regi\u00e3o de tr\u00edplice fronteira possui grandes disparidades socioecon\u00f4micas, com diversos extratos censit\u00e1rios com IDH compar\u00e1veis a pa\u00edses africanos, cen\u00e1rio ideal para a transmiss\u00e3o e adoecimento pela doen\u00e7a. Tornam-se prementes a\u00e7\u00f5es sociais e assistenciais com foco na prote\u00e7\u00e3o dessa popula\u00e7\u00e3o vulner\u00e1vel. Tem com objetivo realizar educa\u00e7\u00e3o em servi\u00e7o visando o controle da tuberculose, envolvendo profissionais das Unidades de Aten\u00e7\u00e3o B\u00e1sica \u00e0 Sa\u00fade com enfoque na tecnologia de diagn\u00f3stico \u201cGene Xpert\u201d (teste r\u00e1pido) e acompanhamento das fam\u00edlias com pessoas que apresentam diagn\u00f3stico de tuberculose nos munic\u00edpios da 9\u00aa Regional de Sa\u00fade. Trata-se de uma proposta ligada ao Programa de P\u00f3s-Gradua\u00e7\u00e3o \u201cStricto Sensu\u201d Sa\u00fade P\u00fablica em Regi\u00e3o de Fronteira da Unioeste. O fio condutor da proposta ser\u00e1 a educa\u00e7\u00e3o problematizadora no pensamento Paulo Freire (1980) e o Cuidado Transcultural de Leininger (1985). As contribui\u00e7\u00f5es esperadas s\u00e3o Implanta\u00e7\u00e3o de nova estrat\u00e9gia de detec\u00e7\u00e3o de casos de tuberculose; Desenvolvimento de ferramentas did\u00e1tico pedag\u00f3gicas para capacita\u00e7\u00e3o de pessoal de sa\u00fade; Aperfei\u00e7oamento do processo de trabalho em sa\u00fade; Qualifica\u00e7\u00e3o de recursos humanos (gradua\u00e7\u00e3o, p\u00f3s-gradua\u00e7\u00e3o stricto senso e profissionais do SUS); Conhecimento e empoderamento da popula\u00e7\u00e3o alvo e grupos de pesquisadores no que tange os cuidados a sa\u00fade; Publica\u00e7\u00e3o de artigos cient\u00edficos em revistas ranqueadas pelo Qualis\/Capes e revista de divulga\u00e7\u00e3o de atividades de extens\u00e3o universit\u00e1ria. Disponibiliza\u00e7\u00e3o de dados sobre os desfechos de tratamento entre doentes diagnosticados com a tecnologia \u201cGene Xpert\u201d, estrat\u00e9gia tecnol\u00f3gica relevante e de alto interesse para o Minist\u00e9rio da Sa\u00fade e OMS no cen\u00e1rio mundial.<\/p>\n<p><strong>Equipe:<\/strong><\/p>\n<p>Reinaldo Antonio da Silva Sobrinho (coordenador);<br \/>\nAdriana Zilly;<br \/>\nSamia Regina de Quadros;<br \/>\nRoberta Menezes;<br \/>\nAngela Sobral Bernadi;<\/p>\n","protected":false},"excerpt":{"rendered":"<p>Resumo do Projeto: O IDH de Foz do Igua\u00e7u \u00e9 semelhante ao do Paran\u00e1, o CI da doen\u00e7a foi 100% superior ao do Estado e, esta realidade se reproduz nas outras cidades elencadas nesta proposta, salvaguardando as propor\u00e7\u00f5es populacionais de cada uma delas. Assim as semelhan\u00e7as regionais em rela\u00e7\u00e3o ao IDH n\u00e3o s\u00e3o reproduzidas para [&hellip;]<\/p>\n","protected":false},"author":28,"featured_media":0,"parent":138,"menu_order":9,"comment_status":"closed","ping_status":"closed","template":"","meta":{"_exactmetrics_skip_tracking":false,"_exactmetrics_sitenote_active":false,"_exactmetrics_sitenote_note":"","_exactmetrics_sitenote_category":0,"footnotes":"","_links_to":"","_links_to_target":""},"class_list":["post-158","page","type-page","status-publish","hentry"],"_links":{"self":[{"href":"https:\/\/www3.unicentro.br\/midiaememoriasemfronteiras\/wp-json\/wp\/v2\/pages\/158","targetHints":{"allow":["GET"]}}],"collection":[{"href":"https:\/\/www3.unicentro.br\/midiaememoriasemfronteiras\/wp-json\/wp\/v2\/pages"}],"about":[{"href":"https:\/\/www3.unicentro.br\/midiaememoriasemfronteiras\/wp-json\/wp\/v2\/types\/page"}],"author":[{"embeddable":true,"href":"https:\/\/www3.unicentro.br\/midiaememoriasemfronteiras\/wp-json\/wp\/v2\/users\/28"}],"replies":[{"embeddable":true,"href":"https:\/\/www3.unicentro.br\/midiaememoriasemfronteiras\/wp-json\/wp\/v2\/comments?post=158"}],"version-history":[{"count":0,"href":"https:\/\/www3.unicentro.br\/midiaememoriasemfronteiras\/wp-json\/wp\/v2\/pages\/158\/revisions"}],"up":[{"embeddable":true,"href":"https:\/\/www3.unicentro.br\/midiaememoriasemfronteiras\/wp-json\/wp\/v2\/pages\/138"}],"wp:attachment":[{"href":"https:\/\/www3.unicentro.br\/midiaememoriasemfronteiras\/wp-json\/wp\/v2\/media?parent=158"}],"curies":[{"name":"wp","href":"https:\/\/api.w.org\/{rel}","templated":true}]}}