{"id":156,"date":"2017-06-28T15:15:38","date_gmt":"2017-06-28T18:15:38","guid":{"rendered":"https:\/\/www3.unicentro.br\/midiaememoriasemfronteiras\/?page_id=156"},"modified":"2017-08-22T21:49:20","modified_gmt":"2017-08-23T00:49:20","slug":"memoria-e-identidade-do-povo-kaingang-t-i-rio-das-cobras","status":"publish","type":"page","link":"https:\/\/www3.unicentro.br\/midiaememoriasemfronteiras\/universidades\/unioeste\/memoria-e-identidade-do-povo-kaingang-t-i-rio-das-cobras\/","title":{"rendered":"Mem\u00f3ria e identidade do povo Kaingang T. I Rio das Cobras"},"content":{"rendered":"<p>O projeto visa organizar oficinas de hist\u00f3ria e mem\u00f3ria junto ao povo Kaingang,<br \/>\norganizar semin\u00e1rios e eventos sobre a tem\u00e1tica junto a comunidade acad\u00eamica,<br \/>\nelaborar um site como observat\u00f3rio a respeito da tem\u00e1tica ind\u00edgena no Oeste do<br \/>\nParan\u00e1. Cria\u00e7\u00e3o de um v\u00eddeo document\u00e1rio sobre a mem\u00f3ria e as hist\u00f3rias dos<br \/>\nvelhos para perpetua\u00e7\u00e3o e preserva\u00e7\u00e3o da mem\u00f3ria tradicional. E ainda, trabalhar<br \/>\ncom os alunos a quest\u00e3o da diversidade do ensino e capacit\u00e1-los na elabora\u00e7\u00e3o de<br \/>\noficinas e aulas.<\/p>\n<p><strong>Equipe:<\/strong><\/p>\n<p>Paulo Humberto Porto Borges (coordenador);<br \/>\nTalita Ferraz;<br \/>\nYuri Stefann;<br \/>\nFrancieli Perandr\u00e9;<br \/>\nAndr\u00e9ia Lysik;<br \/>\nEduardo Rodrigues;<\/p>\n","protected":false},"excerpt":{"rendered":"<p>O projeto visa organizar oficinas de hist\u00f3ria e mem\u00f3ria junto ao povo Kaingang, organizar semin\u00e1rios e eventos sobre a tem\u00e1tica junto a comunidade acad\u00eamica, elaborar um site como observat\u00f3rio a respeito da tem\u00e1tica ind\u00edgena no Oeste do Paran\u00e1. Cria\u00e7\u00e3o de um v\u00eddeo document\u00e1rio sobre a mem\u00f3ria e as hist\u00f3rias dos velhos para perpetua\u00e7\u00e3o e preserva\u00e7\u00e3o [&hellip;]<\/p>\n","protected":false},"author":28,"featured_media":0,"parent":138,"menu_order":8,"comment_status":"closed","ping_status":"closed","template":"","meta":{"_exactmetrics_skip_tracking":false,"_exactmetrics_sitenote_active":false,"_exactmetrics_sitenote_note":"","_exactmetrics_sitenote_category":0,"footnotes":"","_links_to":"","_links_to_target":""},"class_list":["post-156","page","type-page","status-publish","hentry"],"_links":{"self":[{"href":"https:\/\/www3.unicentro.br\/midiaememoriasemfronteiras\/wp-json\/wp\/v2\/pages\/156","targetHints":{"allow":["GET"]}}],"collection":[{"href":"https:\/\/www3.unicentro.br\/midiaememoriasemfronteiras\/wp-json\/wp\/v2\/pages"}],"about":[{"href":"https:\/\/www3.unicentro.br\/midiaememoriasemfronteiras\/wp-json\/wp\/v2\/types\/page"}],"author":[{"embeddable":true,"href":"https:\/\/www3.unicentro.br\/midiaememoriasemfronteiras\/wp-json\/wp\/v2\/users\/28"}],"replies":[{"embeddable":true,"href":"https:\/\/www3.unicentro.br\/midiaememoriasemfronteiras\/wp-json\/wp\/v2\/comments?post=156"}],"version-history":[{"count":0,"href":"https:\/\/www3.unicentro.br\/midiaememoriasemfronteiras\/wp-json\/wp\/v2\/pages\/156\/revisions"}],"up":[{"embeddable":true,"href":"https:\/\/www3.unicentro.br\/midiaememoriasemfronteiras\/wp-json\/wp\/v2\/pages\/138"}],"wp:attachment":[{"href":"https:\/\/www3.unicentro.br\/midiaememoriasemfronteiras\/wp-json\/wp\/v2\/media?parent=156"}],"curies":[{"name":"wp","href":"https:\/\/api.w.org\/{rel}","templated":true}]}}