{"id":154,"date":"2017-06-28T15:09:36","date_gmt":"2017-06-28T18:09:36","guid":{"rendered":"https:\/\/www3.unicentro.br\/midiaememoriasemfronteiras\/?page_id=154"},"modified":"2017-08-22T21:49:10","modified_gmt":"2017-08-23T00:49:10","slug":"deteccao-e-prevencao-de-problemas-visuais","status":"publish","type":"page","link":"https:\/\/www3.unicentro.br\/midiaememoriasemfronteiras\/universidades\/unioeste\/deteccao-e-prevencao-de-problemas-visuais\/","title":{"rendered":"Detec\u00e7\u00e3o e preven\u00e7\u00e3o de problemas visuais"},"content":{"rendered":"<p>A identifica\u00e7\u00e3o de problemas visuais em escolares \u00e9 abordagem preventiva que visa impedir a evolu\u00e7\u00e3o da doen\u00e7a e melhorar o aprendizado e o aproveitamento escolar. Imp\u00f5e-se, portanto, que essas crian\u00e7as tenham acesso \u00e0 assist\u00eancia oftalmol\u00f3gico para desenvolver integralmente suas capacidades e potencialidades. Os professores do ensino fundamental podem atuar na detec\u00e7\u00e3o precoce da acuidade visual em crian\u00e7as e adolescentes desde que adequadamente treinados para a avalia\u00e7\u00e3o de problemas visuais. Neste projeto, objetivamos detectar precocemente problemas visuais em escolares e capacitar professores da rede municipal de ensino do munic\u00edpio de tr\u00eas munic\u00edpios de faixa de fronteira do estado do Paran\u00e1: Foz do Igua\u00e7u, Santa Terezinha de Itaip\u00fa e Medianeira. A avalia\u00e7\u00e3o da acuidade visual ser\u00e1 realizada utilizando a tabela de Snellen. Os professores a serem capacitados ser\u00e3o selecionados pela Secretaria da Educa\u00e7\u00e3o dos referidos munic\u00edpios. A capacita\u00e7\u00e3o ter\u00e1 uma parte te\u00f3rica e outra pr\u00e1tica, com dura\u00e7\u00e3o total de 4 horas e ocorrer\u00e1 com grupos de 20 a 30 professores em cada encontro. Espera-se com este projeto possa capacitar todos os professores selecionados dos tr\u00eas munic\u00edpios selecionados, assim como, realizar a detec\u00e7\u00e3o de problemas de baixa acuidade visual em escolares do ensino fundamental dos referidos munic\u00edpios, procedendo com o encaminhamento ao servi\u00e7o de sa\u00fade dos escolares com problemas visuais, permitindo que o projeto promova a sa\u00fade dos escolares da faixa de fronteira<\/p>\n<p><strong>Equipe:<\/strong><\/p>\n<p>Oscar Kenji Nihei (coordenador);<br \/>\nIvanete Sema do Nascismento;<br \/>\nEunice de Freitas Israel;<br \/>\nCamila Barbosa Pedro;<\/p>\n","protected":false},"excerpt":{"rendered":"<p>A identifica\u00e7\u00e3o de problemas visuais em escolares \u00e9 abordagem preventiva que visa impedir a evolu\u00e7\u00e3o da doen\u00e7a e melhorar o aprendizado e o aproveitamento escolar. Imp\u00f5e-se, portanto, que essas crian\u00e7as tenham acesso \u00e0 assist\u00eancia oftalmol\u00f3gico para desenvolver integralmente suas capacidades e potencialidades. Os professores do ensino fundamental podem atuar na detec\u00e7\u00e3o precoce da acuidade visual [&hellip;]<\/p>\n","protected":false},"author":28,"featured_media":0,"parent":138,"menu_order":7,"comment_status":"closed","ping_status":"closed","template":"","meta":{"_exactmetrics_skip_tracking":false,"_exactmetrics_sitenote_active":false,"_exactmetrics_sitenote_note":"","_exactmetrics_sitenote_category":0,"footnotes":"","_links_to":"","_links_to_target":""},"class_list":["post-154","page","type-page","status-publish","hentry"],"_links":{"self":[{"href":"https:\/\/www3.unicentro.br\/midiaememoriasemfronteiras\/wp-json\/wp\/v2\/pages\/154","targetHints":{"allow":["GET"]}}],"collection":[{"href":"https:\/\/www3.unicentro.br\/midiaememoriasemfronteiras\/wp-json\/wp\/v2\/pages"}],"about":[{"href":"https:\/\/www3.unicentro.br\/midiaememoriasemfronteiras\/wp-json\/wp\/v2\/types\/page"}],"author":[{"embeddable":true,"href":"https:\/\/www3.unicentro.br\/midiaememoriasemfronteiras\/wp-json\/wp\/v2\/users\/28"}],"replies":[{"embeddable":true,"href":"https:\/\/www3.unicentro.br\/midiaememoriasemfronteiras\/wp-json\/wp\/v2\/comments?post=154"}],"version-history":[{"count":0,"href":"https:\/\/www3.unicentro.br\/midiaememoriasemfronteiras\/wp-json\/wp\/v2\/pages\/154\/revisions"}],"up":[{"embeddable":true,"href":"https:\/\/www3.unicentro.br\/midiaememoriasemfronteiras\/wp-json\/wp\/v2\/pages\/138"}],"wp:attachment":[{"href":"https:\/\/www3.unicentro.br\/midiaememoriasemfronteiras\/wp-json\/wp\/v2\/media?parent=154"}],"curies":[{"name":"wp","href":"https:\/\/api.w.org\/{rel}","templated":true}]}}