{"id":151,"date":"2017-06-28T15:06:37","date_gmt":"2017-06-28T18:06:37","guid":{"rendered":"https:\/\/www3.unicentro.br\/midiaememoriasemfronteiras\/?page_id=151"},"modified":"2017-08-22T21:48:59","modified_gmt":"2017-08-23T00:48:59","slug":"educacao-em-saude-sobre-toxoplasmose-em-centros-municipais-de-educacao-infantil-em-regiao-de-fronteira","status":"publish","type":"page","link":"https:\/\/www3.unicentro.br\/midiaememoriasemfronteiras\/universidades\/unioeste\/educacao-em-saude-sobre-toxoplasmose-em-centros-municipais-de-educacao-infantil-em-regiao-de-fronteira\/","title":{"rendered":"Educa\u00e7\u00e3o em sa\u00fade sobre toxoplasmose em centros municipais de educa\u00e7\u00e3o infantil em regi\u00e3o de fronteira"},"content":{"rendered":"<p>Promover orienta\u00e7\u00f5es aos pais e\/ou respons\u00e1veis das crian\u00e7as matriculadas em 4 Centros Municipais de Educa\u00e7\u00e3o Infantil (CMEIs) sobre a toxoplasmose (agente etiol\u00f3gico, hospedeiro mais importante, formas de infec\u00e7\u00e3o, sinais, sintomas, complica\u00e7\u00f5es e preven\u00e7\u00e3o) e orienta\u00e7\u00f5es \u00e0s crian\u00e7as sobre medidas b\u00e1sicas de higiene (preven\u00e7\u00e3o e cuidados pessoais). Em rela\u00e7\u00e3o ao ensino, o presente projeto vem agregar conhecimentos por meio da realiza\u00e7\u00e3o de educa\u00e7\u00e3o em sa\u00fade sobre medidas b\u00e1sicas de higiene (preven\u00e7\u00e3o e cuidados pessoais), no intuito de ampliar o conhecimento do p\u00fablico direcionado, fazendo com que eles se tornem multiplicadores de informa\u00e7\u00f5es no que diz respeito a tem\u00e1tica envolvida, preparando-os para realizarem de forma efetiva redu\u00e7\u00e3o dos meios de transmiss\u00e3o e, assim, preven\u00e7\u00e3o do surgimento de novos casos de toxoplasmose. No que diz respeito a pesquisa, ser\u00e1 realizada uma investiga\u00e7\u00e3o por meio da aplica\u00e7\u00e3o de question\u00e1rios para verificar o n\u00edvel de conhecimento pr\u00e9 e p\u00f3s teste aos pais e\/ou respons\u00e1veis das crian\u00e7as.<\/p>\n<p><strong>Equipe:<\/strong><\/p>\n<p>Neide Martins Moreira (coordenadora);<br \/>\nOscar Kenji Nihei;<br \/>\nAndr\u00e9ia Aparecida Scherer;<br \/>\nJanielle Chrislaine Moro;<br \/>\nMichelli Mara Peres;<\/p>\n","protected":false},"excerpt":{"rendered":"<p>Promover orienta\u00e7\u00f5es aos pais e\/ou respons\u00e1veis das crian\u00e7as matriculadas em 4 Centros Municipais de Educa\u00e7\u00e3o Infantil (CMEIs) sobre a toxoplasmose (agente etiol\u00f3gico, hospedeiro mais importante, formas de infec\u00e7\u00e3o, sinais, sintomas, complica\u00e7\u00f5es e preven\u00e7\u00e3o) e orienta\u00e7\u00f5es \u00e0s crian\u00e7as sobre medidas b\u00e1sicas de higiene (preven\u00e7\u00e3o e cuidados pessoais). Em rela\u00e7\u00e3o ao ensino, o presente projeto vem agregar [&hellip;]<\/p>\n","protected":false},"author":28,"featured_media":0,"parent":138,"menu_order":6,"comment_status":"closed","ping_status":"closed","template":"","meta":{"_exactmetrics_skip_tracking":false,"_exactmetrics_sitenote_active":false,"_exactmetrics_sitenote_note":"","_exactmetrics_sitenote_category":0,"footnotes":"","_links_to":"","_links_to_target":""},"class_list":["post-151","page","type-page","status-publish","hentry"],"_links":{"self":[{"href":"https:\/\/www3.unicentro.br\/midiaememoriasemfronteiras\/wp-json\/wp\/v2\/pages\/151","targetHints":{"allow":["GET"]}}],"collection":[{"href":"https:\/\/www3.unicentro.br\/midiaememoriasemfronteiras\/wp-json\/wp\/v2\/pages"}],"about":[{"href":"https:\/\/www3.unicentro.br\/midiaememoriasemfronteiras\/wp-json\/wp\/v2\/types\/page"}],"author":[{"embeddable":true,"href":"https:\/\/www3.unicentro.br\/midiaememoriasemfronteiras\/wp-json\/wp\/v2\/users\/28"}],"replies":[{"embeddable":true,"href":"https:\/\/www3.unicentro.br\/midiaememoriasemfronteiras\/wp-json\/wp\/v2\/comments?post=151"}],"version-history":[{"count":0,"href":"https:\/\/www3.unicentro.br\/midiaememoriasemfronteiras\/wp-json\/wp\/v2\/pages\/151\/revisions"}],"up":[{"embeddable":true,"href":"https:\/\/www3.unicentro.br\/midiaememoriasemfronteiras\/wp-json\/wp\/v2\/pages\/138"}],"wp:attachment":[{"href":"https:\/\/www3.unicentro.br\/midiaememoriasemfronteiras\/wp-json\/wp\/v2\/media?parent=151"}],"curies":[{"name":"wp","href":"https:\/\/api.w.org\/{rel}","templated":true}]}}