{"id":149,"date":"2017-06-28T15:01:10","date_gmt":"2017-06-28T18:01:10","guid":{"rendered":"https:\/\/www3.unicentro.br\/midiaememoriasemfronteiras\/?page_id=149"},"modified":"2017-08-22T21:48:47","modified_gmt":"2017-08-23T00:48:47","slug":"avaliacao-e-acompanhamento-da-producao-de-leite-de-base-agroecologico-nos-assentamentos","status":"publish","type":"page","link":"https:\/\/www3.unicentro.br\/midiaememoriasemfronteiras\/universidades\/unioeste\/avaliacao-e-acompanhamento-da-producao-de-leite-de-base-agroecologico-nos-assentamentos\/","title":{"rendered":"Avalia\u00e7\u00e3o e acompanhamento da produ\u00e7\u00e3o de leite de base agroecol\u00f3gico nos assentamentos"},"content":{"rendered":"<p>O objetivo desse projeto \u00e9 realizar coletas de amostras de leite nas propriedades dos assentados. Sendo que os materiais coletados ser\u00e3o analisados na Universidadde Estadual do Oeste do Paran\u00e1 e tamb\u00e9m enviados para Curitiba para a realiza\u00e7\u00e3o de analises, na APCBRH. A partir disso, as propriedades ser\u00e3o acompanhadas atrav\u00e9s da entrega dos resultados das analises e tamb\u00e9m pelos questionamentos dos produtores, conforme os resultados dos alimentos. Da mesma forma, a realiza\u00e7\u00e3o de pequenos eventos\/ oficinas t\u00e9cnicas para que o produtores participem de todas as fases do projeto.<\/p>\n<p><strong>Equipe:<\/strong><\/p>\n<p>Maximiliane Alavarse Zambom (coordenadora);<br \/>\nEverline Ines Eckstein;<br \/>\nDieisson Gregory Grunevald;<br \/>\nJessica Garcias;<br \/>\nMaria Luiza Fischer ;<br \/>\nAna Carla de Souza;<\/p>\n","protected":false},"excerpt":{"rendered":"<p>O objetivo desse projeto \u00e9 realizar coletas de amostras de leite nas propriedades dos assentados. Sendo que os materiais coletados ser\u00e3o analisados na Universidadde Estadual do Oeste do Paran\u00e1 e tamb\u00e9m enviados para Curitiba para a realiza\u00e7\u00e3o de analises, na APCBRH. A partir disso, as propriedades ser\u00e3o acompanhadas atrav\u00e9s da entrega dos resultados das analises [&hellip;]<\/p>\n","protected":false},"author":28,"featured_media":0,"parent":138,"menu_order":5,"comment_status":"closed","ping_status":"closed","template":"","meta":{"_exactmetrics_skip_tracking":false,"_exactmetrics_sitenote_active":false,"_exactmetrics_sitenote_note":"","_exactmetrics_sitenote_category":0,"footnotes":"","_links_to":"","_links_to_target":""},"class_list":["post-149","page","type-page","status-publish","hentry"],"_links":{"self":[{"href":"https:\/\/www3.unicentro.br\/midiaememoriasemfronteiras\/wp-json\/wp\/v2\/pages\/149","targetHints":{"allow":["GET"]}}],"collection":[{"href":"https:\/\/www3.unicentro.br\/midiaememoriasemfronteiras\/wp-json\/wp\/v2\/pages"}],"about":[{"href":"https:\/\/www3.unicentro.br\/midiaememoriasemfronteiras\/wp-json\/wp\/v2\/types\/page"}],"author":[{"embeddable":true,"href":"https:\/\/www3.unicentro.br\/midiaememoriasemfronteiras\/wp-json\/wp\/v2\/users\/28"}],"replies":[{"embeddable":true,"href":"https:\/\/www3.unicentro.br\/midiaememoriasemfronteiras\/wp-json\/wp\/v2\/comments?post=149"}],"version-history":[{"count":0,"href":"https:\/\/www3.unicentro.br\/midiaememoriasemfronteiras\/wp-json\/wp\/v2\/pages\/149\/revisions"}],"up":[{"embeddable":true,"href":"https:\/\/www3.unicentro.br\/midiaememoriasemfronteiras\/wp-json\/wp\/v2\/pages\/138"}],"wp:attachment":[{"href":"https:\/\/www3.unicentro.br\/midiaememoriasemfronteiras\/wp-json\/wp\/v2\/media?parent=149"}],"curies":[{"name":"wp","href":"https:\/\/api.w.org\/{rel}","templated":true}]}}