{"id":147,"date":"2017-06-28T14:57:51","date_gmt":"2017-06-28T17:57:51","guid":{"rendered":"https:\/\/www3.unicentro.br\/midiaememoriasemfronteiras\/?page_id=147"},"modified":"2017-08-22T21:48:38","modified_gmt":"2017-08-23T00:48:38","slug":"implantacao-de-sistemas-agroflorestais","status":"publish","type":"page","link":"https:\/\/www3.unicentro.br\/midiaememoriasemfronteiras\/universidades\/unioeste\/implantacao-de-sistemas-agroflorestais\/","title":{"rendered":"Implanta\u00e7\u00e3o de sistemas agroflorestais"},"content":{"rendered":"<p>Implanta\u00e7\u00e3o de sistemas agroflorestais em 5 \u00e1reas visando a produ\u00e7\u00e3o de alimentos org\u00e2nicos e a recupera\u00e7\u00e3o de florestas. Mostrar que \u00e9 poss\u00edvel unir produ\u00e7\u00e3o de alimentos em alta quantidade com recupera\u00e7\u00e3o florestal, criando como consequ\u00eancia a restaura\u00e7\u00e3o da fauna e flora naquele determinado lugar em que foi implantado. Tornar a t\u00e9cnica conhecida na regi\u00e3o Sudoeste do Paran\u00e1, com o intuito de que o sistema seja implantado em outros estabelecimentos rurais.<\/p>\n<p><strong>Equipe:<\/strong><\/p>\n<p>Luciano Zanetti Pess\u00f4a Candiotto (coordenador);<br \/>\nJosu\u00e9 V. Cregio;<br \/>\nRoberto dos Anjos Dias;<br \/>\nLucas Pomniechinski;<\/p>\n","protected":false},"excerpt":{"rendered":"<p>Implanta\u00e7\u00e3o de sistemas agroflorestais em 5 \u00e1reas visando a produ\u00e7\u00e3o de alimentos org\u00e2nicos e a recupera\u00e7\u00e3o de florestas. Mostrar que \u00e9 poss\u00edvel unir produ\u00e7\u00e3o de alimentos em alta quantidade com recupera\u00e7\u00e3o florestal, criando como consequ\u00eancia a restaura\u00e7\u00e3o da fauna e flora naquele determinado lugar em que foi implantado. Tornar a t\u00e9cnica conhecida na regi\u00e3o Sudoeste [&hellip;]<\/p>\n","protected":false},"author":28,"featured_media":0,"parent":138,"menu_order":4,"comment_status":"closed","ping_status":"closed","template":"","meta":{"_exactmetrics_skip_tracking":false,"_exactmetrics_sitenote_active":false,"_exactmetrics_sitenote_note":"","_exactmetrics_sitenote_category":0,"footnotes":"","_links_to":"","_links_to_target":""},"class_list":["post-147","page","type-page","status-publish","hentry"],"_links":{"self":[{"href":"https:\/\/www3.unicentro.br\/midiaememoriasemfronteiras\/wp-json\/wp\/v2\/pages\/147","targetHints":{"allow":["GET"]}}],"collection":[{"href":"https:\/\/www3.unicentro.br\/midiaememoriasemfronteiras\/wp-json\/wp\/v2\/pages"}],"about":[{"href":"https:\/\/www3.unicentro.br\/midiaememoriasemfronteiras\/wp-json\/wp\/v2\/types\/page"}],"author":[{"embeddable":true,"href":"https:\/\/www3.unicentro.br\/midiaememoriasemfronteiras\/wp-json\/wp\/v2\/users\/28"}],"replies":[{"embeddable":true,"href":"https:\/\/www3.unicentro.br\/midiaememoriasemfronteiras\/wp-json\/wp\/v2\/comments?post=147"}],"version-history":[{"count":0,"href":"https:\/\/www3.unicentro.br\/midiaememoriasemfronteiras\/wp-json\/wp\/v2\/pages\/147\/revisions"}],"up":[{"embeddable":true,"href":"https:\/\/www3.unicentro.br\/midiaememoriasemfronteiras\/wp-json\/wp\/v2\/pages\/138"}],"wp:attachment":[{"href":"https:\/\/www3.unicentro.br\/midiaememoriasemfronteiras\/wp-json\/wp\/v2\/media?parent=147"}],"curies":[{"name":"wp","href":"https:\/\/api.w.org\/{rel}","templated":true}]}}