{"id":145,"date":"2017-06-28T14:47:31","date_gmt":"2017-06-28T17:47:31","guid":{"rendered":"https:\/\/www3.unicentro.br\/midiaememoriasemfronteiras\/?page_id=145"},"modified":"2017-08-22T21:48:03","modified_gmt":"2017-08-23T00:48:03","slug":"numape-violencia-contra-as-mulheres-e-politicas-publicas-afirmativas-no-oeste-do-parana","status":"publish","type":"page","link":"https:\/\/www3.unicentro.br\/midiaememoriasemfronteiras\/universidades\/unioeste\/numape-violencia-contra-as-mulheres-e-politicas-publicas-afirmativas-no-oeste-do-parana\/","title":{"rendered":"Numape: viol\u00eancia contra as mulheres e pol\u00edticas p\u00fablicas afirmativas no oeste do Paran\u00e1"},"content":{"rendered":"<p>O projeto \u00e9 desenvolvido via Laborat\u00f3rio de Pesquisas e Estudos de G\u00eanero \u2013 LAPEG da Universidade Estadual do Oeste do Paran\u00e1, UNIOESTE, Campus Marechal C\u00e2ndido Rondon, coordenado pela Professora Doutora Ivonete Pereira e composto por diversos pesquisadores\/as. Seus objetivos est\u00e3o centrados em fortalecer a rede de enfrentamento e combate \u00e0 viol\u00eancia contra as mulheres j\u00e1 existente no mun\u00edcipio, bem como, informar de forma simples e clara homens e mulheres sobre a lei Maria da Penha, medidas protetivas de urg\u00eancia, realizar os esclarecimentos jur\u00eddicos cab\u00edveis e encaminhar as mulheres em situa\u00e7\u00e3o de viol\u00eancia e vulnerabilidade social aos \u00f3rg\u00e3os respons\u00e1veis pelo atendimento. Tais objetivos s\u00e3o efetivados atrav\u00e9s de materiais socioeducativos (cartilhas, v\u00eddeos, document\u00e1rios) e eventos, palestras, semin\u00e1rios, capacita\u00e7\u00f5es aos\/as profissionais da sa\u00fade e seguran\u00e7a p\u00fablica e oficinas socioeducativas e sociojur\u00eddicas \u00e0 comunidade.<\/p>\n<p><strong>Equipe:<\/strong><\/p>\n<p>Ivonete Pereira (coordenadora);<br \/>\nCarla Cristina Nacke Conradi;<br \/>\nLidiane Karina Wents;<br \/>\nAirlon Lucas Heck;<br \/>\nGabriella Barrozo Garcia Rodrgiues;<br \/>\nJuliana Midori;<br \/>\nLuan Alisson Morotti;<\/p>\n","protected":false},"excerpt":{"rendered":"<p>O projeto \u00e9 desenvolvido via Laborat\u00f3rio de Pesquisas e Estudos de G\u00eanero \u2013 LAPEG da Universidade Estadual do Oeste do Paran\u00e1, UNIOESTE, Campus Marechal C\u00e2ndido Rondon, coordenado pela Professora Doutora Ivonete Pereira e composto por diversos pesquisadores\/as. Seus objetivos est\u00e3o centrados em fortalecer a rede de enfrentamento e combate \u00e0 viol\u00eancia contra as mulheres j\u00e1 [&hellip;]<\/p>\n","protected":false},"author":28,"featured_media":0,"parent":138,"menu_order":3,"comment_status":"closed","ping_status":"closed","template":"","meta":{"_exactmetrics_skip_tracking":false,"_exactmetrics_sitenote_active":false,"_exactmetrics_sitenote_note":"","_exactmetrics_sitenote_category":0,"footnotes":"","_links_to":"","_links_to_target":""},"class_list":["post-145","page","type-page","status-publish","hentry"],"_links":{"self":[{"href":"https:\/\/www3.unicentro.br\/midiaememoriasemfronteiras\/wp-json\/wp\/v2\/pages\/145","targetHints":{"allow":["GET"]}}],"collection":[{"href":"https:\/\/www3.unicentro.br\/midiaememoriasemfronteiras\/wp-json\/wp\/v2\/pages"}],"about":[{"href":"https:\/\/www3.unicentro.br\/midiaememoriasemfronteiras\/wp-json\/wp\/v2\/types\/page"}],"author":[{"embeddable":true,"href":"https:\/\/www3.unicentro.br\/midiaememoriasemfronteiras\/wp-json\/wp\/v2\/users\/28"}],"replies":[{"embeddable":true,"href":"https:\/\/www3.unicentro.br\/midiaememoriasemfronteiras\/wp-json\/wp\/v2\/comments?post=145"}],"version-history":[{"count":0,"href":"https:\/\/www3.unicentro.br\/midiaememoriasemfronteiras\/wp-json\/wp\/v2\/pages\/145\/revisions"}],"up":[{"embeddable":true,"href":"https:\/\/www3.unicentro.br\/midiaememoriasemfronteiras\/wp-json\/wp\/v2\/pages\/138"}],"wp:attachment":[{"href":"https:\/\/www3.unicentro.br\/midiaememoriasemfronteiras\/wp-json\/wp\/v2\/media?parent=145"}],"curies":[{"name":"wp","href":"https:\/\/api.w.org\/{rel}","templated":true}]}}