{"id":143,"date":"2017-06-28T14:42:25","date_gmt":"2017-06-28T17:42:25","guid":{"rendered":"https:\/\/www3.unicentro.br\/midiaememoriasemfronteiras\/?page_id=143"},"modified":"2017-08-22T21:47:34","modified_gmt":"2017-08-23T00:47:34","slug":"educacao-ambiental-para-cidades-sustentaveis-seguras-e-resilientes-em-municipios-da-regiao-oeste-do-parana","status":"publish","type":"page","link":"https:\/\/www3.unicentro.br\/midiaememoriasemfronteiras\/universidades\/unioeste\/educacao-ambiental-para-cidades-sustentaveis-seguras-e-resilientes-em-municipios-da-regiao-oeste-do-parana\/","title":{"rendered":"Educa\u00e7\u00e3o ambiental para cidades sustent\u00e1veis, seguras e resilientes em munic\u00edpios da regi\u00e3o oeste do Paran\u00e1"},"content":{"rendered":"<p>O Projeto tem como prop\u00f3sito prover estrutura acad\u00eamica e administrativa ao N\u00facleo de Educa\u00e7\u00e3o Ambiental da UNIOESTE, em articula\u00e7\u00e3o ao N\u00facleo de Educa\u00e7\u00e3o Ambiental a estrutura\u00e7\u00e3o do Centro de Estudos e Pesquisas sobre Desastres \u2013 CEPED UNIOESTE em parceria com o Quartel do Corpo de Bombeiros e Defesa Civil e, tamb\u00e9m com a Associa\u00e7\u00e3o dos Munic\u00edpios do Oeste do Paran\u00e1 (AMOP). Este n\u00facleo proposto na UNIOESTE busca integrar e articular as pol\u00edticas de Educa\u00e7\u00e3o Ambiental com prote\u00e7\u00e3o e desastres, tendo como o guarda-chuva das a\u00e7\u00f5es o Programa Cidades Sustent\u00e1veis e Cidades Resilientes, proposto pela Organiza\u00e7\u00e3o das Na\u00e7\u00f5es Unidas \u2013 ONU, cujos munic\u00edpios do Oeste do Paran\u00e1 j\u00e1 fizeram sua ades\u00e3o com assinatura pelos prefeitos Municipais. Em primeira fase, prioritariamente ser\u00e3o atendidos 4 (quatro) munic\u00edpios pilotos de Baixo IDH: Cascavel como munic\u00edpio sede e, Ramil\u00e2ndia (IDH 0,630), Diamante D\u2019oeste (IDH 0,644), Lindoeste (IDH 0,666).O projeto tem como objetivo a atua\u00e7\u00e3o nas \u00e1reas de ensino, pesquisa e extens\u00e3o relacionadas \u00e0s pol\u00edticas p\u00fablicas de Educa\u00e7\u00e3o Ambiental e social, prote\u00e7\u00e3o e defesa civil, buscando a redu\u00e7\u00e3o de riscos de desastres ambientais e sociais, com a finalidade de cooperar para o desenvolvimento t\u00e9cnico, cient\u00edfico e cultural, e de sua difus\u00e3o junto \u00e0 sociedade, contribuindo no processo de planejamento, articula\u00e7\u00e3o, coordena\u00e7\u00e3o e execu\u00e7\u00e3o do Programa Cidades Sustent\u00e1veis, Seguras e Resilientes, em projetos e a\u00e7\u00f5es que, direta ou indiretamente, possam resultar no desenvolvimento de pol\u00edticas p\u00fablicas, Educa\u00e7\u00e3o Ambiental, prote\u00e7\u00e3o e na redu\u00e7\u00e3o de riscos e desastres, seguran\u00e7a das cidades e qualidade de vida.<\/p>\n<p><strong>Equipe:<\/strong><\/p>\n<p>Irene Carniatto (coordenadora);<br \/>\nJuliete Gomes de Lara de Souza;<br \/>\nCarla Roberta Andretta Carneiro;<br \/>\nRenata Nicoski;<br \/>\nSchennia Ottaviano;<br \/>\nEduardo Luiz Gilnek;<\/p>\n","protected":false},"excerpt":{"rendered":"<p>O Projeto tem como prop\u00f3sito prover estrutura acad\u00eamica e administrativa ao N\u00facleo de Educa\u00e7\u00e3o Ambiental da UNIOESTE, em articula\u00e7\u00e3o ao N\u00facleo de Educa\u00e7\u00e3o Ambiental a estrutura\u00e7\u00e3o do Centro de Estudos e Pesquisas sobre Desastres \u2013 CEPED UNIOESTE em parceria com o Quartel do Corpo de Bombeiros e Defesa Civil e, tamb\u00e9m com a Associa\u00e7\u00e3o dos [&hellip;]<\/p>\n","protected":false},"author":28,"featured_media":0,"parent":138,"menu_order":2,"comment_status":"closed","ping_status":"closed","template":"","meta":{"_exactmetrics_skip_tracking":false,"_exactmetrics_sitenote_active":false,"_exactmetrics_sitenote_note":"","_exactmetrics_sitenote_category":0,"footnotes":"","_links_to":"","_links_to_target":""},"class_list":["post-143","page","type-page","status-publish","hentry"],"_links":{"self":[{"href":"https:\/\/www3.unicentro.br\/midiaememoriasemfronteiras\/wp-json\/wp\/v2\/pages\/143","targetHints":{"allow":["GET"]}}],"collection":[{"href":"https:\/\/www3.unicentro.br\/midiaememoriasemfronteiras\/wp-json\/wp\/v2\/pages"}],"about":[{"href":"https:\/\/www3.unicentro.br\/midiaememoriasemfronteiras\/wp-json\/wp\/v2\/types\/page"}],"author":[{"embeddable":true,"href":"https:\/\/www3.unicentro.br\/midiaememoriasemfronteiras\/wp-json\/wp\/v2\/users\/28"}],"replies":[{"embeddable":true,"href":"https:\/\/www3.unicentro.br\/midiaememoriasemfronteiras\/wp-json\/wp\/v2\/comments?post=143"}],"version-history":[{"count":0,"href":"https:\/\/www3.unicentro.br\/midiaememoriasemfronteiras\/wp-json\/wp\/v2\/pages\/143\/revisions"}],"up":[{"embeddable":true,"href":"https:\/\/www3.unicentro.br\/midiaememoriasemfronteiras\/wp-json\/wp\/v2\/pages\/138"}],"wp:attachment":[{"href":"https:\/\/www3.unicentro.br\/midiaememoriasemfronteiras\/wp-json\/wp\/v2\/media?parent=143"}],"curies":[{"name":"wp","href":"https:\/\/api.w.org\/{rel}","templated":true}]}}