{"id":138,"date":"2017-06-28T14:33:18","date_gmt":"2017-06-28T17:33:18","guid":{"rendered":"https:\/\/www3.unicentro.br\/midiaememoriasemfronteiras\/?page_id=138"},"modified":"2017-08-30T16:46:27","modified_gmt":"2017-08-30T19:46:27","slug":"unioeste","status":"publish","type":"page","link":"https:\/\/www3.unicentro.br\/midiaememoriasemfronteiras\/universidades\/unioeste\/","title":{"rendered":"Unioeste &#8211; Projetos em andamento"},"content":{"rendered":"<ul>\n<li><strong><a href=\"https:\/\/www3.unicentro.br\/midiaememoriasemfronteiras\/universidades\/unioeste\/avaliacao-e-acompanhamento-da-producao-de-leite-de-base-agroecologico-nos-assentamentos\/\" target=\"_blank\" rel=\"noopener\">Avalia\u00e7\u00e3o e acompanhamento da produ\u00e7\u00e3o de leite de base agroecol\u00f3gico nos assentamentos<\/a><\/strong><\/li>\n<li><strong><a href=\"https:\/\/www3.unicentro.br\/midiaememoriasemfronteiras\/universidades\/unioeste\/capacitacao-de-trabalhadores-da-atencao-basica-a-saude-para-o-uso-da-tecnologia-gene-xpert-para-diagnostico-e-acompanhamento-dos-doentes-de-tuberculose\/\" target=\"_blank\" rel=\"noopener\">Capacita\u00e7\u00e3o de trabalhadores da aten\u00e7\u00e3o b\u00e1sica \u00e0 sa\u00fade para o uso da tecnologia GENE XPERT para diagn\u00f3stico e acompanhamento dos doentes de tuberculose<\/a><\/strong><\/li>\n<li><strong><a href=\"https:\/\/www3.unicentro.br\/midiaememoriasemfronteiras\/universidades\/unioeste\/deteccao-e-prevencao-de-problemas-visuais\/\" target=\"_blank\" rel=\"noopener\">Detec\u00e7\u00e3o e preven\u00e7\u00e3o de problemas visuais<\/a><\/strong><\/li>\n<li><strong><a href=\"https:\/\/www3.unicentro.br\/midiaememoriasemfronteiras\/universidades\/unioeste\/educacao-ambiental-para-cidades-sustentaveis-seguras-e-resilientes-em-municipios-da-regiao-oeste-do-parana\/\" target=\"_blank\" rel=\"noopener\">Educa\u00e7\u00e3o ambiental para cidades sustent\u00e1veis, seguras e resilientes em munic\u00edpios da regi\u00e3o oeste do Paran\u00e1<\/a><\/strong><\/li>\n<li><strong><a href=\"https:\/\/www3.unicentro.br\/midiaememoriasemfronteiras\/universidades\/unioeste\/educacao-em-saude-sobre-toxoplasmose-em-centros-municipais-de-educacao-infantil-em-regiao-de-fronteira\/\" target=\"_blank\" rel=\"noopener\">Educa\u00e7\u00e3o em sa\u00fade sobre toxoplasmose em centros municipais de educa\u00e7\u00e3o infantil em regi\u00e3o de fronteira<\/a><\/strong><\/li>\n<li><strong><a href=\"https:\/\/www3.unicentro.br\/midiaememoriasemfronteiras\/universidades\/unioeste\/implantacao-de-sistemas-agroflorestais\/\" target=\"_blank\" rel=\"noopener\">Implanta\u00e7\u00e3o de sistemas agroflorestais<\/a><\/strong><\/li>\n<li><strong><a href=\"https:\/\/www3.unicentro.br\/midiaememoriasemfronteiras\/universidades\/unioeste\/memoria-e-identidade-do-povo-kaingang-t-i-rio-das-cobras\/\" target=\"_blank\" rel=\"noopener\">Mem\u00f3ria e identidade do povo Kaingang T. I Rio das Cobras<\/a><\/strong><\/li>\n<li><strong><a href=\"https:\/\/www3.unicentro.br\/midiaememoriasemfronteiras\/universidades\/unioeste\/nucleo-maria-da-penha-numape\/\" target=\"_blank\" rel=\"noopener\">N\u00facleo Maria da Penha &#8211; NUMAPE<\/a><\/strong><\/li>\n<li><strong><a href=\"https:\/\/www3.unicentro.br\/midiaememoriasemfronteiras\/universidades\/unioeste\/numape-violencia-contra-as-mulheres-e-politicas-publicas-afirmativas-no-oeste-do-parana\/\" target=\"_blank\" rel=\"noopener\">Numape: viol\u00eancia contra as mulheres e pol\u00edticas p\u00fablicas afirmativas no oeste do Paran\u00e1<\/a><\/strong><\/li>\n<li><strong><a href=\"https:\/\/www3.unicentro.br\/midiaememoriasemfronteiras\/universidades\/unioeste\/resa-rede-de-economia-solidaria-e-agroecologia\/\" target=\"_blank\" rel=\"noopener\">RESA &#8211; Rede de Economia Solid\u00e1ria e Agroecologia<\/a><\/strong><\/li>\n<li><strong><a href=\"https:\/\/www3.unicentro.br\/midiaememoriasemfronteiras\/universidades\/unioeste\/teatro-em-acao\/\" target=\"_blank\" rel=\"noopener\">Teatro em a\u00e7\u00e3o<\/a><\/strong><\/li>\n<\/ul>\n<p><a href=\"https:\/\/www3.unicentro.br\/midiaememoriasemfronteiras\/universidades\/unioeste\/educacao-ambiental-para-cidades-sustentaveis-seguras-e-resilientes-em-municipios-da-regiao-oeste-do-parana\/\" target=\"_blank\" rel=\"noopener\"><br \/>\n<\/a><a href=\"https:\/\/www3.unicentro.br\/midiaememoriasemfronteiras\/universidades\/unioeste\/implantacao-de-sistemas-agroflorestais\/\" target=\"_blank\" rel=\"noopener\"><br \/>\n<\/a><strong><a href=\"https:\/\/www3.unicentro.br\/midiaememoriasemfronteiras\/universidades\/unioeste\/avaliacao-e-acompanhamento-da-producao-de-leite-de-base-agroecologico-nos-assentamentos\/\" target=\"_blank\" rel=\"noopener\"><br \/>\n<\/a><\/strong><a href=\"https:\/\/www3.unicentro.br\/midiaememoriasemfronteiras\/universidades\/unioeste\/memoria-e-identidade-do-povo-kaingang-t-i-rio-das-cobras\/\" target=\"_blank\" rel=\"noopener\"><br \/>\n<\/a><a href=\"https:\/\/www3.unicentro.br\/midiaememoriasemfronteiras\/universidades\/unioeste\/capacitacao-de-trabalhadores-da-atencao-basica-a-saude-para-o-uso-da-tecnologia-gene-xpert-para-diagnostico-e-acompanhamento-dos-doentes-de-tuberculose\/\" target=\"_blank\" rel=\"noopener\"><strong><br \/>\n<\/strong><\/a><a href=\"https:\/\/www3.unicentro.br\/midiaememoriasemfronteiras\/universidades\/unioeste\/teatro-em-acao\/\" target=\"_blank\" rel=\"noopener\">Teatro em a\u00e7\u00e3o<br \/>\n<\/a><\/p>\n","protected":false},"excerpt":{"rendered":"<p>Avalia\u00e7\u00e3o e acompanhamento da produ\u00e7\u00e3o de leite de base agroecol\u00f3gico nos assentamentos Capacita\u00e7\u00e3o de trabalhadores da aten\u00e7\u00e3o b\u00e1sica \u00e0 sa\u00fade para o uso da tecnologia GENE XPERT para diagn\u00f3stico e acompanhamento dos doentes de tuberculose Detec\u00e7\u00e3o e preven\u00e7\u00e3o de problemas visuais Educa\u00e7\u00e3o ambiental para cidades sustent\u00e1veis, seguras e resilientes em munic\u00edpios da regi\u00e3o oeste do [&hellip;]<\/p>\n","protected":false},"author":28,"featured_media":0,"parent":17,"menu_order":4,"comment_status":"closed","ping_status":"closed","template":"","meta":{"_exactmetrics_skip_tracking":false,"_exactmetrics_sitenote_active":false,"_exactmetrics_sitenote_note":"","_exactmetrics_sitenote_category":0,"footnotes":"","_links_to":"","_links_to_target":""},"class_list":["post-138","page","type-page","status-publish","hentry"],"_links":{"self":[{"href":"https:\/\/www3.unicentro.br\/midiaememoriasemfronteiras\/wp-json\/wp\/v2\/pages\/138","targetHints":{"allow":["GET"]}}],"collection":[{"href":"https:\/\/www3.unicentro.br\/midiaememoriasemfronteiras\/wp-json\/wp\/v2\/pages"}],"about":[{"href":"https:\/\/www3.unicentro.br\/midiaememoriasemfronteiras\/wp-json\/wp\/v2\/types\/page"}],"author":[{"embeddable":true,"href":"https:\/\/www3.unicentro.br\/midiaememoriasemfronteiras\/wp-json\/wp\/v2\/users\/28"}],"replies":[{"embeddable":true,"href":"https:\/\/www3.unicentro.br\/midiaememoriasemfronteiras\/wp-json\/wp\/v2\/comments?post=138"}],"version-history":[{"count":0,"href":"https:\/\/www3.unicentro.br\/midiaememoriasemfronteiras\/wp-json\/wp\/v2\/pages\/138\/revisions"}],"up":[{"embeddable":true,"href":"https:\/\/www3.unicentro.br\/midiaememoriasemfronteiras\/wp-json\/wp\/v2\/pages\/17"}],"wp:attachment":[{"href":"https:\/\/www3.unicentro.br\/midiaememoriasemfronteiras\/wp-json\/wp\/v2\/media?parent=138"}],"curies":[{"name":"wp","href":"https:\/\/api.w.org\/{rel}","templated":true}]}}