{"id":132,"date":"2017-06-28T14:18:30","date_gmt":"2017-06-28T17:18:30","guid":{"rendered":"https:\/\/www3.unicentro.br\/midiaememoriasemfronteiras\/?page_id=132"},"modified":"2017-08-22T21:47:02","modified_gmt":"2017-08-23T00:47:02","slug":"vivenciando-a-economia-solidaria","status":"publish","type":"page","link":"https:\/\/www3.unicentro.br\/midiaememoriasemfronteiras\/universidades\/uepg\/vivenciando-a-economia-solidaria\/","title":{"rendered":"Vivenciando a economia solid\u00e1ria"},"content":{"rendered":"<p>A IESol \u2013 Incubadora de Empreendimentos Solid\u00e1rios \u00e9 um programa de extens\u00e3o da Universidade Estadual de Ponta Grossa, vinculado \u00e0 Pr\u00f3-Reitoria de Extens\u00e3o e Assuntos Culturais (PROEX), criado em 2005, com objetivo de apoiar grupos de gera\u00e7\u00e3o de trabalho e renda organizados nos princ\u00edpios da economia solid\u00e1ria (associa\u00e7\u00f5es, cooperativas, grupos informais, redes de produtores e consumidores, etc) e fomentar a economia solid\u00e1ria na regi\u00e3o dos Campos Gerais de Ponta Grossa \u2013 PR. A incubadora \u00e9 vinculada a rede de Incubadoras Tecnol\u00f3gicas de Cooperativas Populares (ITCPs) e trabalha com os seguintes eixos tem\u00e1ticos: reciclagem; artesanato; agricultura familiar e camponesa e redes. Os objetivos do projeto s\u00e3o: promover o fortalecimento dos empreendimentos economicos solid\u00e1rios apoiados pea IESol, realizar a\u00e7\u00f5es de incuba\u00e7\u00e3o em empreendimentos econ\u00f4micos solid\u00e1rios em fase inicial, assessorar grupos apoiados pela IESol em fase de desincuba\u00e7\u00e3o, fortalecer a integra\u00e7\u00e3o em redes de economia solid\u00e1ria, realizar a\u00e7\u00f5es de forma\u00e7\u00e3o e divulga\u00e7\u00e3o sobre os princ\u00edpios da economia solid\u00e1ria, promover a reflex\u00e3o acad\u00eamica nas tem\u00e1ticas vinculadas \u00e0 economia solid\u00e1ria.<\/p>\n<p>Os benefici\u00e1rios s\u00e3o trabalhadores e trabalhadoras de empreendimentos econ\u00f4micos solid\u00e1rios apoiados pela IESol. Estas pessoas fazem parte de grupos de mulheres, assentados da reforma agr\u00e1ria, catadores de materiais recicl\u00e1veis, artes\u00e3s; usu\u00e1rios de servi\u00e7os de sa\u00fade mental as quais t\u00eam um tra\u00e7o comum por estarem em diferentes n\u00edveis de vulnerabilidade social. Estes benefici\u00e1rios est\u00e3o organizados em grupos nos munic\u00edpios de Ponta Grossa, Castro, Porto Amazonas e Irati e munic\u00edpio participantes da REDP \u2013 Rede de\u00a0 Educa\u00e7\u00e3o Popular do Paran\u00e1 com sede neste \u00faltimo munic\u00edpio. O projeto ter\u00e1 como benefici\u00e1rios diretos cerca de 90 fam\u00edlias e indiretamente um p\u00fablico de 450 pessoas.<\/p>\n<p><strong>Equipe:<\/strong><\/p>\n<p>Reidy Rolim de Moura (coordenador);<br \/>\nLuciane Gomes Pereira;<br \/>\nCamila Sopko;<br \/>\nFrancisco Salau Brasil ;<br \/>\nKaroline Dutra Szul;<br \/>\nDouglas Aparecido Claudino Batista;<\/p>\n","protected":false},"excerpt":{"rendered":"<p>A IESol \u2013 Incubadora de Empreendimentos Solid\u00e1rios \u00e9 um programa de extens\u00e3o da Universidade Estadual de Ponta Grossa, vinculado \u00e0 Pr\u00f3-Reitoria de Extens\u00e3o e Assuntos Culturais (PROEX), criado em 2005, com objetivo de apoiar grupos de gera\u00e7\u00e3o de trabalho e renda organizados nos princ\u00edpios da economia solid\u00e1ria (associa\u00e7\u00f5es, cooperativas, grupos informais, redes de produtores e [&hellip;]<\/p>\n","protected":false},"author":28,"featured_media":0,"parent":108,"menu_order":10,"comment_status":"closed","ping_status":"closed","template":"","meta":{"_exactmetrics_skip_tracking":false,"_exactmetrics_sitenote_active":false,"_exactmetrics_sitenote_note":"","_exactmetrics_sitenote_category":0,"footnotes":"","_links_to":"","_links_to_target":""},"class_list":["post-132","page","type-page","status-publish","hentry"],"_links":{"self":[{"href":"https:\/\/www3.unicentro.br\/midiaememoriasemfronteiras\/wp-json\/wp\/v2\/pages\/132","targetHints":{"allow":["GET"]}}],"collection":[{"href":"https:\/\/www3.unicentro.br\/midiaememoriasemfronteiras\/wp-json\/wp\/v2\/pages"}],"about":[{"href":"https:\/\/www3.unicentro.br\/midiaememoriasemfronteiras\/wp-json\/wp\/v2\/types\/page"}],"author":[{"embeddable":true,"href":"https:\/\/www3.unicentro.br\/midiaememoriasemfronteiras\/wp-json\/wp\/v2\/users\/28"}],"replies":[{"embeddable":true,"href":"https:\/\/www3.unicentro.br\/midiaememoriasemfronteiras\/wp-json\/wp\/v2\/comments?post=132"}],"version-history":[{"count":0,"href":"https:\/\/www3.unicentro.br\/midiaememoriasemfronteiras\/wp-json\/wp\/v2\/pages\/132\/revisions"}],"up":[{"embeddable":true,"href":"https:\/\/www3.unicentro.br\/midiaememoriasemfronteiras\/wp-json\/wp\/v2\/pages\/108"}],"wp:attachment":[{"href":"https:\/\/www3.unicentro.br\/midiaememoriasemfronteiras\/wp-json\/wp\/v2\/media?parent=132"}],"curies":[{"name":"wp","href":"https:\/\/api.w.org\/{rel}","templated":true}]}}