{"id":128,"date":"2017-06-28T14:14:10","date_gmt":"2017-06-28T17:14:10","guid":{"rendered":"https:\/\/www3.unicentro.br\/midiaememoriasemfronteiras\/?page_id=128"},"modified":"2017-06-28T14:14:10","modified_gmt":"2017-06-28T17:14:10","slug":"selo-socioambiental-produtos-da-agrofloresta-faxinalense","status":"publish","type":"page","link":"https:\/\/www3.unicentro.br\/midiaememoriasemfronteiras\/universidades\/uepg\/selo-socioambiental-produtos-da-agrofloresta-faxinalense\/","title":{"rendered":"Selo Socioambiental &#8211; Produtos da agrofloresta faxinalense"},"content":{"rendered":"<p>O projeto tem como finalidade o empoderamento e a inclus\u00e3o social das comunidades rurais faxinalenses por meio da capacita\u00e7\u00e3o sociot\u00e9cnica e o empoderamento jur\u00eddico e econ\u00f4mico de comunidades tradicionais faxinalenses do Estado do Paran\u00e1 buscando viabilizar propostas concretas de inclus\u00e3o social para o desenvolvimento sustent\u00e1vel dessas coletividades, no que tange as dimens\u00f5es jur\u00eddicas, agroecol\u00f3gicas, econ\u00f4micas, condizentes com as realidades socioecol\u00f3gicas e culturais dessas popula\u00e7\u00f5es.<\/p>\n<p><strong>Equipe:<\/strong><\/p>\n<p>Nicolas Floriani (coordenador);<br \/>\nDimas Floriani;<br \/>\nGladys Renn\u00e9 de Souza Sanchez;<br \/>\nAdelita Staniski;<br \/>\nAndrea Mayer Veiga;<br \/>\nSandra Engelmann;<br \/>\nTiago Augusto Barbosa;<br \/>\nMiriano Araujo Serrato;<br \/>\nAncelmo Schoerner;<br \/>\nFranciele Moreto;<br \/>\nTamires dos Santos Benki;<\/p>\n","protected":false},"excerpt":{"rendered":"<p>O projeto tem como finalidade o empoderamento e a inclus\u00e3o social das comunidades rurais faxinalenses por meio da capacita\u00e7\u00e3o sociot\u00e9cnica e o empoderamento jur\u00eddico e econ\u00f4mico de comunidades tradicionais faxinalenses do Estado do Paran\u00e1 buscando viabilizar propostas concretas de inclus\u00e3o social para o desenvolvimento sustent\u00e1vel dessas coletividades, no que tange as dimens\u00f5es jur\u00eddicas, agroecol\u00f3gicas, econ\u00f4micas, [&hellip;]<\/p>\n","protected":false},"author":28,"featured_media":0,"parent":108,"menu_order":9,"comment_status":"closed","ping_status":"closed","template":"","meta":{"_exactmetrics_skip_tracking":false,"_exactmetrics_sitenote_active":false,"_exactmetrics_sitenote_note":"","_exactmetrics_sitenote_category":0,"footnotes":"","_links_to":"","_links_to_target":""},"class_list":["post-128","page","type-page","status-publish","hentry"],"_links":{"self":[{"href":"https:\/\/www3.unicentro.br\/midiaememoriasemfronteiras\/wp-json\/wp\/v2\/pages\/128","targetHints":{"allow":["GET"]}}],"collection":[{"href":"https:\/\/www3.unicentro.br\/midiaememoriasemfronteiras\/wp-json\/wp\/v2\/pages"}],"about":[{"href":"https:\/\/www3.unicentro.br\/midiaememoriasemfronteiras\/wp-json\/wp\/v2\/types\/page"}],"author":[{"embeddable":true,"href":"https:\/\/www3.unicentro.br\/midiaememoriasemfronteiras\/wp-json\/wp\/v2\/users\/28"}],"replies":[{"embeddable":true,"href":"https:\/\/www3.unicentro.br\/midiaememoriasemfronteiras\/wp-json\/wp\/v2\/comments?post=128"}],"version-history":[{"count":0,"href":"https:\/\/www3.unicentro.br\/midiaememoriasemfronteiras\/wp-json\/wp\/v2\/pages\/128\/revisions"}],"up":[{"embeddable":true,"href":"https:\/\/www3.unicentro.br\/midiaememoriasemfronteiras\/wp-json\/wp\/v2\/pages\/108"}],"wp:attachment":[{"href":"https:\/\/www3.unicentro.br\/midiaememoriasemfronteiras\/wp-json\/wp\/v2\/media?parent=128"}],"curies":[{"name":"wp","href":"https:\/\/api.w.org\/{rel}","templated":true}]}}