{"id":118,"date":"2017-06-28T11:14:56","date_gmt":"2017-06-28T14:14:56","guid":{"rendered":"https:\/\/www3.unicentro.br\/midiaememoriasemfronteiras\/?page_id=118"},"modified":"2017-06-28T11:14:56","modified_gmt":"2017-06-28T14:14:56","slug":"assessoria-para-a-implantacao-do-protocolo-de-atendimento-as-vitimas-de-violencia-intrafamiliar","status":"publish","type":"page","link":"https:\/\/www3.unicentro.br\/midiaememoriasemfronteiras\/universidades\/uepg\/assessoria-para-a-implantacao-do-protocolo-de-atendimento-as-vitimas-de-violencia-intrafamiliar\/","title":{"rendered":"Assessoria para a implanta\u00e7\u00e3o do protocolo de atendimento \u00e0s v\u00edtimas de viol\u00eancia intrafamiliar"},"content":{"rendered":"<p>O projeto tem por objetivo assessorar os profissionais vinculados ao Hospital Universit\u00e1rio Regional dos Campos Gerais Wallace Thadeu de Mello e Silva na constru\u00e7\u00e3o e implanta\u00e7\u00e3o do protocolo de atendimento \u00e0s v\u00edtimas de viol\u00eancia intrafamiliar, buscando propiciar um atendimento humanizado para mulheres, idosos, crian\u00e7as e adolescentes que cheguem at\u00e9 a institui\u00e7\u00e3o, ap\u00f3s ter sofrido algum tipo de viol\u00eancia e necessitar de atendimentos na \u00e1rea de sa\u00fade.<br \/>\nPara tanto realizar\u00e1 oficinas de capacita\u00e7\u00e3o sobre temas correlatos ao trabalho, al\u00e9m de reuni\u00f5es de assessoria peri\u00f3dicas com os diversos profissionais que atuam no Hospital para padronizar procedimentos sobre o acolhimento das v\u00edtimas, realiza\u00e7\u00e3o de exames necess\u00e1rios \u00e0 prote\u00e7\u00e3o das v\u00edtimas de poss\u00edveis DSTs\/AIDS e gravidez decorrente de viol\u00eancia sexual, fluxos e responsabilidade de cada \u00e1rea profissional, al\u00e9m de encaminhamentos necess\u00e1rios a continuidade do atendimento na rede de prote\u00e7\u00e3o dos munic\u00edpios da regi\u00e3o dos Campos Gerais.<\/p>\n<p><strong>Equipe:<\/strong><\/p>\n<p>Cleide Lavoratti (coordenadora);<\/p>\n","protected":false},"excerpt":{"rendered":"<p>O projeto tem por objetivo assessorar os profissionais vinculados ao Hospital Universit\u00e1rio Regional dos Campos Gerais Wallace Thadeu de Mello e Silva na constru\u00e7\u00e3o e implanta\u00e7\u00e3o do protocolo de atendimento \u00e0s v\u00edtimas de viol\u00eancia intrafamiliar, buscando propiciar um atendimento humanizado para mulheres, idosos, crian\u00e7as e adolescentes que cheguem at\u00e9 a institui\u00e7\u00e3o, ap\u00f3s ter sofrido algum [&hellip;]<\/p>\n","protected":false},"author":28,"featured_media":0,"parent":108,"menu_order":4,"comment_status":"closed","ping_status":"closed","template":"","meta":{"_exactmetrics_skip_tracking":false,"_exactmetrics_sitenote_active":false,"_exactmetrics_sitenote_note":"","_exactmetrics_sitenote_category":0,"footnotes":"","_links_to":"","_links_to_target":""},"class_list":["post-118","page","type-page","status-publish","hentry"],"_links":{"self":[{"href":"https:\/\/www3.unicentro.br\/midiaememoriasemfronteiras\/wp-json\/wp\/v2\/pages\/118","targetHints":{"allow":["GET"]}}],"collection":[{"href":"https:\/\/www3.unicentro.br\/midiaememoriasemfronteiras\/wp-json\/wp\/v2\/pages"}],"about":[{"href":"https:\/\/www3.unicentro.br\/midiaememoriasemfronteiras\/wp-json\/wp\/v2\/types\/page"}],"author":[{"embeddable":true,"href":"https:\/\/www3.unicentro.br\/midiaememoriasemfronteiras\/wp-json\/wp\/v2\/users\/28"}],"replies":[{"embeddable":true,"href":"https:\/\/www3.unicentro.br\/midiaememoriasemfronteiras\/wp-json\/wp\/v2\/comments?post=118"}],"version-history":[{"count":0,"href":"https:\/\/www3.unicentro.br\/midiaememoriasemfronteiras\/wp-json\/wp\/v2\/pages\/118\/revisions"}],"up":[{"embeddable":true,"href":"https:\/\/www3.unicentro.br\/midiaememoriasemfronteiras\/wp-json\/wp\/v2\/pages\/108"}],"wp:attachment":[{"href":"https:\/\/www3.unicentro.br\/midiaememoriasemfronteiras\/wp-json\/wp\/v2\/media?parent=118"}],"curies":[{"name":"wp","href":"https:\/\/api.w.org\/{rel}","templated":true}]}}